{"id":9583,"date":"2023-01-09T20:13:45","date_gmt":"2023-01-09T17:13:45","guid":{"rendered":"https:\/\/www.kameks.net\/?page_id=9583"},"modified":"2023-03-16T13:06:21","modified_gmt":"2023-03-16T10:06:21","slug":"performans-eksantrik-milleri","status":"publish","type":"page","link":"http:\/\/www.kameks.net\/en\/urunler\/performans-eksantrik-milleri\/","title":{"rendered":"Racing &amp; Performance Camshafts"},"content":{"rendered":"<div data-elementor-type=\"wp-page\" data-elementor-id=\"9583\" class=\"elementor elementor-9583\">\n\t\t\t\t\t\t<section class=\"elementor-section elementor-top-section elementor-element elementor-element-82642e5 elementor-section-boxed elementor-section-height-default elementor-section-height-default mkdf-parallax-row-no mkdf-content-aligment-left mkdf-elementor-row-grid-no mkdf-disabled-bg-image-bellow-no mkdf-row-btt-light\" data-id=\"82642e5\" data-element_type=\"section\">\n\t\t\t\t\t\t<div class=\"elementor-container elementor-column-gap-default\">\n\t\t\t\t\t<div class=\"elementor-column elementor-col-33 elementor-top-column elementor-element elementor-element-77d13dd\" data-id=\"77d13dd\" data-element_type=\"column\">\n\t\t\t<div class=\"elementor-widget-wrap elementor-element-populated\">\n\t\t\t\t\t\t<div class=\"elementor-element elementor-element-313e758 elementor-widget elementor-widget-mkdf_icon_with_text\" data-id=\"313e758\" data-element_type=\"widget\" data-widget_type=\"mkdf_icon_with_text.default\">\n\t\t\t\t<div class=\"elementor-widget-container\">\n\t\t\t\t\t<div class=\"mkdf-iwt clearfix  mkdf-iwt-icon-left-from-title  mkdf-iwt-icon-medium\" data-title-color=\"#000000\">\n\t<div class=\"mkdf-iwt-content\" >\n\t\t\t\t\t<h4 class=\"mkdf-iwt-title\" style=\"color: #000000;margin-top: -4px\">\n\t\t\t\t\t\t\t\t\t<a itemprop=\"url\" href=\"https:\/\/www.kameks.net\/en\/urunler\/standart-eksantrik-milleri\/\" target=\"_self\">\n\t\t\t\t\t\t\t\t\t<span class=\"mkdf-iwt-icon\">\n\t\t\t\t\t\t\t\t\t\t\t\t\t<img decoding=\"async\" width=\"83\" height=\"92\" src=\"http:\/\/www.kameks.net\/wp-content\/uploads\/2023\/01\/Mil-icon-1.png\" class=\"attachment-full size-full\" alt=\"\" \/>                        \t\t\t\t\t<\/span>\n\t\t\t\t\t<span class=\"mkdf-iwt-title-text\">Standard Camshafts<\/span>\n\t\t\t\t\t\t\t\t\t<\/a>\n\t\t\t\t\t\t\t<\/h4>\n\t\t\t\t\t\t\t<p class=\"mkdf-iwt-text\" style=\"margin-top: 14px\">Our products are made with original production technical standards and are used for diesel, petrol and LPG engine vehicles.\n<\/p>\n\t\t\t<\/div>\n<\/div>\t\t\t\t<\/div>\n\t\t\t\t<\/div>\n\t\t\t\t\t<\/div>\n\t\t<\/div>\n\t\t\t\t<div class=\"elementor-column elementor-col-33 elementor-top-column elementor-element elementor-element-f5c9c96\" data-id=\"f5c9c96\" data-element_type=\"column\">\n\t\t\t<div class=\"elementor-widget-wrap elementor-element-populated\">\n\t\t\t\t\t\t<div class=\"elementor-element elementor-element-7d94b37 elementor-widget elementor-widget-mkdf_icon_with_text\" data-id=\"7d94b37\" data-element_type=\"widget\" data-widget_type=\"mkdf_icon_with_text.default\">\n\t\t\t\t<div class=\"elementor-widget-container\">\n\t\t\t\t\t<div class=\"mkdf-iwt clearfix  mkdf-iwt-icon-left-from-title  mkdf-iwt-icon-medium\" data-title-color=\"#000000\">\n\t<div class=\"mkdf-iwt-content\" >\n\t\t\t\t\t<h4 class=\"mkdf-iwt-title\" style=\"color: #000000;margin-top: -4px\">\n\t\t\t\t\t\t\t\t\t<a itemprop=\"url\" href=\"https:\/\/www.kameks.net\/en\/urunler\/performans-eksantrik-milleri\/\" target=\"_self\">\n\t\t\t\t\t\t\t\t\t<span class=\"mkdf-iwt-icon\">\n\t\t\t\t\t\t\t\t\t\t\t\t\t<img decoding=\"async\" width=\"83\" height=\"92\" src=\"http:\/\/www.kameks.net\/wp-content\/uploads\/2023\/01\/Mil-icon-1.png\" class=\"attachment-full size-full\" alt=\"\" \/>                        \t\t\t\t\t<\/span>\n\t\t\t\t\t<span class=\"mkdf-iwt-title-text\">Racing &amp; Performance Camshafts<\/span>\n\t\t\t\t\t\t\t\t\t<\/a>\n\t\t\t\t\t\t\t<\/h4>\n\t\t\t\t\t\t\t<p class=\"mkdf-iwt-text\" style=\"margin-top: 14px\">The CNC machines in our production department allow us to make precise production of different cam profiles and degrees.\n<\/p>\n\t\t\t<\/div>\n<\/div>\t\t\t\t<\/div>\n\t\t\t\t<\/div>\n\t\t\t\t\t<\/div>\n\t\t<\/div>\n\t\t\t\t<div class=\"elementor-column elementor-col-33 elementor-top-column elementor-element elementor-element-ca49ae8\" data-id=\"ca49ae8\" data-element_type=\"column\">\n\t\t\t<div class=\"elementor-widget-wrap elementor-element-populated\">\n\t\t\t\t\t\t<div class=\"elementor-element elementor-element-ac0c043 elementor-widget elementor-widget-mkdf_icon_with_text\" data-id=\"ac0c043\" data-element_type=\"widget\" data-widget_type=\"mkdf_icon_with_text.default\">\n\t\t\t\t<div class=\"elementor-widget-container\">\n\t\t\t\t\t<div class=\"mkdf-iwt clearfix  mkdf-iwt-icon-left-from-title  mkdf-iwt-icon-medium\" data-title-color=\"#000000\">\n\t<div class=\"mkdf-iwt-content\" >\n\t\t\t\t\t<h4 class=\"mkdf-iwt-title\" style=\"color: #000000;margin-top: -4px\">\n\t\t\t\t\t\t\t\t\t<a itemprop=\"url\" href=\"https:\/\/www.kameks.net\/en\/urunler\/ozel-eksantrik-milleri\/\" target=\"_self\">\n\t\t\t\t\t\t\t\t\t<span class=\"mkdf-iwt-icon\">\n\t\t\t\t\t\t\t\t\t\t\t\t\t<img decoding=\"async\" width=\"83\" height=\"92\" src=\"http:\/\/www.kameks.net\/wp-content\/uploads\/2023\/01\/Mil-icon-1.png\" class=\"attachment-full size-full\" alt=\"\" \/>                        \t\t\t\t\t<\/span>\n\t\t\t\t\t<span class=\"mkdf-iwt-title-text\">Custom Camshafts<\/span>\n\t\t\t\t\t\t\t\t\t<\/a>\n\t\t\t\t\t\t\t<\/h4>\n\t\t\t\t\t\t\t<p class=\"mkdf-iwt-text\" style=\"margin-top: 14px\">In different mechanisms\nused camshaft production\nrequests are also made by our company.\nis met.\n\n<\/p>\n\t\t\t<\/div>\n<\/div>\t\t\t\t<\/div>\n\t\t\t\t<\/div>\n\t\t\t\t\t<\/div>\n\t\t<\/div>\n\t\t\t\t\t<\/div>\n\t\t<\/section>\n\t\t\t\t<section class=\"elementor-section elementor-top-section elementor-element elementor-element-32d5425 elementor-section-boxed elementor-section-height-default elementor-section-height-default mkdf-parallax-row-no mkdf-content-aligment-left mkdf-elementor-row-grid-no mkdf-disabled-bg-image-bellow-no mkdf-row-btt-light\" data-id=\"32d5425\" data-element_type=\"section\">\n\t\t\t\t\t\t<div class=\"elementor-container elementor-column-gap-default\">\n\t\t\t\t\t<div class=\"elementor-column elementor-col-100 elementor-top-column elementor-element elementor-element-4e7fc85\" data-id=\"4e7fc85\" data-element_type=\"column\">\n\t\t\t<div class=\"elementor-widget-wrap elementor-element-populated\">\n\t\t\t\t\t\t<div class=\"elementor-element elementor-element-f809dea elementor-widget elementor-widget-spacer\" data-id=\"f809dea\" data-element_type=\"widget\" data-widget_type=\"spacer.default\">\n\t\t\t\t<div class=\"elementor-widget-container\">\n\t\t\t\t\t\t\t<div class=\"elementor-spacer\">\n\t\t\t<div class=\"elementor-spacer-inner\"><\/div>\n\t\t<\/div>\n\t\t\t\t\t\t<\/div>\n\t\t\t\t<\/div>\n\t\t\t\t\t<\/div>\n\t\t<\/div>\n\t\t\t\t\t<\/div>\n\t\t<\/section>\n\t\t\t\t<section class=\"elementor-section elementor-top-section elementor-element elementor-element-5d68427 elementor-section-boxed elementor-section-height-default elementor-section-height-default mkdf-parallax-row-no mkdf-content-aligment-left mkdf-elementor-row-grid-no mkdf-disabled-bg-image-bellow-no mkdf-row-btt-light\" data-id=\"5d68427\" data-element_type=\"section\">\n\t\t\t\t\t\t<div class=\"elementor-container elementor-column-gap-default\">\n\t\t\t\t\t<div class=\"elementor-column elementor-col-50 elementor-top-column elementor-element elementor-element-6987a39\" data-id=\"6987a39\" data-element_type=\"column\">\n\t\t\t<div class=\"elementor-widget-wrap elementor-element-populated\">\n\t\t\t\t\t\t<div class=\"elementor-element elementor-element-d3f6508 elementor-widget elementor-widget-image\" data-id=\"d3f6508\" data-element_type=\"widget\" data-widget_type=\"image.default\">\n\t\t\t\t<div class=\"elementor-widget-container\">\n\t\t\t\t\t\t\t\t\t\t\t\t\t\t\t<img fetchpriority=\"high\" decoding=\"async\" width=\"1024\" height=\"683\" src=\"http:\/\/www.kameks.net\/wp-content\/uploads\/2023\/01\/DSC_2446-1024x683.jpg\" class=\"attachment-large size-large wp-image-9640\" alt=\"\" srcset=\"http:\/\/www.kameks.net\/wp-content\/uploads\/2023\/01\/DSC_2446-1024x683.jpg 1024w, http:\/\/www.kameks.net\/wp-content\/uploads\/2023\/01\/DSC_2446-300x200.jpg 300w, http:\/\/www.kameks.net\/wp-content\/uploads\/2023\/01\/DSC_2446-150x100.jpg 150w, http:\/\/www.kameks.net\/wp-content\/uploads\/2023\/01\/DSC_2446-768x512.jpg 768w, http:\/\/www.kameks.net\/wp-content\/uploads\/2023\/01\/DSC_2446-1536x1024.jpg 1536w\" sizes=\"(max-width: 1024px) 100vw, 1024px\" \/>\t\t\t\t\t\t\t\t\t\t\t\t\t\t\t<\/div>\n\t\t\t\t<\/div>\n\t\t\t\t\t<\/div>\n\t\t<\/div>\n\t\t\t\t<div class=\"elementor-column elementor-col-50 elementor-top-column elementor-element elementor-element-4ada66b\" data-id=\"4ada66b\" data-element_type=\"column\">\n\t\t\t<div class=\"elementor-widget-wrap elementor-element-populated\">\n\t\t\t\t\t\t<div class=\"elementor-element elementor-element-48e6767 elementor-widget elementor-widget-text-editor\" data-id=\"48e6767\" data-element_type=\"widget\" data-widget_type=\"text-editor.default\">\n\t\t\t\t<div class=\"elementor-widget-container\">\n\t\t\t\t\t\t\t\t\t<p>Kameks  delivers products demanded in performance markets in reasonable time and reliable conditions. Inquiries received with samples or technical drawings are examined comprehensively by our expert product development personnel and products are manufactured to meet full customer satisfaction.<\/p><p>The CNC machines in our production department allow us to make precise production of different cam profiles and degrees.<\/p>\t\t\t\t\t\t\t\t<\/div>\n\t\t\t\t<\/div>\n\t\t\t\t\t<\/div>\n\t\t<\/div>\n\t\t\t\t\t<\/div>\n\t\t<\/section>\n\t\t\t\t<\/div>","protected":false},"excerpt":{"rendered":"<p>STANDART EKSANTR\u0130K M\u0130LLER\u0130 Orijinal \u00fcr\u00fcn teknik standartlar\u0131n\u0131 ta\u015f\u0131yan \u00fcr\u00fcnlerimiz dizel, benzinli ve LPG motorlu ta\u015f\u0131tlarda g\u00fcvenle kullan\u0131l\u0131yor. PERFORMANS EKSANTR\u0130K M\u0130LLER\u0130 \u00dcretim b\u00f6l\u00fcm\u00fcm\u00fczde bulunan CNC tipi \u00fcretim tezgahlar\u0131 farkl\u0131 kam profil ve derecelerinde hassas \u00fcretim yapma avantaj\u0131 sa\u011fl\u0131yor. \u00d6ZEL EKSANTR\u0130K M\u0130LLER\u0130 [&hellip;]<\/p>","protected":false},"author":1,"featured_media":0,"parent":9404,"menu_order":0,"comment_status":"closed","ping_status":"closed","template":"","meta":{"footnotes":""},"yst_prominent_words":[],"class_list":["post-9583","page","type-page","status-publish","hentry"],"_links":{"self":[{"href":"http:\/\/www.kameks.net\/en\/wp-json\/wp\/v2\/pages\/9583","targetHints":{"allow":["GET"]}}],"collection":[{"href":"http:\/\/www.kameks.net\/en\/wp-json\/wp\/v2\/pages"}],"about":[{"href":"http:\/\/www.kameks.net\/en\/wp-json\/wp\/v2\/types\/page"}],"author":[{"embeddable":true,"href":"http:\/\/www.kameks.net\/en\/wp-json\/wp\/v2\/users\/1"}],"replies":[{"embeddable":true,"href":"http:\/\/www.kameks.net\/en\/wp-json\/wp\/v2\/comments?post=9583"}],"version-history":[{"count":24,"href":"http:\/\/www.kameks.net\/en\/wp-json\/wp\/v2\/pages\/9583\/revisions"}],"predecessor-version":[{"id":10217,"href":"http:\/\/www.kameks.net\/en\/wp-json\/wp\/v2\/pages\/9583\/revisions\/10217"}],"up":[{"embeddable":true,"href":"http:\/\/www.kameks.net\/en\/wp-json\/wp\/v2\/pages\/9404"}],"wp:attachment":[{"href":"http:\/\/www.kameks.net\/en\/wp-json\/wp\/v2\/media?parent=9583"}],"wp:term":[{"taxonomy":"yst_prominent_words","embeddable":true,"href":"http:\/\/www.kameks.net\/en\/wp-json\/wp\/v2\/yst_prominent_words?post=9583"}],"curies":[{"name":"wp","href":"https:\/\/api.w.org\/{rel}","templated":true}]}}