{"id":10346,"date":"2023-03-05T17:30:22","date_gmt":"2023-03-05T14:30:22","guid":{"rendered":"https:\/\/www.kameks.net\/?page_id=10346"},"modified":"2023-03-05T17:44:00","modified_gmt":"2023-03-05T14:44:00","slug":"kalite-politikamiz","status":"publish","type":"page","link":"https:\/\/www.kameks.net\/en\/kalite-politikamiz\/","title":{"rendered":"Our quality policy"},"content":{"rendered":"<div data-elementor-type=\"wp-page\" data-elementor-id=\"10346\" class=\"elementor elementor-10346\">\n\t\t\t\t\t\t<section class=\"elementor-section elementor-top-section elementor-element elementor-element-1d4b23c elementor-section-boxed elementor-section-height-default elementor-section-height-default mkdf-parallax-row-no mkdf-content-aligment-left mkdf-elementor-row-grid-no mkdf-disabled-bg-image-bellow-no mkdf-row-btt-light\" data-id=\"1d4b23c\" data-element_type=\"section\">\n\t\t\t\t\t\t<div class=\"elementor-container elementor-column-gap-default\">\n\t\t\t\t\t<div class=\"elementor-column elementor-col-50 elementor-top-column elementor-element elementor-element-4df399b\" data-id=\"4df399b\" data-element_type=\"column\">\n\t\t\t<div class=\"elementor-widget-wrap elementor-element-populated\">\n\t\t\t\t\t\t<div class=\"elementor-element elementor-element-70f24e4 elementor-widget elementor-widget-heading\" data-id=\"70f24e4\" data-element_type=\"widget\" data-widget_type=\"heading.default\">\n\t\t\t\t<div class=\"elementor-widget-container\">\n\t\t\t\t\t<h4 class=\"elementor-heading-title elementor-size-default\">Quality<\/h4>\t\t\t\t<\/div>\n\t\t\t\t<\/div>\n\t\t\t\t<div class=\"elementor-element elementor-element-9941d14 elementor-widget elementor-widget-text-editor\" data-id=\"9941d14\" data-element_type=\"widget\" data-widget_type=\"text-editor.default\">\n\t\t\t\t<div class=\"elementor-widget-container\">\n\t\t\t\t\t\t\t\t\t<ul id=\"menu-standart-urunler-sol\" class=\"menu\">\n \t<li id=\"menu-item-6111\" class=\"menu-item menu-item-type-post_type menu-item-object-page menu-item-6111\"><a href=\"https:\/\/www.kameks.net\/en\/kalite\/\"><span style=\"color: #000000;\"><strong>Quality<\/strong><\/span><\/a><\/li>\n \t<li id=\"menu-item-6381\" class=\"menu-item menu-item-type-post_type menu-item-object-page menu-item-6381\"><a href=\"https:\/\/www.kameks.net\/en\/hakkimizda\/\"><span style=\"color: #000000;\"><strong>About Us<\/strong><\/span><\/a><\/li>\n<\/ul>\t\t\t\t\t\t\t\t<\/div>\n\t\t\t\t<\/div>\n\t\t\t\t\t<\/div>\n\t\t<\/div>\n\t\t\t\t<div class=\"elementor-column elementor-col-50 elementor-top-column elementor-element elementor-element-d93ca86\" data-id=\"d93ca86\" data-element_type=\"column\">\n\t\t\t<div class=\"elementor-widget-wrap elementor-element-populated\">\n\t\t\t\t\t\t<div class=\"elementor-element elementor-element-c3fe3f9 elementor-widget elementor-widget-heading\" data-id=\"c3fe3f9\" data-element_type=\"widget\" data-widget_type=\"heading.default\">\n\t\t\t\t<div class=\"elementor-widget-container\">\n\t\t\t\t\t<h4 class=\"elementor-heading-title elementor-size-default\">Our company has adopted the following principles as a quality policy.\n<\/h4>\t\t\t\t<\/div>\n\t\t\t\t<\/div>\n\t\t\t\t<div class=\"elementor-element elementor-element-8f20914 elementor-widget elementor-widget-text-editor\" data-id=\"8f20914\" data-element_type=\"widget\" data-widget_type=\"text-editor.default\">\n\t\t\t\t<div class=\"elementor-widget-container\">\n\t\t\t\t\t\t\t\t\t<ul><li>Based on stakeholder satisfaction and legal conditions in all our activities,<\/li><li>To increase the competence and awareness of our personnel by showing the necessary importance to education and awareness,<\/li><li>To ensure the effective use of resources and to increase productivity in order to ensure continuous development and improvement in all units of our business,<\/li><li>To fulfill the applicable requirements of ISO 9001:2015 Quality Management System Standard and to continuously improve its effectiveness.<\/li><\/ul>\t\t\t\t\t\t\t\t<\/div>\n\t\t\t\t<\/div>\n\t\t\t\t\t<\/div>\n\t\t<\/div>\n\t\t\t\t\t<\/div>\n\t\t<\/section>\n\t\t\t\t<\/div>","protected":false},"excerpt":{"rendered":"<p>Kalite Kalite Hakk\u0131m\u0131zda Firmam\u0131z a\u015fa\u011f\u0131daki ilkeleri kalite politikas\u0131 olarak benimsemi\u015ftir. B\u00fct\u00fcn faaliyetlerimizde payda\u015f memnuniyetini ve yasal ko\u015fullar\u0131 esas almak, E\u011fitim ve bilin\u00e7lendirmeye gereken \u00f6nemi g\u00f6stererek personelimizin yetkinli\u011fini ve fark\u0131ndal\u0131\u011f\u0131n\u0131 art\u0131rmak, \u0130\u015fletmemizin t\u00fcm birimlerinde s\u00fcrekli geli\u015fme ve iyile\u015ftirmeyi sa\u011flamak i\u00e7in kaynaklar\u0131n [&hellip;]<\/p>","protected":false},"author":1,"featured_media":0,"parent":0,"menu_order":0,"comment_status":"closed","ping_status":"closed","template":"","meta":{"footnotes":""},"yst_prominent_words":[],"class_list":["post-10346","page","type-page","status-publish","hentry"],"_links":{"self":[{"href":"https:\/\/www.kameks.net\/en\/wp-json\/wp\/v2\/pages\/10346","targetHints":{"allow":["GET"]}}],"collection":[{"href":"https:\/\/www.kameks.net\/en\/wp-json\/wp\/v2\/pages"}],"about":[{"href":"https:\/\/www.kameks.net\/en\/wp-json\/wp\/v2\/types\/page"}],"author":[{"embeddable":true,"href":"https:\/\/www.kameks.net\/en\/wp-json\/wp\/v2\/users\/1"}],"replies":[{"embeddable":true,"href":"https:\/\/www.kameks.net\/en\/wp-json\/wp\/v2\/comments?post=10346"}],"version-history":[{"count":7,"href":"https:\/\/www.kameks.net\/en\/wp-json\/wp\/v2\/pages\/10346\/revisions"}],"predecessor-version":[{"id":10354,"href":"https:\/\/www.kameks.net\/en\/wp-json\/wp\/v2\/pages\/10346\/revisions\/10354"}],"wp:attachment":[{"href":"https:\/\/www.kameks.net\/en\/wp-json\/wp\/v2\/media?parent=10346"}],"wp:term":[{"taxonomy":"yst_prominent_words","embeddable":true,"href":"https:\/\/www.kameks.net\/en\/wp-json\/wp\/v2\/yst_prominent_words?post=10346"}],"curies":[{"name":"wp","href":"https:\/\/api.w.org\/{rel}","templated":true}]}}