{"id":1458,"date":"2018-12-17T08:46:49","date_gmt":"2018-12-17T08:46:49","guid":{"rendered":"https:\/\/wilmer.qodeinteractive.com\/elementor\/?page_id=1458"},"modified":"2023-03-16T13:03:36","modified_gmt":"2023-03-16T10:03:36","slug":"hakkimizda","status":"publish","type":"page","link":"https:\/\/www.kameks.net\/en\/hakkimizda\/","title":{"rendered":"About Us"},"content":{"rendered":"<div data-elementor-type=\"wp-page\" data-elementor-id=\"1458\" class=\"elementor elementor-1458\">\n\t\t\t\t\t\t<section class=\"elementor-section elementor-top-section elementor-element elementor-element-ce5dd78 elementor-section-boxed elementor-section-height-default elementor-section-height-default mkdf-parallax-row-no mkdf-content-aligment-left mkdf-elementor-row-grid-no mkdf-disabled-bg-image-bellow-no mkdf-row-btt-light\" data-id=\"ce5dd78\" data-element_type=\"section\">\n\t\t\t\t\t\t<div class=\"elementor-container elementor-column-gap-default\">\n\t\t\t\t\t<div class=\"elementor-column elementor-col-100 elementor-top-column elementor-element elementor-element-b43bd46\" data-id=\"b43bd46\" data-element_type=\"column\">\n\t\t\t<div class=\"elementor-widget-wrap elementor-element-populated\">\n\t\t\t\t\t\t<div class=\"elementor-element elementor-element-bd8b4f8 elementor-widget elementor-widget-text-editor\" data-id=\"bd8b4f8\" data-element_type=\"widget\" data-widget_type=\"text-editor.default\">\n\t\t\t\t<div class=\"elementor-widget-container\">\n\t\t\t\t\t\t\t\t\t<h1><span style=\"color: #ff0000;\">KAMEKS CAMSHAFTS<\/span><\/h1>\t\t\t\t\t\t\t\t<\/div>\n\t\t\t\t<\/div>\n\t\t\t\t\t<\/div>\n\t\t<\/div>\n\t\t\t\t\t<\/div>\n\t\t<\/section>\n\t\t\t\t<section class=\"elementor-section elementor-top-section elementor-element elementor-element-fdc7167 elementor-section-boxed elementor-section-height-default elementor-section-height-default mkdf-parallax-row-no mkdf-content-aligment-left mkdf-elementor-row-grid-no mkdf-disabled-bg-image-bellow-no mkdf-row-btt-light\" data-id=\"fdc7167\" data-element_type=\"section\">\n\t\t\t\t\t\t<div class=\"elementor-container elementor-column-gap-default\">\n\t\t\t\t\t<div class=\"elementor-column elementor-col-100 elementor-top-column elementor-element elementor-element-fc8321a\" data-id=\"fc8321a\" data-element_type=\"column\">\n\t\t\t<div class=\"elementor-widget-wrap elementor-element-populated\">\n\t\t\t\t\t\t<div class=\"elementor-element elementor-element-b99eb91 elementor-widget elementor-widget-text-editor\" data-id=\"b99eb91\" data-element_type=\"widget\" data-widget_type=\"text-editor.default\">\n\t\t\t\t<div class=\"elementor-widget-container\">\n\t\t\t\t\t\t\t\t\t<p style=\"text-align: left;\">Kameks camshaft was founded in 1994 with the aim of manufacturing camshafts in Istanbul. Since our foundation, we have expanded and improved by means of various investments and have been manufacturing camshafts for internal combustion vehicle engines in accordance with market demands.<\/p><p style=\"text-align: left;\">Kameks camshaft serves our customers with a policy that focuses on a quality product and on-time delivery of camshafts to our valuable customers in domestic and international markets.<\/p><p style=\"text-align: left;\">Our company, which has ISO 9001: 2015 Quality Management System, produces camshafts for 510 types of engines of 37 different vehicle brands as of 2023 and develops new products in line with the demands of customers.<\/p><p style=\"text-align: left;\">Our company, which exports 70 percent of its production, exports to 20 different countries as of 2023.<\/p><p style=\"text-align: left;\">Combining its 29 years of experience and knowledge with technology and quality, KAMEKS continues its activities for the satisfaction of its stakeholders.<\/p>\t\t\t\t\t\t\t\t<\/div>\n\t\t\t\t<\/div>\n\t\t\t\t\t<\/div>\n\t\t<\/div>\n\t\t\t\t\t<\/div>\n\t\t<\/section>\n\t\t<div class=\"mkdf-elementor-row mkdf-row-with-bg-pattern\" style=\"\">\t\t<section class=\"elementor-section elementor-top-section elementor-element elementor-element-a50048f mkdf-elementor-row-grid-section elementor-section-boxed elementor-section-height-default elementor-section-height-default mkdf-parallax-row-no mkdf-content-aligment-left mkdf-disabled-bg-image-bellow-no mkdf-row-btt-light\" data-id=\"a50048f\" data-element_type=\"section\" data-settings=\"{&quot;background_background&quot;:&quot;classic&quot;}\">\n\t\t\t\t\t\t<div class=\"elementor-container elementor-column-gap-default\">\n\t\t\t\t\t<div class=\"elementor-column elementor-col-50 elementor-top-column elementor-element elementor-element-ae28ab8\" data-id=\"ae28ab8\" data-element_type=\"column\">\n\t\t\t<div class=\"elementor-widget-wrap elementor-element-populated\">\n\t\t\t\t\t\t<div class=\"elementor-element elementor-element-b6a2eb7 elementor-widget elementor-widget-image\" data-id=\"b6a2eb7\" data-element_type=\"widget\" data-widget_type=\"image.default\">\n\t\t\t\t<div class=\"elementor-widget-container\">\n\t\t\t\t\t\t\t\t\t\t\t\t\t\t\t<img fetchpriority=\"high\" decoding=\"async\" width=\"1024\" height=\"768\" src=\"https:\/\/www.kameks.net\/wp-content\/uploads\/2023\/03\/35-1-1024x768.jpg\" class=\"attachment-large size-large wp-image-10372\" alt=\"\" srcset=\"https:\/\/www.kameks.net\/wp-content\/uploads\/2023\/03\/35-1-1024x768.jpg 1024w, https:\/\/www.kameks.net\/wp-content\/uploads\/2023\/03\/35-1-300x225.jpg 300w, https:\/\/www.kameks.net\/wp-content\/uploads\/2023\/03\/35-1-133x100.jpg 133w, https:\/\/www.kameks.net\/wp-content\/uploads\/2023\/03\/35-1-768x576.jpg 768w, https:\/\/www.kameks.net\/wp-content\/uploads\/2023\/03\/35-1-1536x1152.jpg 1536w, https:\/\/www.kameks.net\/wp-content\/uploads\/2023\/03\/35-1-16x12.jpg 16w\" sizes=\"(max-width: 1024px) 100vw, 1024px\" \/>\t\t\t\t\t\t\t\t\t\t\t\t\t\t\t<\/div>\n\t\t\t\t<\/div>\n\t\t\t\t\t<\/div>\n\t\t<\/div>\n\t\t\t\t<div class=\"elementor-column elementor-col-50 elementor-top-column elementor-element elementor-element-a6f9b37\" data-id=\"a6f9b37\" data-element_type=\"column\">\n\t\t\t<div class=\"elementor-widget-wrap elementor-element-populated\">\n\t\t\t\t\t\t<div class=\"elementor-element elementor-element-73ff54c elementor-widget elementor-widget-mkdf_section_title\" data-id=\"73ff54c\" data-element_type=\"widget\" data-widget_type=\"mkdf_section_title.default\">\n\t\t\t\t<div class=\"elementor-widget-container\">\n\t\t\t\t\t<div class=\"mkdf-section-title-holder  mkdf-st-standard\" >\n\t<div class=\"mkdf-st-inner\">\n        \t\t\t\t\t<h2 class=\"mkdf-st-title\" >\n\t\t\t\tMISSION\t\t\t<\/h2>\n\t\t\t\t\t\t\t<p class=\"mkdf-st-text\" style=\"margin-top: 20px\">\n\t\t\t\tImproving our partners\u2019 satisfaction continuously while manufacturing camshafts for automotive sector with high quality standarts &amp; environmental sensitivity and in competitive conditions..\t\t\t<\/p>\n\t\t\t<\/div>\n<\/div>\t\t\t\t<\/div>\n\t\t\t\t<\/div>\n\t\t\t\t\t<\/div>\n\t\t<\/div>\n\t\t\t\t\t<\/div>\n\t\t<\/section>\n\t\t<div class=\"mkdf-row-background-pattern-holder\"><div class=\"mkdf-row-background-pattern-left\"><\/div><div class=\"mkdf-row-background-pattern-right\"><\/div><\/div><\/div><div class=\"mkdf-elementor-row mkdf-row-with-bg-pattern\" style=\"\">\t\t<section class=\"elementor-section elementor-top-section elementor-element elementor-element-23e284d mkdf-elementor-row-grid-section elementor-section-boxed elementor-section-height-default elementor-section-height-default mkdf-parallax-row-no mkdf-content-aligment-left mkdf-disabled-bg-image-bellow-no mkdf-row-btt-light\" data-id=\"23e284d\" data-element_type=\"section\" data-settings=\"{&quot;background_background&quot;:&quot;classic&quot;}\">\n\t\t\t\t\t\t<div class=\"elementor-container elementor-column-gap-default\">\n\t\t\t\t\t<div class=\"elementor-column elementor-col-50 elementor-top-column elementor-element elementor-element-a7529e7\" data-id=\"a7529e7\" data-element_type=\"column\">\n\t\t\t<div class=\"elementor-widget-wrap elementor-element-populated\">\n\t\t\t\t\t\t<div class=\"elementor-element elementor-element-fa54f20 elementor-widget elementor-widget-mkdf_section_title\" data-id=\"fa54f20\" data-element_type=\"widget\" data-widget_type=\"mkdf_section_title.default\">\n\t\t\t\t<div class=\"elementor-widget-container\">\n\t\t\t\t\t<div class=\"mkdf-section-title-holder  mkdf-st-standard\" >\n\t<div class=\"mkdf-st-inner\">\n        \t\t\t\t\t<h2 class=\"mkdf-st-title\" >\n\t\t\t\tVISION\t\t\t<\/h2>\n\t\t\t\t\t\t\t<p class=\"mkdf-st-text\" style=\"margin-top: 20px\">\n\t\t\t\tBeing a demanded manufacturer in automative sector by improving quality standarts continuously and steady expansion strategy.\t\t\t<\/p>\n\t\t\t<\/div>\n<\/div>\t\t\t\t<\/div>\n\t\t\t\t<\/div>\n\t\t\t\t\t<\/div>\n\t\t<\/div>\n\t\t\t\t<div class=\"elementor-column elementor-col-50 elementor-top-column elementor-element elementor-element-c9e48dc\" data-id=\"c9e48dc\" data-element_type=\"column\">\n\t\t\t<div class=\"elementor-widget-wrap elementor-element-populated\">\n\t\t\t\t\t\t<div class=\"elementor-element elementor-element-9b06205 elementor-widget elementor-widget-image\" data-id=\"9b06205\" data-element_type=\"widget\" data-widget_type=\"image.default\">\n\t\t\t\t<div class=\"elementor-widget-container\">\n\t\t\t\t\t\t\t\t\t\t\t\t\t\t\t<img decoding=\"async\" width=\"1024\" height=\"768\" src=\"https:\/\/www.kameks.net\/wp-content\/uploads\/2023\/03\/23-1-1024x768.jpg\" class=\"attachment-large size-large wp-image-10373\" alt=\"\" srcset=\"https:\/\/www.kameks.net\/wp-content\/uploads\/2023\/03\/23-1-1024x768.jpg 1024w, https:\/\/www.kameks.net\/wp-content\/uploads\/2023\/03\/23-1-300x225.jpg 300w, https:\/\/www.kameks.net\/wp-content\/uploads\/2023\/03\/23-1-133x100.jpg 133w, https:\/\/www.kameks.net\/wp-content\/uploads\/2023\/03\/23-1-768x576.jpg 768w, https:\/\/www.kameks.net\/wp-content\/uploads\/2023\/03\/23-1-1536x1152.jpg 1536w, https:\/\/www.kameks.net\/wp-content\/uploads\/2023\/03\/23-1-16x12.jpg 16w\" sizes=\"(max-width: 1024px) 100vw, 1024px\" \/>\t\t\t\t\t\t\t\t\t\t\t\t\t\t\t<\/div>\n\t\t\t\t<\/div>\n\t\t\t\t\t<\/div>\n\t\t<\/div>\n\t\t\t\t\t<\/div>\n\t\t<\/section>\n\t\t<div class=\"mkdf-row-background-pattern-holder\"><div class=\"mkdf-row-background-pattern-left\"><\/div><div class=\"mkdf-row-background-pattern-right\"><\/div><\/div><\/div>\t\t<\/div>","protected":false},"excerpt":{"rendered":"<p>KAMEKS EKSANTR\u0130K M\u0130LLER\u0130 KAMEKS, eksantrik mili \u00fcretimi amac\u0131yla 1994 y\u0131l\u0131nda \u0130stanbul\u2019da kuruldu. Kurulu\u015fundan g\u00fcn\u00fcm\u00fcze kadar \u00e7e\u015fitli yat\u0131r\u0131mlarla s\u00fcrekli b\u00fcy\u00fcyen ve geli\u015fen firmam\u0131z, gelen talepler do\u011frultusunda i\u00e7ten yanmal\u0131 ta\u015f\u0131t motorlar\u0131 i\u00e7in eksantrik mili \u00fcretiyor. Kaliteli \u00fcr\u00fcn, uygun fiyat ve zaman\u0131nda teslimat [&hellip;]<\/p>","protected":false},"author":1,"featured_media":0,"parent":0,"menu_order":0,"comment_status":"closed","ping_status":"closed","template":"full-width.php","meta":{"footnotes":""},"yst_prominent_words":[],"class_list":["post-1458","page","type-page","status-publish","hentry"],"_links":{"self":[{"href":"https:\/\/www.kameks.net\/en\/wp-json\/wp\/v2\/pages\/1458","targetHints":{"allow":["GET"]}}],"collection":[{"href":"https:\/\/www.kameks.net\/en\/wp-json\/wp\/v2\/pages"}],"about":[{"href":"https:\/\/www.kameks.net\/en\/wp-json\/wp\/v2\/types\/page"}],"author":[{"embeddable":true,"href":"https:\/\/www.kameks.net\/en\/wp-json\/wp\/v2\/users\/1"}],"replies":[{"embeddable":true,"href":"https:\/\/www.kameks.net\/en\/wp-json\/wp\/v2\/comments?post=1458"}],"version-history":[{"count":27,"href":"https:\/\/www.kameks.net\/en\/wp-json\/wp\/v2\/pages\/1458\/revisions"}],"predecessor-version":[{"id":10376,"href":"https:\/\/www.kameks.net\/en\/wp-json\/wp\/v2\/pages\/1458\/revisions\/10376"}],"wp:attachment":[{"href":"https:\/\/www.kameks.net\/en\/wp-json\/wp\/v2\/media?parent=1458"}],"wp:term":[{"taxonomy":"yst_prominent_words","embeddable":true,"href":"https:\/\/www.kameks.net\/en\/wp-json\/wp\/v2\/yst_prominent_words?post=1458"}],"curies":[{"name":"wp","href":"https:\/\/api.w.org\/{rel}","templated":true}]}}