{"id":9414,"date":"2023-01-06T23:38:26","date_gmt":"2023-01-06T20:38:26","guid":{"rendered":"https:\/\/www.kameks.net\/?page_id=9414"},"modified":"2025-05-30T11:40:40","modified_gmt":"2025-05-30T08:40:40","slug":"standart-eksantrik-milleri","status":"publish","type":"page","link":"https:\/\/www.kameks.net\/en\/urunler\/standart-eksantrik-milleri\/","title":{"rendered":"Standard Camshafts"},"content":{"rendered":"<div data-elementor-type=\"wp-page\" data-elementor-id=\"9414\" class=\"elementor elementor-9414\">\n\t\t\t\t\t\t<section class=\"elementor-section elementor-top-section elementor-element elementor-element-a41d20e elementor-section-boxed elementor-section-height-default elementor-section-height-default mkdf-parallax-row-no mkdf-content-aligment-left mkdf-elementor-row-grid-no mkdf-disabled-bg-image-bellow-no mkdf-row-btt-light\" data-id=\"a41d20e\" data-element_type=\"section\">\n\t\t\t\t\t\t<div class=\"elementor-container elementor-column-gap-default\">\n\t\t\t\t\t<div class=\"elementor-column elementor-col-33 elementor-top-column elementor-element elementor-element-2fd86a1\" data-id=\"2fd86a1\" data-element_type=\"column\">\n\t\t\t<div class=\"elementor-widget-wrap elementor-element-populated\">\n\t\t\t\t\t\t<div class=\"elementor-element elementor-element-2f356b4 elementor-widget elementor-widget-mkdf_icon_with_text\" data-id=\"2f356b4\" data-element_type=\"widget\" data-widget_type=\"mkdf_icon_with_text.default\">\n\t\t\t\t<div class=\"elementor-widget-container\">\n\t\t\t\t\t<div class=\"mkdf-iwt clearfix  mkdf-iwt-icon-left-from-title  mkdf-iwt-icon-medium\" data-title-color=\"#000000\">\n\t<div class=\"mkdf-iwt-content\" >\n\t\t\t\t\t<h4 class=\"mkdf-iwt-title\" style=\"color: #000000;margin-top: -4px\">\n\t\t\t\t\t\t\t\t\t<a itemprop=\"url\" href=\"https:\/\/www.kameks.net\/en\/urunler\/standart-eksantrik-milleri\/#markalar\" target=\"_self\">\n\t\t\t\t\t\t\t\t\t<span class=\"mkdf-iwt-icon\">\n\t\t\t\t\t\t\t\t\t\t\t\t\t<img decoding=\"async\" width=\"83\" height=\"92\" src=\"https:\/\/www.kameks.net\/wp-content\/uploads\/2023\/01\/Mil-icon-1.png\" class=\"attachment-full size-full\" alt=\"\" \/>                        \t\t\t\t\t<\/span>\n\t\t\t\t\t<span class=\"mkdf-iwt-title-text\">Standard Camshafts<\/span>\n\t\t\t\t\t\t\t\t\t<\/a>\n\t\t\t\t\t\t\t<\/h4>\n\t\t\t\t\t\t\t<p class=\"mkdf-iwt-text\" style=\"margin-top: 14px\">Our products are made with original production technical standards and are used for diesel, petrol and LPG engine vehicles.\n<\/p>\n\t\t\t<\/div>\n<\/div>\t\t\t\t<\/div>\n\t\t\t\t<\/div>\n\t\t\t\t\t<\/div>\n\t\t<\/div>\n\t\t\t\t<div class=\"elementor-column elementor-col-33 elementor-top-column elementor-element elementor-element-6448e8c\" data-id=\"6448e8c\" data-element_type=\"column\">\n\t\t\t<div class=\"elementor-widget-wrap elementor-element-populated\">\n\t\t\t\t\t\t<div class=\"elementor-element elementor-element-e30c3f5 elementor-widget elementor-widget-mkdf_icon_with_text\" data-id=\"e30c3f5\" data-element_type=\"widget\" data-widget_type=\"mkdf_icon_with_text.default\">\n\t\t\t\t<div class=\"elementor-widget-container\">\n\t\t\t\t\t<div class=\"mkdf-iwt clearfix  mkdf-iwt-icon-left-from-title  mkdf-iwt-icon-medium\" data-title-color=\"#000000\">\n\t<div class=\"mkdf-iwt-content\" >\n\t\t\t\t\t<h4 class=\"mkdf-iwt-title\" style=\"color: #000000;margin-top: -4px\">\n\t\t\t\t\t\t\t\t\t<a itemprop=\"url\" href=\"https:\/\/www.kameks.net\/en\/urunler\/performans-eksantrik-milleri\/\" target=\"_self\">\n\t\t\t\t\t\t\t\t\t<span class=\"mkdf-iwt-icon\">\n\t\t\t\t\t\t\t\t\t\t\t\t\t<img decoding=\"async\" width=\"83\" height=\"92\" src=\"https:\/\/www.kameks.net\/wp-content\/uploads\/2023\/01\/Mil-icon-1.png\" class=\"attachment-full size-full\" alt=\"\" \/>                        \t\t\t\t\t<\/span>\n\t\t\t\t\t<span class=\"mkdf-iwt-title-text\">Racing &amp; Performance Camshafts<\/span>\n\t\t\t\t\t\t\t\t\t<\/a>\n\t\t\t\t\t\t\t<\/h4>\n\t\t\t\t\t\t\t<p class=\"mkdf-iwt-text\" style=\"margin-top: 14px\">The CNC machines in our production department allow us to make precise production of different cam profiles and degrees.\n<\/p>\n\t\t\t<\/div>\n<\/div>\t\t\t\t<\/div>\n\t\t\t\t<\/div>\n\t\t\t\t\t<\/div>\n\t\t<\/div>\n\t\t\t\t<div class=\"elementor-column elementor-col-33 elementor-top-column elementor-element elementor-element-5f9ce3b\" data-id=\"5f9ce3b\" data-element_type=\"column\">\n\t\t\t<div class=\"elementor-widget-wrap elementor-element-populated\">\n\t\t\t\t\t\t<div class=\"elementor-element elementor-element-64ca1fb elementor-widget elementor-widget-mkdf_icon_with_text\" data-id=\"64ca1fb\" data-element_type=\"widget\" data-widget_type=\"mkdf_icon_with_text.default\">\n\t\t\t\t<div class=\"elementor-widget-container\">\n\t\t\t\t\t<div class=\"mkdf-iwt clearfix  mkdf-iwt-icon-left-from-title  mkdf-iwt-icon-medium\" data-title-color=\"#000000\">\n\t<div class=\"mkdf-iwt-content\" >\n\t\t\t\t\t<h4 class=\"mkdf-iwt-title\" style=\"color: #000000;margin-top: -4px\">\n\t\t\t\t\t\t\t\t\t<a itemprop=\"url\" href=\"https:\/\/www.kameks.net\/en\/urunler\/ozel-eksantrik-milleri\/\" target=\"_self\">\n\t\t\t\t\t\t\t\t\t<span class=\"mkdf-iwt-icon\">\n\t\t\t\t\t\t\t\t\t\t\t\t\t<img decoding=\"async\" width=\"83\" height=\"92\" src=\"https:\/\/www.kameks.net\/wp-content\/uploads\/2023\/01\/Mil-icon-1.png\" class=\"attachment-full size-full\" alt=\"\" \/>                        \t\t\t\t\t<\/span>\n\t\t\t\t\t<span class=\"mkdf-iwt-title-text\">Custom Camshafts<\/span>\n\t\t\t\t\t\t\t\t\t<\/a>\n\t\t\t\t\t\t\t<\/h4>\n\t\t\t\t\t\t\t<p class=\"mkdf-iwt-text\" style=\"margin-top: 14px\">In different mechanisms\nused camshaft production\nrequests are also made by our company.\nis met.\n\n<\/p>\n\t\t\t<\/div>\n<\/div>\t\t\t\t<\/div>\n\t\t\t\t<\/div>\n\t\t\t\t\t<\/div>\n\t\t<\/div>\n\t\t\t\t\t<\/div>\n\t\t<\/section>\n\t\t\t\t<section class=\"elementor-section elementor-top-section elementor-element elementor-element-5b43791 elementor-section-boxed elementor-section-height-default elementor-section-height-default mkdf-parallax-row-no mkdf-content-aligment-left mkdf-elementor-row-grid-no mkdf-disabled-bg-image-bellow-no mkdf-row-btt-light\" data-id=\"5b43791\" data-element_type=\"section\">\n\t\t\t\t\t\t<div class=\"elementor-container elementor-column-gap-default\">\n\t\t\t\t\t<div class=\"elementor-column elementor-col-100 elementor-top-column elementor-element elementor-element-af80949\" data-id=\"af80949\" data-element_type=\"column\">\n\t\t\t<div class=\"elementor-widget-wrap elementor-element-populated\">\n\t\t\t\t\t\t<div class=\"elementor-element elementor-element-c9614de elementor-widget elementor-widget-spacer\" data-id=\"c9614de\" data-element_type=\"widget\" data-widget_type=\"spacer.default\">\n\t\t\t\t<div class=\"elementor-widget-container\">\n\t\t\t\t\t\t\t<div class=\"elementor-spacer\">\n\t\t\t<div class=\"elementor-spacer-inner\"><\/div>\n\t\t<\/div>\n\t\t\t\t\t\t<\/div>\n\t\t\t\t<\/div>\n\t\t\t\t\t<\/div>\n\t\t<\/div>\n\t\t\t\t\t<\/div>\n\t\t<\/section>\n\t\t\t\t<section class=\"elementor-section elementor-top-section elementor-element elementor-element-43bcb92 elementor-section-boxed elementor-section-height-default elementor-section-height-default mkdf-parallax-row-no mkdf-content-aligment-left mkdf-elementor-row-grid-no mkdf-disabled-bg-image-bellow-no mkdf-row-btt-light\" data-id=\"43bcb92\" data-element_type=\"section\">\n\t\t\t\t\t\t<div class=\"elementor-container elementor-column-gap-default\">\n\t\t\t\t\t<div class=\"elementor-column elementor-col-50 elementor-top-column elementor-element elementor-element-a61446b\" data-id=\"a61446b\" data-element_type=\"column\">\n\t\t\t<div class=\"elementor-widget-wrap elementor-element-populated\">\n\t\t\t\t\t\t<div class=\"elementor-element elementor-element-22c38af elementor-widget elementor-widget-heading\" data-id=\"22c38af\" data-element_type=\"widget\" id=\"markalar\" data-widget_type=\"heading.default\">\n\t\t\t\t<div class=\"elementor-widget-container\">\n\t\t\t\t\t<h4 class=\"elementor-heading-title elementor-size-default\">Brands<\/h4>\t\t\t\t<\/div>\n\t\t\t\t<\/div>\n\t\t\t\t<div class=\"elementor-element elementor-element-bee5d2f elementor-widget elementor-widget-text-editor\" data-id=\"bee5d2f\" data-element_type=\"widget\" data-widget_type=\"text-editor.default\">\n\t\t\t\t<div class=\"elementor-widget-container\">\n\t\t\t\t\t\t\t\t\t<ul id=\"menu-standart-urunler-sol\" class=\"menu\"><li id=\"menu-item-6111\" class=\"menu-item menu-item-type-post_type menu-item-object-page menu-item-6111\"><a href=\"https:\/\/www.kameks.net\/en\/urunler\/standart-eksantrik-milleri\/audi\/\"><span style=\"color: #000000;\"><strong>AUDI<\/strong><\/span><\/a><\/li><li id=\"menu-item-6381\" class=\"menu-item menu-item-type-post_type menu-item-object-page menu-item-6381\"><a href=\"https:\/\/www.kameks.net\/en\/urunler\/standart-eksantrik-milleri\/bmw\/\"><span style=\"color: #000000;\"><strong>BMW<\/strong><\/span><\/a><\/li><li id=\"menu-item-6504\" class=\"menu-item menu-item-type-post_type menu-item-object-page menu-item-6504\"><span style=\"color: #000000;\"><strong><a style=\"color: #000000;\" href=\"https:\/\/www.kameks.net\/en\/urunler\/standart-eksantrik-milleri\/caterpillar\/\">CATERPILLAR<\/a><\/strong><\/span><\/li><li id=\"menu-item-6458\" class=\"menu-item menu-item-type-post_type menu-item-object-page menu-item-6458\"><span style=\"color: #000000;\"><strong><a style=\"color: #000000;\" href=\"https:\/\/www.kameks.net\/en\/urunler\/standart-eksantrik-milleri\/cummins\/\">CUMMINS<\/a><\/strong><\/span><\/li><li id=\"menu-item-6357\" class=\"menu-item menu-item-type-post_type menu-item-object-page menu-item-6357\"><span style=\"color: #000000;\"><strong><a style=\"color: #000000;\" href=\"https:\/\/www.kameks.net\/en\/urunler\/standart-eksantrik-milleri\/daf\/\">DAF<\/a><\/strong><\/span><\/li><li id=\"menu-item-6481\" class=\"menu-item menu-item-type-post_type menu-item-object-page menu-item-6481\"><span style=\"color: #000000;\"><strong><a style=\"color: #000000;\" href=\"https:\/\/www.kameks.net\/en\/urunler\/standart-eksantrik-milleri\/deutz\/\">DEUTZ<\/a><\/strong><\/span><\/li><li id=\"menu-item-6328\" class=\"menu-item menu-item-type-post_type menu-item-object-page menu-item-6328\"><span style=\"color: #000000;\"><strong><a style=\"color: #000000;\" href=\"https:\/\/www.kameks.net\/en\/urunler\/standart-eksantrik-milleri\/fiat\/\">FIAT<\/a><\/strong><\/span><\/li><li id=\"menu-item-6112\" class=\"menu-item menu-item-type-post_type menu-item-object-page menu-item-6112\"><span style=\"color: #000000;\"><strong><a style=\"color: #000000;\" href=\"https:\/\/www.kameks.net\/en\/urunler\/standart-eksantrik-milleri\/ford\/\">FORD<\/a><\/strong><\/span><\/li><li id=\"menu-item-6113\" class=\"menu-item menu-item-type-post_type menu-item-object-page menu-item-6113\"><span style=\"color: #000000;\"><strong><a style=\"color: #000000;\" href=\"https:\/\/www.kameks.net\/en\/urunler\/standart-eksantrik-milleri\/hyundai\/\">HYUNDAI<\/a><\/strong><\/span><\/li><li id=\"menu-item-6114\" class=\"menu-item menu-item-type-post_type menu-item-object-page menu-item-6114\"><span style=\"color: #000000;\"><strong><a style=\"color: #000000;\" href=\"https:\/\/www.kameks.net\/en\/urunler\/standart-eksantrik-milleri\/isuzu\/\">ISUZU<\/a><\/strong><\/span><\/li><li id=\"menu-item-6475\" class=\"menu-item menu-item-type-post_type menu-item-object-page menu-item-6475\"><span style=\"color: #000000;\"><strong><a style=\"color: #000000;\" href=\"https:\/\/www.kameks.net\/en\/urunler\/standart-eksantrik-milleri\/iveco\/\">IVECO<\/a><\/strong><\/span><\/li><li id=\"menu-item-6115\" class=\"menu-item menu-item-type-post_type menu-item-object-page menu-item-6115\"><span style=\"color: #000000;\"><strong><a style=\"color: #000000;\" href=\"https:\/\/www.kameks.net\/en\/urunler\/standart-eksantrik-milleri\/kia\/\">KIA<\/a><\/strong><\/span><\/li><li id=\"menu-item-6495\" class=\"menu-item menu-item-type-post_type menu-item-object-page menu-item-6495\"><span style=\"color: #000000;\"><strong><a style=\"color: #000000;\" href=\"https:\/\/www.kameks.net\/en\/urunler\/standart-eksantrik-milleri\/komatsu\/\">KOMATSU<\/a><\/strong><\/span><\/li><li id=\"menu-item-6365\" class=\"menu-item menu-item-type-post_type menu-item-object-page menu-item-6365\"><span style=\"color: #000000;\"><strong><a style=\"color: #000000;\" href=\"https:\/\/www.kameks.net\/en\/urunler\/standart-eksantrik-milleri\/man\/\">MAN<\/a><\/strong><\/span><\/li><li id=\"menu-item-6116\" class=\"menu-item menu-item-type-post_type menu-item-object-page menu-item-6116\"><span style=\"color: #000000;\"><strong><a style=\"color: #000000;\" href=\"https:\/\/www.kameks.net\/en\/urunler\/standart-eksantrik-milleri\/mazda\/\">MAZDA<\/a><\/strong><\/span><\/li><li id=\"menu-item-6903\" class=\"menu-item menu-item-type-post_type menu-item-object-page menu-item-6903\"><span style=\"color: #000000;\"><strong><a style=\"color: #000000;\" href=\"https:\/\/www.kameks.net\/en\/urunler\/standart-eksantrik-milleri\/mercedes-agir-vasita\/\">MERCEDES (Heavy Vehicle)<\/a><\/strong><\/span><\/li><li id=\"menu-item-6117\" class=\"menu-item menu-item-type-post_type menu-item-object-page menu-item-6117\"><span style=\"color: #000000;\"><strong><a style=\"color: #000000;\" href=\"https:\/\/www.kameks.net\/en\/urunler\/standart-eksantrik-milleri\/mercedes-binek\/\">MERCEDES<\/a><\/strong><\/span><\/li><li id=\"menu-item-6118\" class=\"menu-item menu-item-type-post_type menu-item-object-page menu-item-6118\"><span style=\"color: #000000;\"><strong><a style=\"color: #000000;\" href=\"https:\/\/www.kameks.net\/en\/urunler\/standart-eksantrik-milleri\/mitsubishi\/\">MITSUBISHI<\/a><\/strong><\/span><\/li><li id=\"menu-item-6119\" class=\"menu-item menu-item-type-post_type menu-item-object-page menu-item-6119\"><span style=\"color: #000000;\"><strong><a style=\"color: #000000;\" href=\"https:\/\/www.kameks.net\/en\/urunler\/standart-eksantrik-milleri\/opel\/\">OPEL<\/a><\/strong><\/span><\/li><li id=\"menu-item-6120\" class=\"menu-item menu-item-type-post_type menu-item-object-page menu-item-6120\"><span style=\"color: #000000;\"><strong><a style=\"color: #000000;\" href=\"https:\/\/www.kameks.net\/en\/urunler\/standart-eksantrik-milleri\/peugeot-citroen\/\">PEUGEOT \u2013 CITROEN<\/a><\/strong><\/span><\/li><li><span style=\"color: #000000;\"><strong><a style=\"color: #000000;\" href=\"https:\/\/www.kameks.net\/en\/urunler\/standart-eksantrik-milleri\/porsche\/\">PO<\/a>RSCHE<\/strong><\/span><\/li><li><span style=\"color: #000000;\"><strong><a style=\"color: #000000;\" href=\"https:\/\/www.kameks.net\/en\/urunler\/standart-eksantrik-milleri\/renault-agir-vasita\/\">RENAULT (Heavy Vehicle)<\/a><\/strong><\/span><\/li><li id=\"menu-item-6338\" class=\"menu-item menu-item-type-post_type menu-item-object-page menu-item-6338\"><span style=\"color: #000000;\"><strong><a style=\"color: #000000;\" href=\"https:\/\/www.kameks.net\/en\/urunler\/standart-eksantrik-milleri\/renault-binek\/\">RENAULT<\/a><\/strong><\/span><\/li><li id=\"menu-item-6415\" class=\"menu-item menu-item-type-post_type menu-item-object-page menu-item-6415\"><span style=\"color: #000000;\"><strong><a style=\"color: #000000;\" href=\"https:\/\/www.kameks.net\/en\/urunler\/standart-eksantrik-milleri\/scania\/\">SCANIA<\/a><\/strong><\/span><\/li><li id=\"menu-item-6121\" class=\"menu-item menu-item-type-post_type menu-item-object-page menu-item-6121\"><span style=\"color: #000000;\"><strong><a style=\"color: #000000;\" href=\"https:\/\/www.kameks.net\/en\/urunler\/standart-eksantrik-milleri\/suzuki\/\">SUZUKI<\/a><\/strong><\/span><\/li><li id=\"menu-item-6282\" class=\"menu-item menu-item-type-post_type menu-item-object-page menu-item-6282\"><span style=\"color: #000000;\"><strong><a style=\"color: #000000;\" href=\"https:\/\/www.kameks.net\/en\/urunler\/standart-eksantrik-milleri\/volkswagen\/\">VOLKSWAGEN<\/a><\/strong><\/span><\/li><li id=\"menu-item-6388\" class=\"menu-item menu-item-type-post_type menu-item-object-page menu-item-6388\"><span style=\"color: #000000;\"><strong><a style=\"color: #000000;\" href=\"https:\/\/www.kameks.net\/en\/urunler\/standart-eksantrik-milleri\/volvo\/\">VOLVO<\/a><\/strong><\/span><\/li><\/ul>\t\t\t\t\t\t\t\t<\/div>\n\t\t\t\t<\/div>\n\t\t\t\t\t<\/div>\n\t\t<\/div>\n\t\t\t\t<div class=\"elementor-column elementor-col-50 elementor-top-column elementor-element elementor-element-9224b7d\" data-id=\"9224b7d\" data-element_type=\"column\">\n\t\t\t<div class=\"elementor-widget-wrap elementor-element-populated\">\n\t\t\t\t\t\t<div class=\"elementor-element elementor-element-9bbe880 elementor-widget elementor-widget-image\" data-id=\"9bbe880\" data-element_type=\"widget\" data-widget_type=\"image.default\">\n\t\t\t\t<div class=\"elementor-widget-container\">\n\t\t\t\t\t\t\t\t\t\t\t\t\t\t\t<img fetchpriority=\"high\" decoding=\"async\" width=\"1024\" height=\"587\" src=\"https:\/\/www.kameks.net\/wp-content\/uploads\/2023\/01\/foto2-1024x587.jpg\" class=\"attachment-large size-large wp-image-9505\" alt=\"\" srcset=\"https:\/\/www.kameks.net\/wp-content\/uploads\/2023\/01\/foto2-1024x587.jpg 1024w, https:\/\/www.kameks.net\/wp-content\/uploads\/2023\/01\/foto2-300x172.jpg 300w, https:\/\/www.kameks.net\/wp-content\/uploads\/2023\/01\/foto2-150x86.jpg 150w, https:\/\/www.kameks.net\/wp-content\/uploads\/2023\/01\/foto2-768x440.jpg 768w, https:\/\/www.kameks.net\/wp-content\/uploads\/2023\/01\/foto2-1536x880.jpg 1536w, https:\/\/www.kameks.net\/wp-content\/uploads\/2023\/01\/foto2-600x344.jpg 600w, https:\/\/www.kameks.net\/wp-content\/uploads\/2023\/01\/foto2.jpg 1920w\" sizes=\"(max-width: 1024px) 100vw, 1024px\" \/>\t\t\t\t\t\t\t\t\t\t\t\t\t\t\t<\/div>\n\t\t\t\t<\/div>\n\t\t\t\t<div class=\"elementor-element elementor-element-02f7669 elementor-widget elementor-widget-text-editor\" data-id=\"02f7669\" data-element_type=\"widget\" data-widget_type=\"text-editor.default\">\n\t\t\t\t<div class=\"elementor-widget-container\">\n\t\t\t\t\t\t\t\t\t<p>With the sensitive production capability required to produce engine parts and the application of an effective quality control system; Camshaft production is carried out in accordance with high quality standards for all vehicles, from passenger car groups to light commercial vehicles, from heavy-duty heavy-duty vehicles to heavy-duty construction machines.<\/p>\t\t\t\t\t\t\t\t<\/div>\n\t\t\t\t<\/div>\n\t\t\t\t\t<\/div>\n\t\t<\/div>\n\t\t\t\t\t<\/div>\n\t\t<\/section>\n\t\t\t\t<section class=\"elementor-section elementor-top-section elementor-element elementor-element-dd54eb2 elementor-section-boxed elementor-section-height-default elementor-section-height-default mkdf-parallax-row-no mkdf-content-aligment-left mkdf-elementor-row-grid-no mkdf-disabled-bg-image-bellow-no mkdf-row-btt-light\" data-id=\"dd54eb2\" data-element_type=\"section\">\n\t\t\t\t\t\t<div class=\"elementor-container elementor-column-gap-default\">\n\t\t\t\t\t<div class=\"elementor-column elementor-col-50 elementor-top-column elementor-element elementor-element-4301916\" data-id=\"4301916\" data-element_type=\"column\">\n\t\t\t<div class=\"elementor-widget-wrap\">\n\t\t\t\t\t\t\t<\/div>\n\t\t<\/div>\n\t\t\t\t<div class=\"elementor-column elementor-col-50 elementor-top-column elementor-element elementor-element-d702fa1\" data-id=\"d702fa1\" data-element_type=\"column\">\n\t\t\t<div class=\"elementor-widget-wrap\">\n\t\t\t\t\t\t\t<\/div>\n\t\t<\/div>\n\t\t\t\t\t<\/div>\n\t\t<\/section>\n\t\t\t\t<\/div>","protected":false},"excerpt":{"rendered":"<p>STANDART EKSANTR\u0130K M\u0130LLER\u0130 Orijinal \u00fcr\u00fcn teknik standartlar\u0131n\u0131 ta\u015f\u0131yan \u00fcr\u00fcnlerimiz dizel, benzinli ve LPG motorlu ta\u015f\u0131tlarda g\u00fcvenle kullan\u0131l\u0131yor. PERFORMANS EKSANTR\u0130K M\u0130LLER\u0130 \u00dcretim b\u00f6l\u00fcm\u00fcm\u00fczde bulunan CNC tipi \u00fcretim tezgahlar\u0131 farkl\u0131 kam profil ve derecelerinde hassas \u00fcretim yapma avantaj\u0131 sa\u011fl\u0131yor. \u00d6ZEL EKSANTR\u0130K M\u0130LLER\u0130 [&hellip;]<\/p>","protected":false},"author":1,"featured_media":0,"parent":9404,"menu_order":0,"comment_status":"closed","ping_status":"closed","template":"","meta":{"footnotes":""},"yst_prominent_words":[],"class_list":["post-9414","page","type-page","status-publish","hentry"],"_links":{"self":[{"href":"https:\/\/www.kameks.net\/en\/wp-json\/wp\/v2\/pages\/9414","targetHints":{"allow":["GET"]}}],"collection":[{"href":"https:\/\/www.kameks.net\/en\/wp-json\/wp\/v2\/pages"}],"about":[{"href":"https:\/\/www.kameks.net\/en\/wp-json\/wp\/v2\/types\/page"}],"author":[{"embeddable":true,"href":"https:\/\/www.kameks.net\/en\/wp-json\/wp\/v2\/users\/1"}],"replies":[{"embeddable":true,"href":"https:\/\/www.kameks.net\/en\/wp-json\/wp\/v2\/comments?post=9414"}],"version-history":[{"count":36,"href":"https:\/\/www.kameks.net\/en\/wp-json\/wp\/v2\/pages\/9414\/revisions"}],"predecessor-version":[{"id":10892,"href":"https:\/\/www.kameks.net\/en\/wp-json\/wp\/v2\/pages\/9414\/revisions\/10892"}],"up":[{"embeddable":true,"href":"https:\/\/www.kameks.net\/en\/wp-json\/wp\/v2\/pages\/9404"}],"wp:attachment":[{"href":"https:\/\/www.kameks.net\/en\/wp-json\/wp\/v2\/media?parent=9414"}],"wp:term":[{"taxonomy":"yst_prominent_words","embeddable":true,"href":"https:\/\/www.kameks.net\/en\/wp-json\/wp\/v2\/yst_prominent_words?post=9414"}],"curies":[{"name":"wp","href":"https:\/\/api.w.org\/{rel}","templated":true}]}}