{"id":9462,"date":"2023-01-07T00:18:17","date_gmt":"2023-01-06T21:18:17","guid":{"rendered":"https:\/\/www.kameks.net\/?page_id=9462"},"modified":"2025-05-30T10:39:14","modified_gmt":"2025-05-30T07:39:14","slug":"daf","status":"publish","type":"page","link":"https:\/\/www.kameks.net\/en\/urunler\/standart-eksantrik-milleri\/daf\/","title":{"rendered":"DAF"},"content":{"rendered":"<div data-elementor-type=\"wp-page\" data-elementor-id=\"9462\" class=\"elementor elementor-9462\">\n\t\t\t\t\t\t<section class=\"elementor-section elementor-top-section elementor-element elementor-element-2252bfc8 elementor-section-boxed elementor-section-height-default elementor-section-height-default mkdf-parallax-row-no mkdf-content-aligment-left mkdf-elementor-row-grid-no mkdf-disabled-bg-image-bellow-no mkdf-row-btt-light\" data-id=\"2252bfc8\" data-element_type=\"section\">\n\t\t\t\t\t\t<div class=\"elementor-container elementor-column-gap-default\">\n\t\t\t\t\t<div class=\"elementor-column elementor-col-100 elementor-top-column elementor-element elementor-element-10057da6\" data-id=\"10057da6\" data-element_type=\"column\">\n\t\t\t<div class=\"elementor-widget-wrap elementor-element-populated\">\n\t\t\t\t\t\t<div class=\"elementor-element elementor-element-729c0239 elementor-widget elementor-widget-text-editor\" data-id=\"729c0239\" data-element_type=\"widget\" data-widget_type=\"text-editor.default\">\n\t\t\t\t<div class=\"elementor-widget-container\">\n\t\t\t\t\t\t\t\t\t<div class=\"wpb_text_column wpb_content_element\"><div class=\"wpb_wrapper\"><div id=\"tablepress-komatsu_tr-scroll-wrapper\" class=\"tablepress-scroll-wrapper\"><div id=\"tablepress-komatsu_tr_wrapper\" class=\"dataTables_wrapper no-footer\"><table id=\"tablepress-daf_tr\" class=\"tablepress tablepress-id-daf_tr dataTable no-footer\" role=\"grid\"><thead><tr class=\"row-1 odd\" role=\"row\"><th class=\"column-2 sorting_disabled\" colspan=\"1\" rowspan=\"1\">\u00dcR\u00dcNLER<\/th><th class=\"column-3 sorting_disabled\" colspan=\"1\" rowspan=\"1\">KAMEKS CODE<\/th><th class=\"column-4 sorting_disabled\" colspan=\"1\" rowspan=\"1\">Brand<\/th><th class=\"column-5 sorting_disabled\" colspan=\"1\" rowspan=\"1\">OEM NO<\/th><th class=\"column-6 sorting_disabled\" colspan=\"1\" rowspan=\"1\">EXPLANATION<\/th><th class=\"column-6 sorting_disabled\" colspan=\"1\" rowspan=\"1\">MATERIEL<\/th><\/tr><\/thead><tbody class=\"row-hover\"><tr class=\"row-2 even\" role=\"row\"><td class=\"column-1\">\u00a0<\/td><td class=\"column-2\">KMS 11601<\/td><td class=\"column-3\">DAF<\/td><td class=\"column-4\">039 8560<br \/>130 9623<br \/>160 2127<\/td><td class=\"column-5\">6 Cylindrical Camshaft<\/td><td class=\"column-6\">Steel<\/td><\/tr><tr class=\"row-3 odd\" role=\"row\"><td class=\"column-1\"><a href=\"http:\/\/www.kameks.net\/wp-content\/uploads\/2023\/01\/KMS11602.jpg\"><img decoding=\"async\" class=\"alignnone wp-image-9957 size-thumbnail\" src=\"http:\/\/www.kameks.net\/wp-content\/uploads\/2023\/01\/KMS11602-150x100.jpg\" alt=\"\" width=\"150\" height=\"100\" srcset=\"https:\/\/www.kameks.net\/wp-content\/uploads\/2023\/01\/KMS11602-150x100.jpg 150w, https:\/\/www.kameks.net\/wp-content\/uploads\/2023\/01\/KMS11602-300x200.jpg 300w, https:\/\/www.kameks.net\/wp-content\/uploads\/2023\/01\/KMS11602-1024x683.jpg 1024w, https:\/\/www.kameks.net\/wp-content\/uploads\/2023\/01\/KMS11602-768x512.jpg 768w, https:\/\/www.kameks.net\/wp-content\/uploads\/2023\/01\/KMS11602-1536x1024.jpg 1536w, https:\/\/www.kameks.net\/wp-content\/uploads\/2023\/01\/KMS11602-18x12.jpg 18w, https:\/\/www.kameks.net\/wp-content\/uploads\/2023\/01\/KMS11602.jpg 1800w\" sizes=\"(max-width: 150px) 100vw, 150px\" \/><\/a><\/td><td class=\"column-2\">KMS 11602<\/td><td class=\"column-3\">DAF<\/td><td class=\"column-4\">068 1214<\/td><td class=\"column-5\">6 Cylindrical Camshaft<\/td><td class=\"column-6\">Steel<\/td><\/tr><tr class=\"row-4 even\" role=\"row\"><td class=\"column-1\"><a href=\"http:\/\/www.kameks.net\/wp-content\/uploads\/2023\/01\/KMS11604-1-687-747.jpg\"><img decoding=\"async\" class=\"alignnone wp-image-9958 size-thumbnail\" src=\"http:\/\/www.kameks.net\/wp-content\/uploads\/2023\/01\/KMS11604-1-687-747-150x100.jpg\" alt=\"\" width=\"150\" height=\"100\" srcset=\"https:\/\/www.kameks.net\/wp-content\/uploads\/2023\/01\/KMS11604-1-687-747-150x100.jpg 150w, https:\/\/www.kameks.net\/wp-content\/uploads\/2023\/01\/KMS11604-1-687-747-300x200.jpg 300w, https:\/\/www.kameks.net\/wp-content\/uploads\/2023\/01\/KMS11604-1-687-747-1024x683.jpg 1024w, https:\/\/www.kameks.net\/wp-content\/uploads\/2023\/01\/KMS11604-1-687-747-768x512.jpg 768w, https:\/\/www.kameks.net\/wp-content\/uploads\/2023\/01\/KMS11604-1-687-747-1536x1024.jpg 1536w, https:\/\/www.kameks.net\/wp-content\/uploads\/2023\/01\/KMS11604-1-687-747-18x12.jpg 18w, https:\/\/www.kameks.net\/wp-content\/uploads\/2023\/01\/KMS11604-1-687-747.jpg 1800w\" sizes=\"(max-width: 150px) 100vw, 150px\" \/><\/a><\/td><td class=\"column-2\">KMS 11603<\/td><td class=\"column-3\">DAF<\/td><td class=\"column-4\">167 8946<\/td><td class=\"column-5\">6 Cylindrical Camshaft<\/td><td class=\"column-6\">Steel<\/td><\/tr><tr class=\"row-5 odd\" role=\"row\"><td class=\"column-1\"><a href=\"http:\/\/www.kameks.net\/wp-content\/uploads\/2023\/01\/KMS11604-1-687-747.jpg\"><img decoding=\"async\" class=\"alignnone wp-image-9958 size-thumbnail\" src=\"http:\/\/www.kameks.net\/wp-content\/uploads\/2023\/01\/KMS11604-1-687-747-150x100.jpg\" alt=\"\" width=\"150\" height=\"100\" srcset=\"https:\/\/www.kameks.net\/wp-content\/uploads\/2023\/01\/KMS11604-1-687-747-150x100.jpg 150w, https:\/\/www.kameks.net\/wp-content\/uploads\/2023\/01\/KMS11604-1-687-747-300x200.jpg 300w, https:\/\/www.kameks.net\/wp-content\/uploads\/2023\/01\/KMS11604-1-687-747-1024x683.jpg 1024w, https:\/\/www.kameks.net\/wp-content\/uploads\/2023\/01\/KMS11604-1-687-747-768x512.jpg 768w, https:\/\/www.kameks.net\/wp-content\/uploads\/2023\/01\/KMS11604-1-687-747-1536x1024.jpg 1536w, https:\/\/www.kameks.net\/wp-content\/uploads\/2023\/01\/KMS11604-1-687-747-18x12.jpg 18w, https:\/\/www.kameks.net\/wp-content\/uploads\/2023\/01\/KMS11604-1-687-747.jpg 1800w\" sizes=\"(max-width: 150px) 100vw, 150px\" \/><\/a><\/td><td class=\"column-2\">KMS 11604<\/td><td class=\"column-3\">DAF<\/td><td class=\"column-4\">168 7747<\/td><td class=\"column-5\">6 Cylindrical Camshaft<\/td><td class=\"column-6\">Steel<\/td><\/tr><tr class=\"row-4 even\" role=\"row\"><td class=\"column-1\"><a href=\"http:\/\/www.kameks.net\/wp-content\/uploads\/2025\/05\/KMS-11605-scaled.jpg\"><img decoding=\"async\" class=\"alignnone wp-image-10850\" src=\"http:\/\/www.kameks.net\/wp-content\/uploads\/2025\/05\/KMS-11605-300x225.jpg\" alt=\"\" width=\"150\" height=\"113\" srcset=\"https:\/\/www.kameks.net\/wp-content\/uploads\/2025\/05\/KMS-11605-300x225.jpg 300w, https:\/\/www.kameks.net\/wp-content\/uploads\/2025\/05\/KMS-11605-1024x768.jpg 1024w, https:\/\/www.kameks.net\/wp-content\/uploads\/2025\/05\/KMS-11605-133x100.jpg 133w, https:\/\/www.kameks.net\/wp-content\/uploads\/2025\/05\/KMS-11605-768x576.jpg 768w, https:\/\/www.kameks.net\/wp-content\/uploads\/2025\/05\/KMS-11605-1536x1152.jpg 1536w, https:\/\/www.kameks.net\/wp-content\/uploads\/2025\/05\/KMS-11605-16x12.jpg 16w\" sizes=\"(max-width: 150px) 100vw, 150px\" \/><\/a><\/td><td class=\"column-2\">KMS 11605<\/td><td class=\"column-3\">DAF<\/td><td class=\"column-4\">11615597<br \/>1609221<\/td><td class=\"column-5\">XE390 &#8211; XF280\/315\/355<\/td><td class=\"column-6\">Steel<\/td><\/tr><tr class=\"row-4 even\" role=\"row\"><td class=\"column-1\"><a href=\"http:\/\/www.kameks.net\/wp-content\/uploads\/2025\/05\/KMS-11608D.jpg\"><img loading=\"lazy\" decoding=\"async\" class=\"alignnone wp-image-10851\" src=\"http:\/\/www.kameks.net\/wp-content\/uploads\/2025\/05\/KMS-11608D-300x225.jpg\" alt=\"\" width=\"150\" height=\"113\" srcset=\"https:\/\/www.kameks.net\/wp-content\/uploads\/2025\/05\/KMS-11608D-300x225.jpg 300w, https:\/\/www.kameks.net\/wp-content\/uploads\/2025\/05\/KMS-11608D-1024x768.jpg 1024w, https:\/\/www.kameks.net\/wp-content\/uploads\/2025\/05\/KMS-11608D-133x100.jpg 133w, https:\/\/www.kameks.net\/wp-content\/uploads\/2025\/05\/KMS-11608D-768x576.jpg 768w, https:\/\/www.kameks.net\/wp-content\/uploads\/2025\/05\/KMS-11608D-1536x1152.jpg 1536w, https:\/\/www.kameks.net\/wp-content\/uploads\/2025\/05\/KMS-11608D-16x12.jpg 16w, https:\/\/www.kameks.net\/wp-content\/uploads\/2025\/05\/KMS-11608D.jpg 1600w\" sizes=\"(max-width: 150px) 100vw, 150px\" \/><\/a><\/td><td class=\"column-2\">KMS 11608<\/td><td class=\"column-3\">DAF<\/td><td class=\"column-4\">1911868 <br \/>2126626<\/td><td class=\"column-5\">MX11 Di\u015flili CF\/XD\/XDC\/XF\/XFC\/XG\/XG+ Emme \/ Intake<\/td><td class=\"column-6\">Steel<\/td><\/tr><tr class=\"row-4 even\" role=\"row\"><td class=\"column-1\"><a href=\"http:\/\/www.kameks.net\/wp-content\/uploads\/2025\/05\/KMS-11609D-kopya-scaled.jpg\"><img loading=\"lazy\" decoding=\"async\" class=\"alignnone wp-image-10852\" src=\"http:\/\/www.kameks.net\/wp-content\/uploads\/2025\/05\/KMS-11609D-kopya-300x225.jpg\" alt=\"\" width=\"150\" height=\"113\" srcset=\"https:\/\/www.kameks.net\/wp-content\/uploads\/2025\/05\/KMS-11609D-kopya-300x225.jpg 300w, https:\/\/www.kameks.net\/wp-content\/uploads\/2025\/05\/KMS-11609D-kopya-1024x768.jpg 1024w, https:\/\/www.kameks.net\/wp-content\/uploads\/2025\/05\/KMS-11609D-kopya-133x100.jpg 133w, https:\/\/www.kameks.net\/wp-content\/uploads\/2025\/05\/KMS-11609D-kopya-768x576.jpg 768w, https:\/\/www.kameks.net\/wp-content\/uploads\/2025\/05\/KMS-11609D-kopya-1536x1152.jpg 1536w, https:\/\/www.kameks.net\/wp-content\/uploads\/2025\/05\/KMS-11609D-kopya-16x12.jpg 16w\" sizes=\"(max-width: 150px) 100vw, 150px\" \/><\/a><\/td><td class=\"column-2\">KMS 11609<\/td><td class=\"column-3\">DAF<\/td><td class=\"column-4\">1911870<br \/>2126790<\/td><td class=\"column-5\"><p>MX11 Di\u015flili CF\/XD\/XDC\/XF\/XFC\/XG\/XG+ Egzoz \/ Exhaust<\/p><\/td><td class=\"column-6\">Steel<\/td><\/tr><tr class=\"row-4 even\" role=\"row\"><td class=\"column-1\"><a href=\"http:\/\/www.kameks.net\/wp-content\/uploads\/2025\/05\/KMS-11610-kopya-scaled.jpg\"><img loading=\"lazy\" decoding=\"async\" class=\"alignnone wp-image-10853\" src=\"http:\/\/www.kameks.net\/wp-content\/uploads\/2025\/05\/KMS-11610-kopya-300x225.jpg\" alt=\"\" width=\"150\" height=\"113\" srcset=\"https:\/\/www.kameks.net\/wp-content\/uploads\/2025\/05\/KMS-11610-kopya-300x225.jpg 300w, https:\/\/www.kameks.net\/wp-content\/uploads\/2025\/05\/KMS-11610-kopya-1024x768.jpg 1024w, https:\/\/www.kameks.net\/wp-content\/uploads\/2025\/05\/KMS-11610-kopya-133x100.jpg 133w, https:\/\/www.kameks.net\/wp-content\/uploads\/2025\/05\/KMS-11610-kopya-768x576.jpg 768w, https:\/\/www.kameks.net\/wp-content\/uploads\/2025\/05\/KMS-11610-kopya-1536x1152.jpg 1536w, https:\/\/www.kameks.net\/wp-content\/uploads\/2025\/05\/KMS-11610-kopya-16x12.jpg 16w\" sizes=\"(max-width: 150px) 100vw, 150px\" \/><\/a><\/td><td class=\"column-2\">KMS 11610<\/td><td class=\"column-3\">DAF<\/td><td class=\"column-4\">2002049 <br \/>1872340<\/td><td class=\"column-5\">MX13 Euro 6 CF\/XF<\/td><td class=\"column-6\">Steel<\/td><\/tr><tr class=\"row-4 even\" role=\"row\"><td class=\"column-1\"><a href=\"http:\/\/www.kameks.net\/wp-content\/uploads\/2025\/05\/KMS-11615-kopya-scaled.jpg\"><img loading=\"lazy\" decoding=\"async\" class=\"alignnone wp-image-10854\" src=\"http:\/\/www.kameks.net\/wp-content\/uploads\/2025\/05\/KMS-11615-kopya-300x225.jpg\" alt=\"\" width=\"150\" height=\"113\" srcset=\"https:\/\/www.kameks.net\/wp-content\/uploads\/2025\/05\/KMS-11615-kopya-300x225.jpg 300w, https:\/\/www.kameks.net\/wp-content\/uploads\/2025\/05\/KMS-11615-kopya-1024x768.jpg 1024w, https:\/\/www.kameks.net\/wp-content\/uploads\/2025\/05\/KMS-11615-kopya-133x100.jpg 133w, https:\/\/www.kameks.net\/wp-content\/uploads\/2025\/05\/KMS-11615-kopya-768x576.jpg 768w, https:\/\/www.kameks.net\/wp-content\/uploads\/2025\/05\/KMS-11615-kopya-1536x1152.jpg 1536w, https:\/\/www.kameks.net\/wp-content\/uploads\/2025\/05\/KMS-11615-kopya-16x12.jpg 16w\" sizes=\"(max-width: 150px) 100vw, 150px\" \/><\/a><\/td><td class=\"column-2\">KMS 11615<\/td><td class=\"column-3\">DAF<\/td><td class=\"column-4\">1707262<\/td><td class=\"column-5\">PX5 LF (2013\/05 &#8211; X)<\/td><td class=\"column-6\">Steel<\/td><\/tr><tr class=\"row-4 even\" role=\"row\"><td class=\"column-1\"><a href=\"http:\/\/www.kameks.net\/wp-content\/uploads\/2025\/05\/KMS-11618-kopya-scaled.jpg\"><img loading=\"lazy\" decoding=\"async\" class=\"alignnone wp-image-10855\" src=\"http:\/\/www.kameks.net\/wp-content\/uploads\/2025\/05\/KMS-11618-kopya-300x217.jpg\" alt=\"\" width=\"150\" height=\"108\" srcset=\"https:\/\/www.kameks.net\/wp-content\/uploads\/2025\/05\/KMS-11618-kopya-300x217.jpg 300w, https:\/\/www.kameks.net\/wp-content\/uploads\/2025\/05\/KMS-11618-kopya-1024x740.jpg 1024w, https:\/\/www.kameks.net\/wp-content\/uploads\/2025\/05\/KMS-11618-kopya-138x100.jpg 138w, https:\/\/www.kameks.net\/wp-content\/uploads\/2025\/05\/KMS-11618-kopya-768x555.jpg 768w, https:\/\/www.kameks.net\/wp-content\/uploads\/2025\/05\/KMS-11618-kopya-1536x1109.jpg 1536w, https:\/\/www.kameks.net\/wp-content\/uploads\/2025\/05\/KMS-11618-kopya-18x12.jpg 18w\" sizes=\"(max-width: 150px) 100vw, 150px\" \/><\/a><\/td><td class=\"column-2\">KMS 11618<\/td><td class=\"column-3\">DAF<\/td><td class=\"column-4\">2261325<\/td><td class=\"column-5\">MX 13 XF106<\/td><td class=\"column-6\">Steel<\/td><\/tr><\/tbody><\/table><\/div><\/div><\/div><\/div><blockquote><p>All brand and OEM numbers are for identification purposes only, do not imply genuine products.<\/p><\/blockquote>\t\t\t\t\t\t\t\t<\/div>\n\t\t\t\t<\/div>\n\t\t\t\t\t<\/div>\n\t\t<\/div>\n\t\t\t\t\t<\/div>\n\t\t<\/section>\n\t\t\t\t<\/div>","protected":false},"excerpt":{"rendered":"<p>\u00dcR\u00dcNLER KAMEKS KODU MARKA OEM NO A\u00c7IKLAMA MATERYAL \u00a0 KMS 11601 DAF 039 8560130 9623160 2127 6 Sil. Eksantrik Mili \u00c7elik KMS 11602 DAF 068 1214 6 Sil. Eksantrik Mili \u00c7elik KMS 11603 DAF 167 8946 6 Sil. Eksantrik Mili [&hellip;]<\/p>","protected":false},"author":1,"featured_media":0,"parent":9414,"menu_order":0,"comment_status":"closed","ping_status":"closed","template":"","meta":{"footnotes":""},"yst_prominent_words":[],"class_list":["post-9462","page","type-page","status-publish","hentry"],"_links":{"self":[{"href":"https:\/\/www.kameks.net\/en\/wp-json\/wp\/v2\/pages\/9462","targetHints":{"allow":["GET"]}}],"collection":[{"href":"https:\/\/www.kameks.net\/en\/wp-json\/wp\/v2\/pages"}],"about":[{"href":"https:\/\/www.kameks.net\/en\/wp-json\/wp\/v2\/types\/page"}],"author":[{"embeddable":true,"href":"https:\/\/www.kameks.net\/en\/wp-json\/wp\/v2\/users\/1"}],"replies":[{"embeddable":true,"href":"https:\/\/www.kameks.net\/en\/wp-json\/wp\/v2\/comments?post=9462"}],"version-history":[{"count":17,"href":"https:\/\/www.kameks.net\/en\/wp-json\/wp\/v2\/pages\/9462\/revisions"}],"predecessor-version":[{"id":10858,"href":"https:\/\/www.kameks.net\/en\/wp-json\/wp\/v2\/pages\/9462\/revisions\/10858"}],"up":[{"embeddable":true,"href":"https:\/\/www.kameks.net\/en\/wp-json\/wp\/v2\/pages\/9414"}],"wp:attachment":[{"href":"https:\/\/www.kameks.net\/en\/wp-json\/wp\/v2\/media?parent=9462"}],"wp:term":[{"taxonomy":"yst_prominent_words","embeddable":true,"href":"https:\/\/www.kameks.net\/en\/wp-json\/wp\/v2\/yst_prominent_words?post=9462"}],"curies":[{"name":"wp","href":"https:\/\/api.w.org\/{rel}","templated":true}]}}