{"id":9471,"date":"2023-01-07T00:21:59","date_gmt":"2023-01-06T21:21:59","guid":{"rendered":"https:\/\/www.kameks.net\/?page_id=9471"},"modified":"2025-05-30T10:43:43","modified_gmt":"2025-05-30T07:43:43","slug":"hyundai","status":"publish","type":"page","link":"https:\/\/www.kameks.net\/en\/urunler\/standart-eksantrik-milleri\/hyundai\/","title":{"rendered":"HYUNDAI"},"content":{"rendered":"<div data-elementor-type=\"wp-page\" data-elementor-id=\"9471\" class=\"elementor elementor-9471\">\n\t\t\t\t\t\t<section class=\"elementor-section elementor-top-section elementor-element elementor-element-1ff1f972 elementor-section-boxed elementor-section-height-default elementor-section-height-default mkdf-parallax-row-no mkdf-content-aligment-left mkdf-elementor-row-grid-no mkdf-disabled-bg-image-bellow-no mkdf-row-btt-light\" data-id=\"1ff1f972\" data-element_type=\"section\">\n\t\t\t\t\t\t<div class=\"elementor-container elementor-column-gap-default\">\n\t\t\t\t\t<div class=\"elementor-column elementor-col-100 elementor-top-column elementor-element elementor-element-10b0e33f\" data-id=\"10b0e33f\" data-element_type=\"column\">\n\t\t\t<div class=\"elementor-widget-wrap elementor-element-populated\">\n\t\t\t\t\t\t<div class=\"elementor-element elementor-element-2bfdf629 elementor-widget elementor-widget-text-editor\" data-id=\"2bfdf629\" data-element_type=\"widget\" data-widget_type=\"text-editor.default\">\n\t\t\t\t<div class=\"elementor-widget-container\">\n\t\t\t\t\t\t\t\t\t<div class=\"wpb_text_column wpb_content_element\"><div class=\"wpb_wrapper\"><div id=\"tablepress-hyundai_tr-scroll-wrapper\" class=\"tablepress-scroll-wrapper\"><div id=\"tablepress-hyundai_tr_wrapper\" class=\"dataTables_wrapper no-footer\"><table id=\"tablepress-hyundai_tr\" class=\"tablepress tablepress-id-hyundai_tr dataTable no-footer\" role=\"grid\"><thead><tr class=\"row-1 odd\" role=\"row\"><th class=\"column-2 sorting_disabled\" colspan=\"1\" rowspan=\"1\">\u00dcR\u00dcNLER<\/th><th class=\"column-3 sorting_disabled\" colspan=\"1\" rowspan=\"1\">KAMEKS CODE<\/th><th class=\"column-4 sorting_disabled\" colspan=\"1\" rowspan=\"1\">Brand<\/th><th class=\"column-5 sorting_disabled\" colspan=\"1\" rowspan=\"1\">OEM NO<\/th><th class=\"column-6 sorting_disabled\" colspan=\"1\" rowspan=\"1\">EXPLANATION<\/th><th class=\"column-6 sorting_disabled\" colspan=\"1\" rowspan=\"1\">MATERIEL<\/th><\/tr><\/thead><tbody class=\"row-hover\"><tr class=\"row-2 even\" role=\"row\"><td class=\"column-1\"><a href=\"http:\/\/www.kameks.net\/wp-content\/uploads\/2023\/02\/KMS10301.jpg\"><img decoding=\"async\" class=\"alignnone size-thumbnail wp-image-9980\" src=\"http:\/\/www.kameks.net\/wp-content\/uploads\/2023\/02\/KMS10301-150x100.jpg\" alt=\"\" width=\"150\" height=\"100\" srcset=\"https:\/\/www.kameks.net\/wp-content\/uploads\/2023\/02\/KMS10301-150x100.jpg 150w, https:\/\/www.kameks.net\/wp-content\/uploads\/2023\/02\/KMS10301-300x200.jpg 300w, https:\/\/www.kameks.net\/wp-content\/uploads\/2023\/02\/KMS10301-1024x683.jpg 1024w, https:\/\/www.kameks.net\/wp-content\/uploads\/2023\/02\/KMS10301-768x512.jpg 768w, https:\/\/www.kameks.net\/wp-content\/uploads\/2023\/02\/KMS10301-1536x1024.jpg 1536w, https:\/\/www.kameks.net\/wp-content\/uploads\/2023\/02\/KMS10301-18x12.jpg 18w, https:\/\/www.kameks.net\/wp-content\/uploads\/2023\/02\/KMS10301.jpg 1800w\" sizes=\"(max-width: 150px) 100vw, 150px\" \/><\/a><\/td><td class=\"column-2\">KMS 10301<\/td><td class=\"column-3\">HYUNDAI<\/td><td class=\"column-4\">24100-42200<\/td><td class=\"column-5\">2.5 D\/TD\/TDI Engine<\/td><td class=\"column-6\">Casting<\/td><\/tr><tr class=\"row-3 odd\" role=\"row\"><td class=\"column-1\"><a href=\"http:\/\/www.kameks.net\/wp-content\/uploads\/2025\/05\/KMS-12201.jpg\"><img decoding=\"async\" class=\"alignnone wp-image-10859\" src=\"http:\/\/www.kameks.net\/wp-content\/uploads\/2025\/05\/KMS-12201-300x225.jpg\" alt=\"\" width=\"150\" height=\"113\" srcset=\"https:\/\/www.kameks.net\/wp-content\/uploads\/2025\/05\/KMS-12201-300x225.jpg 300w, https:\/\/www.kameks.net\/wp-content\/uploads\/2025\/05\/KMS-12201-1024x768.jpg 1024w, https:\/\/www.kameks.net\/wp-content\/uploads\/2025\/05\/KMS-12201-133x100.jpg 133w, https:\/\/www.kameks.net\/wp-content\/uploads\/2025\/05\/KMS-12201-768x576.jpg 768w, https:\/\/www.kameks.net\/wp-content\/uploads\/2025\/05\/KMS-12201-1536x1152.jpg 1536w, https:\/\/www.kameks.net\/wp-content\/uploads\/2025\/05\/KMS-12201-16x12.jpg 16w, https:\/\/www.kameks.net\/wp-content\/uploads\/2025\/05\/KMS-12201.jpg 1600w\" sizes=\"(max-width: 150px) 100vw, 150px\" \/><\/a><\/td><td class=\"column-2\">KMS 12201<\/td><td class=\"column-3\">HYUNDAI<\/td><td class=\"column-4\">24100 27500<\/td><td class=\"column-5\">1.5 CRDI Engine<\/td><td class=\"column-6\">Casting<\/td><\/tr><\/tbody><\/table><p>\u00a0<\/p><\/div><\/div><\/div><\/div><div class=\"wpb_text_column wpb_content_element\"><div class=\"wpb_wrapper\"><blockquote><p>All brand and OEM numbers are for identification purposes only, do not imply genuine products.<\/p><\/blockquote><\/div><\/div>\t\t\t\t\t\t\t\t<\/div>\n\t\t\t\t<\/div>\n\t\t\t\t\t<\/div>\n\t\t<\/div>\n\t\t\t\t\t<\/div>\n\t\t<\/section>\n\t\t\t\t<\/div>","protected":false},"excerpt":{"rendered":"<p>\u00dcR\u00dcNLER KAMEKS KODU MARKA OEM NO A\u00c7IKLAMA MATERYAL KMS 10301 HYUNDAI 24100-42200 2.5 D\/TD\/TDI Motor D\u00f6k\u00fcm KMS 12201 HYUNDAI 24100 27500 1.5 CRDI Motor D\u00f6k\u00fcm \u00a0 T\u00fcm marka ve OEM numaralar\u0131 tan\u0131mlama ama\u00e7l\u0131d\u0131r, \u00fcr\u00fcnlerin orijinal oldu\u011fu anlam\u0131na gelmez<\/p>","protected":false},"author":1,"featured_media":0,"parent":9414,"menu_order":0,"comment_status":"closed","ping_status":"closed","template":"","meta":{"footnotes":""},"yst_prominent_words":[],"class_list":["post-9471","page","type-page","status-publish","hentry"],"_links":{"self":[{"href":"https:\/\/www.kameks.net\/en\/wp-json\/wp\/v2\/pages\/9471","targetHints":{"allow":["GET"]}}],"collection":[{"href":"https:\/\/www.kameks.net\/en\/wp-json\/wp\/v2\/pages"}],"about":[{"href":"https:\/\/www.kameks.net\/en\/wp-json\/wp\/v2\/types\/page"}],"author":[{"embeddable":true,"href":"https:\/\/www.kameks.net\/en\/wp-json\/wp\/v2\/users\/1"}],"replies":[{"embeddable":true,"href":"https:\/\/www.kameks.net\/en\/wp-json\/wp\/v2\/comments?post=9471"}],"version-history":[{"count":11,"href":"https:\/\/www.kameks.net\/en\/wp-json\/wp\/v2\/pages\/9471\/revisions"}],"predecessor-version":[{"id":10863,"href":"https:\/\/www.kameks.net\/en\/wp-json\/wp\/v2\/pages\/9471\/revisions\/10863"}],"up":[{"embeddable":true,"href":"https:\/\/www.kameks.net\/en\/wp-json\/wp\/v2\/pages\/9414"}],"wp:attachment":[{"href":"https:\/\/www.kameks.net\/en\/wp-json\/wp\/v2\/media?parent=9471"}],"wp:term":[{"taxonomy":"yst_prominent_words","embeddable":true,"href":"https:\/\/www.kameks.net\/en\/wp-json\/wp\/v2\/yst_prominent_words?post=9471"}],"curies":[{"name":"wp","href":"https:\/\/api.w.org\/{rel}","templated":true}]}}