{"id":9473,"date":"2023-01-07T00:22:54","date_gmt":"2023-01-06T21:22:54","guid":{"rendered":"https:\/\/www.kameks.net\/?page_id=9473"},"modified":"2023-02-02T22:45:40","modified_gmt":"2023-02-02T19:45:40","slug":"isuzu","status":"publish","type":"page","link":"https:\/\/www.kameks.net\/en\/urunler\/standart-eksantrik-milleri\/isuzu\/","title":{"rendered":"ISUZU"},"content":{"rendered":"<div class=\"wpb_text_column wpb_content_element\">\n<div class=\"wpb_wrapper\">\n<div id=\"tablepress-isuzu_tr-scroll-wrapper\" class=\"tablepress-scroll-wrapper\">\n<div id=\"tablepress-isuzu_tr_wrapper\" class=\"dataTables_wrapper no-footer\">\n<table id=\"tablepress-isuzu_tr\" class=\"tablepress tablepress-id-isuzu_tr dataTable no-footer\" role=\"grid\">\n<thead>\n<tr class=\"row-1 odd\" role=\"row\">\n<th class=\"column-1 sorting_disabled\" colspan=\"1\" rowspan=\"1\"><\/th>\n<th class=\"column-2 sorting_disabled\" colspan=\"1\" rowspan=\"1\">KAMEKS CODE<\/th>\n<th class=\"column-3 sorting_disabled\" colspan=\"1\" rowspan=\"1\">Brand<\/th>\n<th class=\"column-4 sorting_disabled\" colspan=\"1\" rowspan=\"1\">OEM NO<\/th>\n<th class=\"column-5 sorting_disabled\" colspan=\"1\" rowspan=\"1\">EXPLANATION<\/th>\n<th class=\"column-6 sorting_disabled\" colspan=\"1\" rowspan=\"1\">MATERIEL<\/th>\n<\/tr>\n<\/thead>\n<tbody class=\"row-hover\">\n<tr class=\"row-2 even\" role=\"row\">\n<td class=\"column-1\"><\/td>\n<td class=\"column-2\">KMS 11902<\/td>\n<td class=\"column-3\">ISUZU<\/td>\n<td class=\"column-4\">8943817120<\/td>\n<td class=\"column-5\">Gemini<\/td>\n<td class=\"column-6\">Casting<\/td>\n<\/tr>\n<\/tbody>\n<\/table>\n<p>&nbsp;<\/p>\n<\/div>\n<\/div>\n<\/div>\n<\/div>\n<div class=\"wpb_text_column wpb_content_element\">\n<div class=\"wpb_wrapper\">\n<blockquote><p>All brand and OEM numbers are for identification purposes only, do not imply genuine products.<\/p><\/blockquote>\n<\/div>\n<\/div>","protected":false},"excerpt":{"rendered":"<p>KAMEKS KODU MARKA OEM NO A\u00c7IKLAMA MATERYAL KMS 11902 ISUZU 8943817120 Gemini D\u00f6k\u00fcm &nbsp; T\u00fcm marka ve OEM numaralar\u0131 tan\u0131mlama ama\u00e7l\u0131d\u0131r, \u00fcr\u00fcnlerin orijinal oldu\u011fu anlam\u0131na gelmez<\/p>","protected":false},"author":1,"featured_media":0,"parent":9414,"menu_order":0,"comment_status":"closed","ping_status":"closed","template":"","meta":{"footnotes":""},"yst_prominent_words":[],"class_list":["post-9473","page","type-page","status-publish","hentry"],"_links":{"self":[{"href":"https:\/\/www.kameks.net\/en\/wp-json\/wp\/v2\/pages\/9473","targetHints":{"allow":["GET"]}}],"collection":[{"href":"https:\/\/www.kameks.net\/en\/wp-json\/wp\/v2\/pages"}],"about":[{"href":"https:\/\/www.kameks.net\/en\/wp-json\/wp\/v2\/types\/page"}],"author":[{"embeddable":true,"href":"https:\/\/www.kameks.net\/en\/wp-json\/wp\/v2\/users\/1"}],"replies":[{"embeddable":true,"href":"https:\/\/www.kameks.net\/en\/wp-json\/wp\/v2\/comments?post=9473"}],"version-history":[{"count":1,"href":"https:\/\/www.kameks.net\/en\/wp-json\/wp\/v2\/pages\/9473\/revisions"}],"predecessor-version":[{"id":9474,"href":"https:\/\/www.kameks.net\/en\/wp-json\/wp\/v2\/pages\/9473\/revisions\/9474"}],"up":[{"embeddable":true,"href":"https:\/\/www.kameks.net\/en\/wp-json\/wp\/v2\/pages\/9414"}],"wp:attachment":[{"href":"https:\/\/www.kameks.net\/en\/wp-json\/wp\/v2\/media?parent=9473"}],"wp:term":[{"taxonomy":"yst_prominent_words","embeddable":true,"href":"https:\/\/www.kameks.net\/en\/wp-json\/wp\/v2\/yst_prominent_words?post=9473"}],"curies":[{"name":"wp","href":"https:\/\/api.w.org\/{rel}","templated":true}]}}