{"id":9475,"date":"2023-01-07T00:23:47","date_gmt":"2023-01-06T21:23:47","guid":{"rendered":"https:\/\/www.kameks.net\/?page_id=9475"},"modified":"2025-05-30T11:31:01","modified_gmt":"2025-05-30T08:31:01","slug":"iveco","status":"publish","type":"page","link":"https:\/\/www.kameks.net\/en\/urunler\/standart-eksantrik-milleri\/iveco\/","title":{"rendered":"IVECO"},"content":{"rendered":"<div data-elementor-type=\"wp-page\" data-elementor-id=\"9475\" class=\"elementor elementor-9475\">\n\t\t\t\t\t\t<section class=\"elementor-section elementor-top-section elementor-element elementor-element-3618e56b elementor-section-boxed elementor-section-height-default elementor-section-height-default mkdf-parallax-row-no mkdf-content-aligment-left mkdf-elementor-row-grid-no mkdf-disabled-bg-image-bellow-no mkdf-row-btt-light\" data-id=\"3618e56b\" data-element_type=\"section\">\n\t\t\t\t\t\t<div class=\"elementor-container elementor-column-gap-default\">\n\t\t\t\t\t<div class=\"elementor-column elementor-col-100 elementor-top-column elementor-element elementor-element-3039a7f8\" data-id=\"3039a7f8\" data-element_type=\"column\">\n\t\t\t<div class=\"elementor-widget-wrap elementor-element-populated\">\n\t\t\t\t\t\t<div class=\"elementor-element elementor-element-e82d39f elementor-widget elementor-widget-text-editor\" data-id=\"e82d39f\" data-element_type=\"widget\" data-widget_type=\"text-editor.default\">\n\t\t\t\t<div class=\"elementor-widget-container\">\n\t\t\t\t\t\t\t\t\t<div class=\"wpb_text_column wpb_content_element\"><div class=\"wpb_wrapper\"><div id=\"tablepress-iveco_tr-scroll-wrapper\" class=\"tablepress-scroll-wrapper\"><div id=\"tablepress-iveco_tr_wrapper\" class=\"dataTables_wrapper no-footer\"><p>\u200b<\/p><table id=\"tablepress-iveco_tr\" class=\"tablepress tablepress-id-iveco_tr dataTable no-footer\" role=\"grid\"><thead><tr class=\"row-1 odd\" role=\"row\"><th class=\"column-2 sorting_disabled\" colspan=\"1\" rowspan=\"1\">\u00dcR\u00dcNLER<\/th><th class=\"column-3 sorting_disabled\" colspan=\"1\" rowspan=\"1\">KAMEKS CODE<\/th><th class=\"column-4 sorting_disabled\" colspan=\"1\" rowspan=\"1\">Brand<\/th><th class=\"column-5 sorting_disabled\" colspan=\"1\" rowspan=\"1\">OEM NO<\/th><th class=\"column-6 sorting_disabled\" colspan=\"1\" rowspan=\"1\">EXPLANATION<\/th><th class=\"column-6 sorting_disabled\" colspan=\"1\" rowspan=\"1\">MATERIEL<\/th><\/tr><\/thead><tbody class=\"row-hover\"><tr class=\"row-2 even\" role=\"row\"><td class=\"column-1\"><a href=\"http:\/\/www.kameks.net\/wp-content\/uploads\/2025\/05\/KMS-12401-kopya-scaled.jpg\"><img decoding=\"async\" class=\"alignnone wp-image-10873\" src=\"http:\/\/www.kameks.net\/wp-content\/uploads\/2025\/05\/KMS-12401-kopya-300x225.jpg\" alt=\"\" width=\"150\" height=\"113\" srcset=\"https:\/\/www.kameks.net\/wp-content\/uploads\/2025\/05\/KMS-12401-kopya-300x225.jpg 300w, https:\/\/www.kameks.net\/wp-content\/uploads\/2025\/05\/KMS-12401-kopya-1024x768.jpg 1024w, https:\/\/www.kameks.net\/wp-content\/uploads\/2025\/05\/KMS-12401-kopya-133x100.jpg 133w, https:\/\/www.kameks.net\/wp-content\/uploads\/2025\/05\/KMS-12401-kopya-768x576.jpg 768w, https:\/\/www.kameks.net\/wp-content\/uploads\/2025\/05\/KMS-12401-kopya-1536x1152.jpg 1536w, https:\/\/www.kameks.net\/wp-content\/uploads\/2025\/05\/KMS-12401-kopya-16x12.jpg 16w\" sizes=\"(max-width: 150px) 100vw, 150px\" \/><\/a><\/td><td class=\"column-2\">KMS 12401<\/td><td class=\"column-3\">IVECO<\/td><td class=\"column-4\">504096183<\/td><td class=\"column-5\">Daily 2.3 16V Exhaust (FPT Engine)<\/td><td class=\"column-6\">Steel<\/td><\/tr><tr class=\"row-3 odd\" role=\"row\"><td class=\"column-1\"><a href=\"http:\/\/www.kameks.net\/wp-content\/uploads\/2025\/05\/KMS-12402.jpg\"><img decoding=\"async\" class=\"alignnone wp-image-10874\" src=\"http:\/\/www.kameks.net\/wp-content\/uploads\/2025\/05\/KMS-12402-300x225.jpg\" alt=\"\" width=\"150\" height=\"113\" srcset=\"https:\/\/www.kameks.net\/wp-content\/uploads\/2025\/05\/KMS-12402-300x225.jpg 300w, https:\/\/www.kameks.net\/wp-content\/uploads\/2025\/05\/KMS-12402-1024x768.jpg 1024w, https:\/\/www.kameks.net\/wp-content\/uploads\/2025\/05\/KMS-12402-133x100.jpg 133w, https:\/\/www.kameks.net\/wp-content\/uploads\/2025\/05\/KMS-12402-768x576.jpg 768w, https:\/\/www.kameks.net\/wp-content\/uploads\/2025\/05\/KMS-12402-1536x1152.jpg 1536w, https:\/\/www.kameks.net\/wp-content\/uploads\/2025\/05\/KMS-12402-16x12.jpg 16w, https:\/\/www.kameks.net\/wp-content\/uploads\/2025\/05\/KMS-12402.jpg 1600w\" sizes=\"(max-width: 150px) 100vw, 150px\" \/><\/a><\/td><td class=\"column-2\">KMS 12402<\/td><td class=\"column-3\">IVECO<\/td><td class=\"column-4\">504096185<\/td><td class=\"column-5\">Daily 2.3 16V Suction (FPT Engine)<\/td><td class=\"column-6\">Steel<\/td><\/tr><tr class=\"row-4 even\" role=\"row\"><td class=\"column-1\"><a href=\"http:\/\/www.kameks.net\/wp-content\/uploads\/2025\/05\/KMS-12403.jpg\"><img decoding=\"async\" class=\"alignnone wp-image-10875\" src=\"http:\/\/www.kameks.net\/wp-content\/uploads\/2025\/05\/KMS-12403-300x225.jpg\" alt=\"\" width=\"150\" height=\"113\" srcset=\"https:\/\/www.kameks.net\/wp-content\/uploads\/2025\/05\/KMS-12403-300x225.jpg 300w, https:\/\/www.kameks.net\/wp-content\/uploads\/2025\/05\/KMS-12403-1024x768.jpg 1024w, https:\/\/www.kameks.net\/wp-content\/uploads\/2025\/05\/KMS-12403-133x100.jpg 133w, https:\/\/www.kameks.net\/wp-content\/uploads\/2025\/05\/KMS-12403-768x576.jpg 768w, https:\/\/www.kameks.net\/wp-content\/uploads\/2025\/05\/KMS-12403-1536x1152.jpg 1536w, https:\/\/www.kameks.net\/wp-content\/uploads\/2025\/05\/KMS-12403-16x12.jpg 16w, https:\/\/www.kameks.net\/wp-content\/uploads\/2025\/05\/KMS-12403.jpg 1600w\" sizes=\"(max-width: 150px) 100vw, 150px\" \/><\/a><\/td><td class=\"column-2\">KMS 12403<\/td><td class=\"column-3\">IVECO<\/td><td class=\"column-4\">99468762<\/td><td class=\"column-5\">8060.45S\/K Euro 2 (FPT Engine)<\/td><td class=\"column-6\">Steel<\/td><\/tr><tr class=\"row-5 odd\" role=\"row\"><td class=\"column-1\"><a href=\"https:\/\/www.kameks.net\/wp-content\/uploads\/2023\/02\/KMS12404.jpg\"><img loading=\"lazy\" decoding=\"async\" class=\"alignnone size-thumbnail wp-image-9982\" src=\"http:\/\/www.kameks.net\/wp-content\/uploads\/2023\/02\/KMS12404-150x100.jpg\" alt=\"\" width=\"150\" height=\"100\" srcset=\"https:\/\/www.kameks.net\/wp-content\/uploads\/2023\/02\/KMS12404-150x100.jpg 150w, https:\/\/www.kameks.net\/wp-content\/uploads\/2023\/02\/KMS12404-300x200.jpg 300w, https:\/\/www.kameks.net\/wp-content\/uploads\/2023\/02\/KMS12404-1024x683.jpg 1024w, https:\/\/www.kameks.net\/wp-content\/uploads\/2023\/02\/KMS12404-768x512.jpg 768w, https:\/\/www.kameks.net\/wp-content\/uploads\/2023\/02\/KMS12404-1536x1024.jpg 1536w, https:\/\/www.kameks.net\/wp-content\/uploads\/2023\/02\/KMS12404-18x12.jpg 18w, https:\/\/www.kameks.net\/wp-content\/uploads\/2023\/02\/KMS12404.jpg 1800w\" sizes=\"(max-width: 150px) 100vw, 150px\" \/><\/a><\/td><td class=\"column-2\">KMS 12404<\/td><td class=\"column-3\">IVECO<\/td><td class=\"column-4\">4607850<\/td><td class=\"column-5\">8060\/65.02 &#8211; 80\/90\/110NC<\/td><td class=\"column-6\">Steel<\/td><\/tr><tr class=\"row-6 even\" role=\"row\"><td class=\"column-1\"><a href=\"https:\/\/www.kameks.net\/wp-content\/uploads\/2023\/02\/KMS12405.jpg\"><img loading=\"lazy\" decoding=\"async\" class=\"alignnone size-thumbnail wp-image-9986\" src=\"http:\/\/www.kameks.net\/wp-content\/uploads\/2023\/02\/KMS12405-150x100.jpg\" alt=\"\" width=\"150\" height=\"100\" srcset=\"https:\/\/www.kameks.net\/wp-content\/uploads\/2023\/02\/KMS12405-150x100.jpg 150w, https:\/\/www.kameks.net\/wp-content\/uploads\/2023\/02\/KMS12405-300x200.jpg 300w, https:\/\/www.kameks.net\/wp-content\/uploads\/2023\/02\/KMS12405-1024x683.jpg 1024w, https:\/\/www.kameks.net\/wp-content\/uploads\/2023\/02\/KMS12405-768x512.jpg 768w, https:\/\/www.kameks.net\/wp-content\/uploads\/2023\/02\/KMS12405-1536x1024.jpg 1536w, https:\/\/www.kameks.net\/wp-content\/uploads\/2023\/02\/KMS12405-18x12.jpg 18w, https:\/\/www.kameks.net\/wp-content\/uploads\/2023\/02\/KMS12405.jpg 1800w\" sizes=\"(max-width: 150px) 100vw, 150px\" \/><\/a><\/td><td class=\"column-2\">KMS 12405<\/td><td class=\"column-3\">IVECO<\/td><td class=\"column-4\">4818552<\/td><td class=\"column-5\">8040.05-25 ZETA\/TURBOZETA<\/td><td class=\"column-6\">Steel<\/td><\/tr><tr class=\"row-7 odd\" role=\"row\"><td class=\"column-1\">\u00a0<\/td><td class=\"column-2\">KMS 12406<\/td><td class=\"column-3\">IVECO<\/td><td class=\"column-4\">98425868<\/td><td class=\"column-5\">4 CYLINDRICAL CAMSHAFT<\/td><td class=\"column-6\">Steel<\/td><\/tr><tr class=\"row-8 even\" role=\"row\"><td class=\"column-1\"><a href=\"https:\/\/www.kameks.net\/wp-content\/uploads\/2023\/02\/KMS12407.jpg\"><img loading=\"lazy\" decoding=\"async\" class=\"alignnone size-thumbnail wp-image-9985\" src=\"http:\/\/www.kameks.net\/wp-content\/uploads\/2023\/02\/KMS12407-150x100.jpg\" alt=\"\" width=\"150\" height=\"100\" srcset=\"https:\/\/www.kameks.net\/wp-content\/uploads\/2023\/02\/KMS12407-150x100.jpg 150w, https:\/\/www.kameks.net\/wp-content\/uploads\/2023\/02\/KMS12407-300x200.jpg 300w, https:\/\/www.kameks.net\/wp-content\/uploads\/2023\/02\/KMS12407-1024x683.jpg 1024w, https:\/\/www.kameks.net\/wp-content\/uploads\/2023\/02\/KMS12407-768x512.jpg 768w, https:\/\/www.kameks.net\/wp-content\/uploads\/2023\/02\/KMS12407-1536x1024.jpg 1536w, https:\/\/www.kameks.net\/wp-content\/uploads\/2023\/02\/KMS12407-18x12.jpg 18w, https:\/\/www.kameks.net\/wp-content\/uploads\/2023\/02\/KMS12407.jpg 1800w\" sizes=\"(max-width: 150px) 100vw, 150px\" \/><\/a><\/td><td class=\"column-2\">KMS 12407<\/td><td class=\"column-3\">IVECO<\/td><td class=\"column-4\">98420188<br \/>504221496<\/td><td class=\"column-5\">8040.45 75E14 EUROCARGO<br \/>CURSOR 10 Camshaft<\/td><td class=\"column-6\">Steel<\/td><\/tr><tr class=\"row-9 odd\" role=\"row\"><td class=\"column-1\"><a href=\"https:\/\/www.kameks.net\/wp-content\/uploads\/2023\/02\/KMS12408.jpg\"><img loading=\"lazy\" decoding=\"async\" class=\"alignnone size-thumbnail wp-image-9984\" src=\"http:\/\/www.kameks.net\/wp-content\/uploads\/2023\/02\/KMS12408-150x100.jpg\" alt=\"\" width=\"150\" height=\"100\" srcset=\"https:\/\/www.kameks.net\/wp-content\/uploads\/2023\/02\/KMS12408-150x100.jpg 150w, https:\/\/www.kameks.net\/wp-content\/uploads\/2023\/02\/KMS12408-300x200.jpg 300w, https:\/\/www.kameks.net\/wp-content\/uploads\/2023\/02\/KMS12408-1024x683.jpg 1024w, https:\/\/www.kameks.net\/wp-content\/uploads\/2023\/02\/KMS12408-768x512.jpg 768w, https:\/\/www.kameks.net\/wp-content\/uploads\/2023\/02\/KMS12408-1536x1024.jpg 1536w, https:\/\/www.kameks.net\/wp-content\/uploads\/2023\/02\/KMS12408-18x12.jpg 18w, https:\/\/www.kameks.net\/wp-content\/uploads\/2023\/02\/KMS12408.jpg 1800w\" sizes=\"(max-width: 150px) 100vw, 150px\" \/><\/a><\/td><td class=\"column-2\">KMS 12408<\/td><td class=\"column-3\">IVECO<\/td><td class=\"column-4\">504083996<\/td><td class=\"column-5\">CURSOR 10 Camshaft<\/td><td class=\"column-6\">Steel<\/td><\/tr><tr class=\"row-9 odd\" role=\"row\"><td class=\"column-1\"><a href=\"http:\/\/www.kameks.net\/wp-content\/uploads\/2025\/05\/KMS-12414-kopya-scaled.jpg\"><img loading=\"lazy\" decoding=\"async\" class=\"alignnone wp-image-10876\" src=\"http:\/\/www.kameks.net\/wp-content\/uploads\/2025\/05\/KMS-12414-kopya-300x225.jpg\" alt=\"\" width=\"150\" height=\"113\" srcset=\"https:\/\/www.kameks.net\/wp-content\/uploads\/2025\/05\/KMS-12414-kopya-300x225.jpg 300w, https:\/\/www.kameks.net\/wp-content\/uploads\/2025\/05\/KMS-12414-kopya-1024x768.jpg 1024w, https:\/\/www.kameks.net\/wp-content\/uploads\/2025\/05\/KMS-12414-kopya-133x100.jpg 133w, https:\/\/www.kameks.net\/wp-content\/uploads\/2025\/05\/KMS-12414-kopya-768x576.jpg 768w, https:\/\/www.kameks.net\/wp-content\/uploads\/2025\/05\/KMS-12414-kopya-1536x1152.jpg 1536w, https:\/\/www.kameks.net\/wp-content\/uploads\/2025\/05\/KMS-12414-kopya-16x12.jpg 16w\" sizes=\"(max-width: 150px) 100vw, 150px\" \/><\/a><\/td><td class=\"column-2\">KMS 12414<\/td><td class=\"column-3\">IVECO<\/td><td class=\"column-4\">99481455<\/td><td class=\"column-5\">CURSOR 8 EURO 2 STRALIS\/TRAKKER<\/td><td class=\"column-6\">Steel<\/td><\/tr><tr class=\"row-9 odd\" role=\"row\"><td class=\"column-1\"><a href=\"http:\/\/www.kameks.net\/wp-content\/uploads\/2025\/05\/KMS-12415-kopya-scaled.jpg\"><img loading=\"lazy\" decoding=\"async\" class=\"alignnone wp-image-10877\" src=\"http:\/\/www.kameks.net\/wp-content\/uploads\/2025\/05\/KMS-12415-kopya-300x225.jpg\" alt=\"\" width=\"150\" height=\"113\" srcset=\"https:\/\/www.kameks.net\/wp-content\/uploads\/2025\/05\/KMS-12415-kopya-300x225.jpg 300w, https:\/\/www.kameks.net\/wp-content\/uploads\/2025\/05\/KMS-12415-kopya-1024x768.jpg 1024w, https:\/\/www.kameks.net\/wp-content\/uploads\/2025\/05\/KMS-12415-kopya-133x100.jpg 133w, https:\/\/www.kameks.net\/wp-content\/uploads\/2025\/05\/KMS-12415-kopya-768x576.jpg 768w, https:\/\/www.kameks.net\/wp-content\/uploads\/2025\/05\/KMS-12415-kopya-1536x1152.jpg 1536w, https:\/\/www.kameks.net\/wp-content\/uploads\/2025\/05\/KMS-12415-kopya-16x12.jpg 16w\" sizes=\"(max-width: 150px) 100vw, 150px\" \/><\/a><\/td><td class=\"column-2\">KMS 12415<\/td><td class=\"column-3\">IVECO<\/td><td class=\"column-4\">5801465702<\/td><td class=\"column-5\">CURSOR 11 Euro 6 S-WAY\/STRALIS<\/td><td class=\"column-6\">Steel<\/td><\/tr><\/tbody><\/table><\/div><\/div><\/div><\/div><div class=\"wpb_text_column wpb_content_element\"><div class=\"wpb_wrapper\"><blockquote><p>All brand and OEM numbers are for identification purposes only, do not imply genuine products.<\/p><\/blockquote><\/div><\/div>\t\t\t\t\t\t\t\t<\/div>\n\t\t\t\t<\/div>\n\t\t\t\t\t<\/div>\n\t\t<\/div>\n\t\t\t\t\t<\/div>\n\t\t<\/section>\n\t\t\t\t<\/div>","protected":false},"excerpt":{"rendered":"<p>\u200b \u00dcR\u00dcNLER KAMEKS KODU MARKA OEM NO A\u00c7IKLAMA MATERYAL KMS 12401 IVECO 504096183 Daily 2.3 16V Eksoz (FPT Motor) \u00c7elik KMS 12402 IVECO 504096185 Daily 2.3 16V Emme (FPT Motor) \u00c7elik KMS 12403 IVECO 99468762 8060.45S\/K Euro 2 (FPT Motor) [&hellip;]<\/p>","protected":false},"author":1,"featured_media":0,"parent":9414,"menu_order":0,"comment_status":"closed","ping_status":"closed","template":"","meta":{"footnotes":""},"yst_prominent_words":[],"class_list":["post-9475","page","type-page","status-publish","hentry"],"_links":{"self":[{"href":"https:\/\/www.kameks.net\/en\/wp-json\/wp\/v2\/pages\/9475","targetHints":{"allow":["GET"]}}],"collection":[{"href":"https:\/\/www.kameks.net\/en\/wp-json\/wp\/v2\/pages"}],"about":[{"href":"https:\/\/www.kameks.net\/en\/wp-json\/wp\/v2\/types\/page"}],"author":[{"embeddable":true,"href":"https:\/\/www.kameks.net\/en\/wp-json\/wp\/v2\/users\/1"}],"replies":[{"embeddable":true,"href":"https:\/\/www.kameks.net\/en\/wp-json\/wp\/v2\/comments?post=9475"}],"version-history":[{"count":15,"href":"https:\/\/www.kameks.net\/en\/wp-json\/wp\/v2\/pages\/9475\/revisions"}],"predecessor-version":[{"id":10880,"href":"https:\/\/www.kameks.net\/en\/wp-json\/wp\/v2\/pages\/9475\/revisions\/10880"}],"up":[{"embeddable":true,"href":"https:\/\/www.kameks.net\/en\/wp-json\/wp\/v2\/pages\/9414"}],"wp:attachment":[{"href":"https:\/\/www.kameks.net\/en\/wp-json\/wp\/v2\/media?parent=9475"}],"wp:term":[{"taxonomy":"yst_prominent_words","embeddable":true,"href":"https:\/\/www.kameks.net\/en\/wp-json\/wp\/v2\/yst_prominent_words?post=9475"}],"curies":[{"name":"wp","href":"https:\/\/api.w.org\/{rel}","templated":true}]}}