{"id":9481,"date":"2023-01-07T00:25:55","date_gmt":"2023-01-06T21:25:55","guid":{"rendered":"https:\/\/www.kameks.net\/?page_id=9481"},"modified":"2025-05-30T09:38:07","modified_gmt":"2025-05-30T06:38:07","slug":"man","status":"publish","type":"page","link":"https:\/\/www.kameks.net\/en\/urunler\/standart-eksantrik-milleri\/man\/","title":{"rendered":"MAN"},"content":{"rendered":"<div data-elementor-type=\"wp-page\" data-elementor-id=\"9481\" class=\"elementor elementor-9481\">\n\t\t\t\t\t\t<section class=\"elementor-section elementor-top-section elementor-element elementor-element-6bcf9170 elementor-section-boxed elementor-section-height-default elementor-section-height-default mkdf-parallax-row-no mkdf-content-aligment-left mkdf-elementor-row-grid-no mkdf-disabled-bg-image-bellow-no mkdf-row-btt-light\" data-id=\"6bcf9170\" data-element_type=\"section\">\n\t\t\t\t\t\t<div class=\"elementor-container elementor-column-gap-default\">\n\t\t\t\t\t<div class=\"elementor-column elementor-col-100 elementor-top-column elementor-element elementor-element-7270f750\" data-id=\"7270f750\" data-element_type=\"column\">\n\t\t\t<div class=\"elementor-widget-wrap elementor-element-populated\">\n\t\t\t\t\t\t<div class=\"elementor-element elementor-element-4fcbed93 elementor-widget elementor-widget-text-editor\" data-id=\"4fcbed93\" data-element_type=\"widget\" data-widget_type=\"text-editor.default\">\n\t\t\t\t<div class=\"elementor-widget-container\">\n\t\t\t\t\t\t\t\t\t<div class=\"wpb_text_column wpb_content_element\"><div class=\"wpb_wrapper\"><div id=\"tablepress-man_tr-scroll-wrapper\" class=\"tablepress-scroll-wrapper\"><div id=\"tablepress-man_tr_wrapper\" class=\"dataTables_wrapper no-footer\"><table id=\"tablepress-man_tr\" class=\"tablepress tablepress-id-man_tr dataTable no-footer\" role=\"grid\"><thead><tr class=\"row-1 odd\" role=\"row\"><th class=\"column-2 sorting_disabled\" colspan=\"1\" rowspan=\"1\">\u00dcR\u00dcNLER<\/th><th class=\"column-3 sorting_disabled\" colspan=\"1\" rowspan=\"1\">KAMEKS CODE<\/th><th class=\"column-4 sorting_disabled\" colspan=\"1\" rowspan=\"1\">Brand<\/th><th class=\"column-5 sorting_disabled\" colspan=\"1\" rowspan=\"1\">OEM NO<\/th><th class=\"column-6 sorting_disabled\" colspan=\"1\" rowspan=\"1\">EXPLANATION<\/th><th class=\"column-6 sorting_disabled\" colspan=\"1\" rowspan=\"1\">MATERIEL<\/th><\/tr><\/thead><tbody class=\"row-hover\"><tr class=\"row-2 even\" role=\"row\"><td class=\"column-1\">\u00a0<\/td><td class=\"column-2\">KMS 10701<\/td><td class=\"column-3\">MAN<\/td><td class=\"column-4\">51 04401 6271<\/td><td class=\"column-5\">D 2566 \/ D 2866 R6<\/td><td class=\"column-6\">Steel<\/td><\/tr><tr class=\"row-3 odd\" role=\"row\"><td class=\"column-1\">\u00a0<\/td><td class=\"column-2\">KMS 10702<\/td><td class=\"column-3\">MAN<\/td><td class=\"column-4\">51 04401 6125<\/td><td class=\"column-5\">D 2556 \/ D 2566 R6<\/td><td class=\"column-6\">Steel<\/td><\/tr><tr class=\"row-4 even\" role=\"row\"><td class=\"column-1\">\u00a0<\/td><td class=\"column-2\">KMS 10703<\/td><td class=\"column-3\">MAN<\/td><td class=\"column-4\">51 04401 6373<\/td><td class=\"column-5\">D 2866 \/ D 2876 R6<\/td><td class=\"column-6\">Steel<\/td><\/tr><tr class=\"row-5 odd\" role=\"row\"><td class=\"column-1\">\u00a0<\/td><td class=\"column-2\">KMS 10703D<\/td><td class=\"column-3\">MAN<\/td><td class=\"column-4\">51 04401 6373<\/td><td class=\"column-5\">D 2866 \/ D 2876 R6 GEAR<\/td><td class=\"column-6\">Steel<\/td><\/tr><tr class=\"row-6 even\" role=\"row\"><td class=\"column-1\">\u00a0<\/td><td class=\"column-2\">KMS 10704<\/td><td class=\"column-3\">MAN<\/td><td class=\"column-4\">51 04401 6363<\/td><td class=\"column-5\">D 2842 V12<\/td><td class=\"column-6\">Steel<\/td><\/tr><tr class=\"row-7 odd\" role=\"row\"><td class=\"column-1\"><a href=\"https:\/\/www.kameks.net\/wp-content\/uploads\/2023\/02\/KMS10705.jpg\"><img decoding=\"async\" class=\"alignnone wp-image-9914 size-thumbnail\" src=\"http:\/\/www.kameks.net\/wp-content\/uploads\/2023\/02\/KMS10705-150x100.jpg\" alt=\"\" width=\"150\" height=\"100\" \/><\/a><\/td><td class=\"column-2\">KMS 10705<\/td><td class=\"column-3\">MAN<\/td><td class=\"column-4\">51 04401 6290<\/td><td class=\"column-5\">D 0826 R6<\/td><td class=\"column-6\">Steel<\/td><\/tr><tr class=\"row-8 even\" role=\"row\"><td class=\"column-1\"><a href=\"https:\/\/www.kameks.net\/wp-content\/uploads\/2023\/02\/KMS10706.jpg\"><img decoding=\"async\" class=\"alignnone wp-image-9914 size-thumbnail\" src=\"http:\/\/www.kameks.net\/wp-content\/uploads\/2023\/02\/KMS10706-150x100.jpg\" alt=\"\" width=\"150\" height=\"100\" \/><\/a><\/td><td class=\"column-2\">KMS 10706<\/td><td class=\"column-3\">MAN<\/td><td class=\"column-4\">51 04401 6266<\/td><td class=\"column-5\">D 0826 LUH02 R6<\/td><td class=\"column-6\">Steel<\/td><\/tr><tr class=\"row-9 odd\" role=\"row\"><td class=\"column-1\"><a href=\"https:\/\/www.kameks.net\/wp-content\/uploads\/2023\/02\/KMS10707.jpg\"><img decoding=\"async\" class=\"alignnone wp-image-9914 size-thumbnail\" src=\"http:\/\/www.kameks.net\/wp-content\/uploads\/2023\/02\/KMS10707-150x100.jpg\" alt=\"\" width=\"150\" height=\"100\" \/><\/a><\/td><td class=\"column-2\">KMS 10707<\/td><td class=\"column-3\">MAN<\/td><td class=\"column-4\">51 04401 6371<\/td><td class=\"column-5\">D 0836 R6<\/td><td class=\"column-6\">Steel<\/td><\/tr><tr class=\"row-10 even\" role=\"row\"><td class=\"column-1\"><a href=\"https:\/\/www.kameks.net\/wp-content\/uploads\/2023\/02\/KMS10708.jpg\"><img loading=\"lazy\" decoding=\"async\" class=\"alignnone size-thumbnail wp-image-9996\" src=\"http:\/\/www.kameks.net\/wp-content\/uploads\/2023\/02\/KMS10708-150x100.jpg\" alt=\"\" width=\"150\" height=\"100\" srcset=\"https:\/\/www.kameks.net\/wp-content\/uploads\/2023\/02\/KMS10708-150x100.jpg 150w, https:\/\/www.kameks.net\/wp-content\/uploads\/2023\/02\/KMS10708-300x200.jpg 300w, https:\/\/www.kameks.net\/wp-content\/uploads\/2023\/02\/KMS10708-1024x683.jpg 1024w, https:\/\/www.kameks.net\/wp-content\/uploads\/2023\/02\/KMS10708-768x512.jpg 768w, https:\/\/www.kameks.net\/wp-content\/uploads\/2023\/02\/KMS10708-1536x1024.jpg 1536w, https:\/\/www.kameks.net\/wp-content\/uploads\/2023\/02\/KMS10708-18x12.jpg 18w, https:\/\/www.kameks.net\/wp-content\/uploads\/2023\/02\/KMS10708.jpg 1800w\" sizes=\"(max-width: 150px) 100vw, 150px\" \/><\/a><\/td><td class=\"column-2\">KMS 10708<\/td><td class=\"column-3\">MAN<\/td><td class=\"column-4\">51 04401 6006<\/td><td class=\"column-5\">D 2866 \u2013 D 2876<\/td><td class=\"column-6\">Steel<\/td><\/tr><tr class=\"row-11 odd\" role=\"row\"><td class=\"column-1\"><a href=\"https:\/\/www.kameks.net\/wp-content\/uploads\/2023\/02\/KMS10708D-51044015053.jpg\"><img loading=\"lazy\" decoding=\"async\" class=\"alignnone size-thumbnail wp-image-9997\" src=\"http:\/\/www.kameks.net\/wp-content\/uploads\/2023\/02\/KMS10708D-51044015053-150x100.jpg\" alt=\"\" width=\"150\" height=\"100\" srcset=\"https:\/\/www.kameks.net\/wp-content\/uploads\/2023\/02\/KMS10708D-51044015053-150x100.jpg 150w, https:\/\/www.kameks.net\/wp-content\/uploads\/2023\/02\/KMS10708D-51044015053-300x200.jpg 300w, https:\/\/www.kameks.net\/wp-content\/uploads\/2023\/02\/KMS10708D-51044015053-1024x683.jpg 1024w, https:\/\/www.kameks.net\/wp-content\/uploads\/2023\/02\/KMS10708D-51044015053-768x512.jpg 768w, https:\/\/www.kameks.net\/wp-content\/uploads\/2023\/02\/KMS10708D-51044015053-1536x1024.jpg 1536w, https:\/\/www.kameks.net\/wp-content\/uploads\/2023\/02\/KMS10708D-51044015053-18x12.jpg 18w, https:\/\/www.kameks.net\/wp-content\/uploads\/2023\/02\/KMS10708D-51044015053.jpg 1800w\" sizes=\"(max-width: 150px) 100vw, 150px\" \/><\/a><\/td><td class=\"column-2\">KMS 10708D<\/td><td class=\"column-3\">MAN<\/td><td class=\"column-4\">51 04401 6006<\/td><td class=\"column-5\">D 2866 \u2013 D 2876 GEAR<\/td><td class=\"column-6\">Steel<\/td><\/tr><tr class=\"row-12 even\" role=\"row\"><td class=\"column-1\"><a href=\"https:\/\/www.kameks.net\/wp-content\/uploads\/2023\/02\/KMS10709.jpg\"><img loading=\"lazy\" decoding=\"async\" class=\"alignnone size-thumbnail wp-image-9998\" src=\"http:\/\/www.kameks.net\/wp-content\/uploads\/2023\/02\/KMS10709-150x100.jpg\" alt=\"\" width=\"150\" height=\"100\" srcset=\"https:\/\/www.kameks.net\/wp-content\/uploads\/2023\/02\/KMS10709-150x100.jpg 150w, https:\/\/www.kameks.net\/wp-content\/uploads\/2023\/02\/KMS10709-300x200.jpg 300w, https:\/\/www.kameks.net\/wp-content\/uploads\/2023\/02\/KMS10709-1024x683.jpg 1024w, https:\/\/www.kameks.net\/wp-content\/uploads\/2023\/02\/KMS10709-768x512.jpg 768w, https:\/\/www.kameks.net\/wp-content\/uploads\/2023\/02\/KMS10709-1536x1024.jpg 1536w, https:\/\/www.kameks.net\/wp-content\/uploads\/2023\/02\/KMS10709-18x12.jpg 18w, https:\/\/www.kameks.net\/wp-content\/uploads\/2023\/02\/KMS10709.jpg 1800w\" sizes=\"(max-width: 150px) 100vw, 150px\" \/><\/a><\/td><td class=\"column-2\">KMS 10709<\/td><td class=\"column-3\">MAN<\/td><td class=\"column-4\">51 04401 5053<\/td><td class=\"column-5\">D 2866 \/ D 2876 R6<\/td><td class=\"column-6\">Steel<\/td><\/tr><tr class=\"row-13 odd\" role=\"row\"><td class=\"column-1\"><a href=\"https:\/\/www.kameks.net\/wp-content\/uploads\/2023\/02\/KMS10709D-51044015053.jpg\"><img loading=\"lazy\" decoding=\"async\" class=\"alignnone size-thumbnail wp-image-9999\" src=\"http:\/\/www.kameks.net\/wp-content\/uploads\/2023\/02\/KMS10709D-51044015053-150x100.jpg\" alt=\"\" width=\"150\" height=\"100\" srcset=\"https:\/\/www.kameks.net\/wp-content\/uploads\/2023\/02\/KMS10709D-51044015053-150x100.jpg 150w, https:\/\/www.kameks.net\/wp-content\/uploads\/2023\/02\/KMS10709D-51044015053-300x200.jpg 300w, https:\/\/www.kameks.net\/wp-content\/uploads\/2023\/02\/KMS10709D-51044015053-1024x683.jpg 1024w, https:\/\/www.kameks.net\/wp-content\/uploads\/2023\/02\/KMS10709D-51044015053-768x512.jpg 768w, https:\/\/www.kameks.net\/wp-content\/uploads\/2023\/02\/KMS10709D-51044015053-1536x1024.jpg 1536w, https:\/\/www.kameks.net\/wp-content\/uploads\/2023\/02\/KMS10709D-51044015053-18x12.jpg 18w, https:\/\/www.kameks.net\/wp-content\/uploads\/2023\/02\/KMS10709D-51044015053.jpg 1800w\" sizes=\"(max-width: 150px) 100vw, 150px\" \/><\/a><\/td><td class=\"column-2\">KMS 10709D<\/td><td class=\"column-3\">MAN<\/td><td class=\"column-4\">51 04401 5053<\/td><td class=\"column-5\">D 2866 \/ D 2876 R6 GEAR<\/td><td class=\"column-6\">Steel<\/td><\/tr><tr class=\"row-14 even\" role=\"row\"><td class=\"column-1\"><a href=\"https:\/\/www.kameks.net\/wp-content\/uploads\/2023\/02\/KMS10710.jpg\"><img loading=\"lazy\" decoding=\"async\" class=\"alignnone size-thumbnail wp-image-10000\" src=\"http:\/\/www.kameks.net\/wp-content\/uploads\/2023\/02\/KMS10710-150x100.jpg\" alt=\"\" width=\"150\" height=\"100\" srcset=\"https:\/\/www.kameks.net\/wp-content\/uploads\/2023\/02\/KMS10710-150x100.jpg 150w, https:\/\/www.kameks.net\/wp-content\/uploads\/2023\/02\/KMS10710-300x200.jpg 300w, https:\/\/www.kameks.net\/wp-content\/uploads\/2023\/02\/KMS10710-1024x683.jpg 1024w, https:\/\/www.kameks.net\/wp-content\/uploads\/2023\/02\/KMS10710-768x512.jpg 768w, https:\/\/www.kameks.net\/wp-content\/uploads\/2023\/02\/KMS10710-1536x1024.jpg 1536w, https:\/\/www.kameks.net\/wp-content\/uploads\/2023\/02\/KMS10710-18x12.jpg 18w, https:\/\/www.kameks.net\/wp-content\/uploads\/2023\/02\/KMS10710.jpg 1800w\" sizes=\"(max-width: 150px) 100vw, 150px\" \/><\/a><\/td><td class=\"column-2\">KMS 10710<\/td><td class=\"column-3\">MAN<\/td><td class=\"column-4\">51 04401 6372<\/td><td class=\"column-5\">D 2865 LF\/LUH\/LOH R5<\/td><td class=\"column-6\">Steel<\/td><\/tr><tr class=\"row-15 odd\" role=\"row\"><td class=\"column-1\"><a href=\"https:\/\/www.kameks.net\/wp-content\/uploads\/2023\/02\/KMS10711.jpg\"><img loading=\"lazy\" decoding=\"async\" class=\"alignnone size-thumbnail wp-image-10001\" src=\"http:\/\/www.kameks.net\/wp-content\/uploads\/2023\/02\/KMS10711-150x100.jpg\" alt=\"\" width=\"150\" height=\"100\" srcset=\"https:\/\/www.kameks.net\/wp-content\/uploads\/2023\/02\/KMS10711-150x100.jpg 150w, https:\/\/www.kameks.net\/wp-content\/uploads\/2023\/02\/KMS10711-300x200.jpg 300w, https:\/\/www.kameks.net\/wp-content\/uploads\/2023\/02\/KMS10711-1024x683.jpg 1024w, https:\/\/www.kameks.net\/wp-content\/uploads\/2023\/02\/KMS10711-768x512.jpg 768w, https:\/\/www.kameks.net\/wp-content\/uploads\/2023\/02\/KMS10711-1536x1024.jpg 1536w, https:\/\/www.kameks.net\/wp-content\/uploads\/2023\/02\/KMS10711-18x12.jpg 18w, https:\/\/www.kameks.net\/wp-content\/uploads\/2023\/02\/KMS10711.jpg 1800w\" sizes=\"(max-width: 150px) 100vw, 150px\" \/><\/a><\/td><td class=\"column-2\">KMS 10711<\/td><td class=\"column-3\">MAN<\/td><td class=\"column-4\">51 04401 6382<\/td><td class=\"column-5\">D 0834 R4<\/td><td class=\"column-6\">Steel<\/td><\/tr><tr class=\"row-16 even\" role=\"row\"><td class=\"column-1\">\u00a0<\/td><td class=\"column-2\">KMS 10712<\/td><td class=\"column-3\">MAN<\/td><td class=\"column-4\">51 04401 6148<\/td><td class=\"column-5\">D 2565 R5<\/td><td class=\"column-6\">Steel<\/td><\/tr><tr class=\"row-17 odd\" role=\"row\"><td class=\"column-1\">\u00a0<\/td><td class=\"column-2\">KMS 10713<\/td><td class=\"column-3\">MAN<\/td><td class=\"column-4\">51 04401 6375<\/td><td class=\"column-5\">D 2866 R6<\/td><td class=\"column-6\">Steel<\/td><\/tr><tr class=\"row-18 even\" role=\"row\"><td class=\"column-1\">\u00a0<\/td><td class=\"column-2\">KMS 10714<\/td><td class=\"column-3\">MAN<\/td><td class=\"column-4\">51 04401 6376<\/td><td class=\"column-5\">D 2866 R6<\/td><td class=\"column-6\">Steel<\/td><\/tr><tr class=\"row-19 odd\" role=\"row\"><td class=\"column-1\"><a href=\"https:\/\/www.kameks.net\/wp-content\/uploads\/2023\/02\/KMS10715.jpg\"><img loading=\"lazy\" decoding=\"async\" class=\"alignnone size-thumbnail wp-image-10002\" src=\"http:\/\/www.kameks.net\/wp-content\/uploads\/2023\/02\/KMS10715-150x100.jpg\" alt=\"\" width=\"150\" height=\"100\" srcset=\"https:\/\/www.kameks.net\/wp-content\/uploads\/2023\/02\/KMS10715-150x100.jpg 150w, https:\/\/www.kameks.net\/wp-content\/uploads\/2023\/02\/KMS10715-300x200.jpg 300w, https:\/\/www.kameks.net\/wp-content\/uploads\/2023\/02\/KMS10715-1024x683.jpg 1024w, https:\/\/www.kameks.net\/wp-content\/uploads\/2023\/02\/KMS10715-768x512.jpg 768w, https:\/\/www.kameks.net\/wp-content\/uploads\/2023\/02\/KMS10715-1536x1024.jpg 1536w, https:\/\/www.kameks.net\/wp-content\/uploads\/2023\/02\/KMS10715-18x12.jpg 18w, https:\/\/www.kameks.net\/wp-content\/uploads\/2023\/02\/KMS10715.jpg 1800w\" sizes=\"(max-width: 150px) 100vw, 150px\" \/><\/a><\/td><td class=\"column-2\">KMS 10715<\/td><td class=\"column-3\">MAN<\/td><td class=\"column-4\">51 04401 6398<\/td><td class=\"column-5\">D 2066 \/ D2876<\/td><td class=\"column-6\">Steel<\/td><\/tr><tr class=\"row-20 even\" role=\"row\"><td class=\"column-1\"><a href=\"https:\/\/www.kameks.net\/wp-content\/uploads\/2023\/02\/KMS10716.jpg\"><img loading=\"lazy\" decoding=\"async\" class=\"alignnone size-thumbnail wp-image-10003\" src=\"http:\/\/www.kameks.net\/wp-content\/uploads\/2023\/02\/KMS10716-150x100.jpg\" alt=\"\" width=\"150\" height=\"100\" srcset=\"https:\/\/www.kameks.net\/wp-content\/uploads\/2023\/02\/KMS10716-150x100.jpg 150w, https:\/\/www.kameks.net\/wp-content\/uploads\/2023\/02\/KMS10716-300x200.jpg 300w, https:\/\/www.kameks.net\/wp-content\/uploads\/2023\/02\/KMS10716-1024x683.jpg 1024w, https:\/\/www.kameks.net\/wp-content\/uploads\/2023\/02\/KMS10716-768x512.jpg 768w, https:\/\/www.kameks.net\/wp-content\/uploads\/2023\/02\/KMS10716-1536x1024.jpg 1536w, https:\/\/www.kameks.net\/wp-content\/uploads\/2023\/02\/KMS10716-18x12.jpg 18w, https:\/\/www.kameks.net\/wp-content\/uploads\/2023\/02\/KMS10716.jpg 1800w\" sizes=\"(max-width: 150px) 100vw, 150px\" \/><\/a><\/td><td class=\"column-2\">KMS 10716<\/td><td class=\"column-3\">MAN<\/td><td class=\"column-4\">51 04401 6296<br \/>51 04401 6291<\/td><td class=\"column-5\">D 0824 LFL\/LF\/LOH R4<\/td><td class=\"column-6\">Steel<\/td><\/tr><tr class=\"row-21 odd\" role=\"row\"><td class=\"column-1\"><a href=\"https:\/\/www.kameks.net\/wp-content\/uploads\/2023\/02\/KMS10717D.jpg\"><img loading=\"lazy\" decoding=\"async\" class=\"alignnone size-thumbnail wp-image-10004\" src=\"http:\/\/www.kameks.net\/wp-content\/uploads\/2023\/02\/KMS10717D-150x100.jpg\" alt=\"\" width=\"150\" height=\"100\" srcset=\"https:\/\/www.kameks.net\/wp-content\/uploads\/2023\/02\/KMS10717D-150x100.jpg 150w, https:\/\/www.kameks.net\/wp-content\/uploads\/2023\/02\/KMS10717D-300x200.jpg 300w, https:\/\/www.kameks.net\/wp-content\/uploads\/2023\/02\/KMS10717D-1024x683.jpg 1024w, https:\/\/www.kameks.net\/wp-content\/uploads\/2023\/02\/KMS10717D-768x512.jpg 768w, https:\/\/www.kameks.net\/wp-content\/uploads\/2023\/02\/KMS10717D-1536x1024.jpg 1536w, https:\/\/www.kameks.net\/wp-content\/uploads\/2023\/02\/KMS10717D-18x12.jpg 18w, https:\/\/www.kameks.net\/wp-content\/uploads\/2023\/02\/KMS10717D.jpg 1800w\" sizes=\"(max-width: 150px) 100vw, 150px\" \/><\/a><\/td><td class=\"column-2\">KMS 10717D<\/td><td class=\"column-3\">MAN<\/td><td class=\"column-4\">51 04401 5088<\/td><td class=\"column-5\">D 2066 \/ D2876 Geared<\/td><td class=\"column-6\">Steel<\/td><\/tr><tr class=\"row-22 even\" role=\"row\"><td class=\"column-1\"><a href=\"https:\/\/www.kameks.net\/wp-content\/uploads\/2023\/02\/KMS10718D.jpg\"><img loading=\"lazy\" decoding=\"async\" class=\"alignnone size-thumbnail wp-image-10005\" src=\"http:\/\/www.kameks.net\/wp-content\/uploads\/2023\/02\/KMS10718D-150x100.jpg\" alt=\"\" width=\"150\" height=\"100\" srcset=\"https:\/\/www.kameks.net\/wp-content\/uploads\/2023\/02\/KMS10718D-150x100.jpg 150w, https:\/\/www.kameks.net\/wp-content\/uploads\/2023\/02\/KMS10718D-300x200.jpg 300w, https:\/\/www.kameks.net\/wp-content\/uploads\/2023\/02\/KMS10718D-1024x683.jpg 1024w, https:\/\/www.kameks.net\/wp-content\/uploads\/2023\/02\/KMS10718D-768x512.jpg 768w, https:\/\/www.kameks.net\/wp-content\/uploads\/2023\/02\/KMS10718D-1536x1024.jpg 1536w, https:\/\/www.kameks.net\/wp-content\/uploads\/2023\/02\/KMS10718D-18x12.jpg 18w, https:\/\/www.kameks.net\/wp-content\/uploads\/2023\/02\/KMS10718D.jpg 1800w\" sizes=\"(max-width: 150px) 100vw, 150px\" \/><\/a><\/td><td class=\"column-2\">KMS 10718D<\/td><td class=\"column-3\">MAN<\/td><td class=\"column-4\">51 04401 5089<br \/>51 04401 1023<\/td><td class=\"column-5\">D 2066 \/ D2876 Geared<\/td><td class=\"column-6\">Steel<\/td><\/tr><tr class=\"row-22 even\" role=\"row\"><td class=\"column-1\"><a href=\"http:\/\/www.kameks.net\/wp-content\/uploads\/2025\/05\/KMS-10719-kopya-scaled.jpg\"><img loading=\"lazy\" decoding=\"async\" class=\"alignnone wp-image-10802\" src=\"http:\/\/www.kameks.net\/wp-content\/uploads\/2025\/05\/KMS-10719-kopya-300x225.jpg\" alt=\"\" width=\"150\" height=\"113\" srcset=\"https:\/\/www.kameks.net\/wp-content\/uploads\/2025\/05\/KMS-10719-kopya-300x225.jpg 300w, https:\/\/www.kameks.net\/wp-content\/uploads\/2025\/05\/KMS-10719-kopya-1024x768.jpg 1024w, https:\/\/www.kameks.net\/wp-content\/uploads\/2025\/05\/KMS-10719-kopya-133x100.jpg 133w, https:\/\/www.kameks.net\/wp-content\/uploads\/2025\/05\/KMS-10719-kopya-768x576.jpg 768w, https:\/\/www.kameks.net\/wp-content\/uploads\/2025\/05\/KMS-10719-kopya-1536x1152.jpg 1536w, https:\/\/www.kameks.net\/wp-content\/uploads\/2025\/05\/KMS-10719-kopya-16x12.jpg 16w\" sizes=\"(max-width: 150px) 100vw, 150px\" \/><\/a><\/td><td class=\"column-2\">KMS 10719<\/td><td class=\"column-3\">MAN<\/td><td class=\"column-4\">51 04401 0789<br \/>51 0440 16396<\/td><td class=\"column-5\">D 0836 R6<\/td><td class=\"column-6\">Steel<\/td><\/tr><tr class=\"row-22 even\" role=\"row\"><td class=\"column-1\"><a href=\"http:\/\/www.kameks.net\/wp-content\/uploads\/2025\/05\/KMS-10720-kopya-scaled.jpg\"><img loading=\"lazy\" decoding=\"async\" class=\"alignnone wp-image-10806\" src=\"http:\/\/www.kameks.net\/wp-content\/uploads\/2025\/05\/KMS-10720-kopya-300x225.jpg\" alt=\"\" width=\"150\" height=\"113\" srcset=\"https:\/\/www.kameks.net\/wp-content\/uploads\/2025\/05\/KMS-10720-kopya-300x225.jpg 300w, https:\/\/www.kameks.net\/wp-content\/uploads\/2025\/05\/KMS-10720-kopya-1024x768.jpg 1024w, https:\/\/www.kameks.net\/wp-content\/uploads\/2025\/05\/KMS-10720-kopya-133x100.jpg 133w, https:\/\/www.kameks.net\/wp-content\/uploads\/2025\/05\/KMS-10720-kopya-768x576.jpg 768w, https:\/\/www.kameks.net\/wp-content\/uploads\/2025\/05\/KMS-10720-kopya-1536x1152.jpg 1536w, https:\/\/www.kameks.net\/wp-content\/uploads\/2025\/05\/KMS-10720-kopya-16x12.jpg 16w\" sizes=\"(max-width: 150px) 100vw, 150px\" \/><\/a><\/td><td class=\"column-2\">KMS 10720D<\/td><td class=\"column-3\">MAN<\/td><td class=\"column-4\">51044006035 <br \/>51044006010<\/td><td class=\"column-5\">D 2876 LF12 Di\u015flili \/ With Gear<\/td><td class=\"column-6\">Steel<\/td><\/tr><tr class=\"row-22 even\" role=\"row\"><td class=\"column-1\"><a href=\"http:\/\/www.kameks.net\/wp-content\/uploads\/2025\/05\/KMS-10721D-kopya-scaled.jpg\"><img loading=\"lazy\" decoding=\"async\" class=\"alignnone wp-image-10807\" src=\"http:\/\/www.kameks.net\/wp-content\/uploads\/2025\/05\/KMS-10721D-kopya-300x225.jpg\" alt=\"\" width=\"150\" height=\"113\" srcset=\"https:\/\/www.kameks.net\/wp-content\/uploads\/2025\/05\/KMS-10721D-kopya-300x225.jpg 300w, https:\/\/www.kameks.net\/wp-content\/uploads\/2025\/05\/KMS-10721D-kopya-1024x768.jpg 1024w, https:\/\/www.kameks.net\/wp-content\/uploads\/2025\/05\/KMS-10721D-kopya-133x100.jpg 133w, https:\/\/www.kameks.net\/wp-content\/uploads\/2025\/05\/KMS-10721D-kopya-768x576.jpg 768w, https:\/\/www.kameks.net\/wp-content\/uploads\/2025\/05\/KMS-10721D-kopya-1536x1152.jpg 1536w, https:\/\/www.kameks.net\/wp-content\/uploads\/2025\/05\/KMS-10721D-kopya-16x12.jpg 16w\" sizes=\"(max-width: 150px) 100vw, 150px\" \/><\/a><\/td><td class=\"column-2\">KMS 10721D<\/td><td class=\"column-3\">MAN<\/td><td class=\"column-4\">51044015149<br \/>51044015171 <br \/>51044015180 <br \/>51044015161<br \/>51044011036<\/td><td class=\"column-5\">D 2676 LF Di\u015flili \/ With Gear<\/td><td class=\"column-6\">Steel<\/td><\/tr><tr class=\"row-22 even\" role=\"row\"><td class=\"column-1\"><a href=\"http:\/\/www.kameks.net\/wp-content\/uploads\/2025\/05\/KMS-10722-kopya-scaled.jpg\"><img loading=\"lazy\" decoding=\"async\" class=\"alignnone wp-image-10808\" src=\"http:\/\/www.kameks.net\/wp-content\/uploads\/2025\/05\/KMS-10722-kopya-300x225.jpg\" alt=\"\" width=\"150\" height=\"113\" srcset=\"https:\/\/www.kameks.net\/wp-content\/uploads\/2025\/05\/KMS-10722-kopya-300x225.jpg 300w, https:\/\/www.kameks.net\/wp-content\/uploads\/2025\/05\/KMS-10722-kopya-1024x768.jpg 1024w, https:\/\/www.kameks.net\/wp-content\/uploads\/2025\/05\/KMS-10722-kopya-133x100.jpg 133w, https:\/\/www.kameks.net\/wp-content\/uploads\/2025\/05\/KMS-10722-kopya-768x576.jpg 768w, https:\/\/www.kameks.net\/wp-content\/uploads\/2025\/05\/KMS-10722-kopya-1536x1152.jpg 1536w, https:\/\/www.kameks.net\/wp-content\/uploads\/2025\/05\/KMS-10722-kopya-16x12.jpg 16w\" sizes=\"(max-width: 150px) 100vw, 150px\" \/><\/a><\/td><td class=\"column-2\">KMS 10722<\/td><td class=\"column-3\">MAN<\/td><td class=\"column-4\">51044020018<br \/>51044016391<\/td><td class=\"column-5\">D 0834 &#8211; 4 Cyl. \/ Sil.<\/td><td class=\"column-6\">Steel<\/td><\/tr><\/tbody><\/table><\/div><\/div><\/div><\/div><div class=\"wpb_text_column wpb_content_element\"><div class=\"wpb_wrapper\"><blockquote><p>All brand and OEM numbers are for identification purposes only, do not imply genuine products.<\/p><\/blockquote><\/div><\/div>\t\t\t\t\t\t\t\t<\/div>\n\t\t\t\t<\/div>\n\t\t\t\t\t<\/div>\n\t\t<\/div>\n\t\t\t\t\t<\/div>\n\t\t<\/section>\n\t\t\t\t<\/div>","protected":false},"excerpt":{"rendered":"<p>\u00dcR\u00dcNLER KAMEKS KODU MARKA OEM NO A\u00c7IKLAMA MATERYAL \u00a0 KMS 10701 MAN 51 04401 6271 D 2566 \/ D 2866 R6 \u00c7elik \u00a0 KMS 10702 MAN 51 04401 6125 D 2556 \/ D 2566 R6 \u00c7elik \u00a0 KMS 10703 MAN [&hellip;]<\/p>","protected":false},"author":1,"featured_media":0,"parent":9414,"menu_order":0,"comment_status":"closed","ping_status":"closed","template":"","meta":{"footnotes":""},"yst_prominent_words":[],"class_list":["post-9481","page","type-page","status-publish","hentry"],"_links":{"self":[{"href":"https:\/\/www.kameks.net\/en\/wp-json\/wp\/v2\/pages\/9481","targetHints":{"allow":["GET"]}}],"collection":[{"href":"https:\/\/www.kameks.net\/en\/wp-json\/wp\/v2\/pages"}],"about":[{"href":"https:\/\/www.kameks.net\/en\/wp-json\/wp\/v2\/types\/page"}],"author":[{"embeddable":true,"href":"https:\/\/www.kameks.net\/en\/wp-json\/wp\/v2\/users\/1"}],"replies":[{"embeddable":true,"href":"https:\/\/www.kameks.net\/en\/wp-json\/wp\/v2\/comments?post=9481"}],"version-history":[{"count":17,"href":"https:\/\/www.kameks.net\/en\/wp-json\/wp\/v2\/pages\/9481\/revisions"}],"predecessor-version":[{"id":10811,"href":"https:\/\/www.kameks.net\/en\/wp-json\/wp\/v2\/pages\/9481\/revisions\/10811"}],"up":[{"embeddable":true,"href":"https:\/\/www.kameks.net\/en\/wp-json\/wp\/v2\/pages\/9414"}],"wp:attachment":[{"href":"https:\/\/www.kameks.net\/en\/wp-json\/wp\/v2\/media?parent=9481"}],"wp:term":[{"taxonomy":"yst_prominent_words","embeddable":true,"href":"https:\/\/www.kameks.net\/en\/wp-json\/wp\/v2\/yst_prominent_words?post=9481"}],"curies":[{"name":"wp","href":"https:\/\/api.w.org\/{rel}","templated":true}]}}