{"id":9483,"date":"2023-01-07T00:26:31","date_gmt":"2023-01-06T21:26:31","guid":{"rendered":"https:\/\/www.kameks.net\/?page_id=9483"},"modified":"2023-05-01T13:00:45","modified_gmt":"2023-05-01T10:00:45","slug":"mazda","status":"publish","type":"page","link":"https:\/\/www.kameks.net\/en\/urunler\/standart-eksantrik-milleri\/mazda\/","title":{"rendered":"MAZDA"},"content":{"rendered":"<div data-elementor-type=\"wp-page\" data-elementor-id=\"9483\" class=\"elementor elementor-9483\">\n\t\t\t\t\t\t<section class=\"elementor-section elementor-top-section elementor-element elementor-element-6d4a24c8 elementor-section-boxed elementor-section-height-default elementor-section-height-default mkdf-parallax-row-no mkdf-content-aligment-left mkdf-elementor-row-grid-no mkdf-disabled-bg-image-bellow-no mkdf-row-btt-light\" data-id=\"6d4a24c8\" data-element_type=\"section\">\n\t\t\t\t\t\t<div class=\"elementor-container elementor-column-gap-default\">\n\t\t\t\t\t<div class=\"elementor-column elementor-col-100 elementor-top-column elementor-element elementor-element-5542d142\" data-id=\"5542d142\" data-element_type=\"column\">\n\t\t\t<div class=\"elementor-widget-wrap elementor-element-populated\">\n\t\t\t\t\t\t<div class=\"elementor-element elementor-element-16c79498 elementor-widget elementor-widget-text-editor\" data-id=\"16c79498\" data-element_type=\"widget\" data-widget_type=\"text-editor.default\">\n\t\t\t\t<div class=\"elementor-widget-container\">\n\t\t\t\t\t\t\t\t\t<div class=\"wpb_text_column wpb_content_element\">\n<div class=\"wpb_wrapper\">\n<div id=\"tablepress-mazda_tr-scroll-wrapper\" class=\"tablepress-scroll-wrapper\">\n<div id=\"tablepress-mazda_tr_wrapper\" class=\"dataTables_wrapper no-footer\">\n<table id=\"tablepress-mazda_tr\" class=\"tablepress tablepress-id-mazda_tr dataTable no-footer\" role=\"grid\">\n<thead>\n<tr class=\"row-1 odd\" role=\"row\">\n<th class=\"column-2 sorting_disabled\" colspan=\"1\" rowspan=\"1\">\u00dcR\u00dcNLER<\/th>\n<th class=\"column-3 sorting_disabled\" colspan=\"1\" rowspan=\"1\">KAMEKS CODE<\/th>\n<th class=\"column-4 sorting_disabled\" colspan=\"1\" rowspan=\"1\">Brand<\/th>\n<th class=\"column-5 sorting_disabled\" colspan=\"1\" rowspan=\"1\">OEM NO<\/th>\n<th class=\"column-6 sorting_disabled\" colspan=\"1\" rowspan=\"1\">EXPLANATION<\/th>\n<th class=\"column-6 sorting_disabled\" colspan=\"1\" rowspan=\"1\">MATERIEL<\/th>\n<\/tr>\n<\/thead>\n<tbody class=\"row-hover\">\n<tr class=\"row-2 even\" role=\"row\">\n<td class=\"column-1\"><a href=\"https:\/\/www.kameks.net\/wp-content\/uploads\/2023\/02\/KMS12101-SUZIKI-1-1.jpg\"><img decoding=\"async\" class=\"alignnone size-thumbnail wp-image-10007\" src=\"http:\/\/www.kameks.net\/wp-content\/uploads\/2023\/02\/KMS12101-SUZIKI-1-1-150x100.jpg\" alt=\"\" width=\"150\" height=\"100\" srcset=\"https:\/\/www.kameks.net\/wp-content\/uploads\/2023\/02\/KMS12101-SUZIKI-1-1-150x100.jpg 150w, https:\/\/www.kameks.net\/wp-content\/uploads\/2023\/02\/KMS12101-SUZIKI-1-1-300x200.jpg 300w, https:\/\/www.kameks.net\/wp-content\/uploads\/2023\/02\/KMS12101-SUZIKI-1-1-1024x683.jpg 1024w, https:\/\/www.kameks.net\/wp-content\/uploads\/2023\/02\/KMS12101-SUZIKI-1-1-768x512.jpg 768w, https:\/\/www.kameks.net\/wp-content\/uploads\/2023\/02\/KMS12101-SUZIKI-1-1-1536x1024.jpg 1536w, https:\/\/www.kameks.net\/wp-content\/uploads\/2023\/02\/KMS12101-SUZIKI-1-1-18x12.jpg 18w, https:\/\/www.kameks.net\/wp-content\/uploads\/2023\/02\/KMS12101-SUZIKI-1-1.jpg 1800w\" sizes=\"(max-width: 150px) 100vw, 150px\" \/><\/a><\/td>\n<td class=\"column-2\">KMS 12001<\/td>\n<td class=\"column-3\">MAZDA<\/td>\n<td class=\"column-4\">G 601124420<\/td>\n<td class=\"column-5\">E 2200<\/td>\n<td class=\"column-6\">Casting<\/td>\n<\/tr>\n<\/tbody>\n<\/table>\n<\/div>\n<\/div>\n<\/div>\n<\/div>\n<div class=\"wpb_text_column wpb_content_element\">\n<div class=\"wpb_wrapper\">\n<blockquote>All brand and OEM numbers are for identification purposes only, do not imply genuine products.<\/blockquote>\n<\/div>\n<\/div>\t\t\t\t\t\t\t\t<\/div>\n\t\t\t\t<\/div>\n\t\t\t\t\t<\/div>\n\t\t<\/div>\n\t\t\t\t\t<\/div>\n\t\t<\/section>\n\t\t\t\t<\/div>","protected":false},"excerpt":{"rendered":"<p>\u00dcR\u00dcNLER KAMEKS KODU MARKA OEM NO A\u00c7IKLAMA MATERYAL KMS 12001 MAZDA G 601124420 E 2200 D\u00f6k\u00fcm T\u00fcm marka ve OEM numaralar\u0131 tan\u0131mlama ama\u00e7l\u0131d\u0131r, \u00fcr\u00fcnlerin orijinal oldu\u011fu anlam\u0131na gelmez<\/p>","protected":false},"author":1,"featured_media":0,"parent":9414,"menu_order":0,"comment_status":"closed","ping_status":"closed","template":"","meta":{"footnotes":""},"yst_prominent_words":[],"class_list":["post-9483","page","type-page","status-publish","hentry"],"_links":{"self":[{"href":"https:\/\/www.kameks.net\/en\/wp-json\/wp\/v2\/pages\/9483","targetHints":{"allow":["GET"]}}],"collection":[{"href":"https:\/\/www.kameks.net\/en\/wp-json\/wp\/v2\/pages"}],"about":[{"href":"https:\/\/www.kameks.net\/en\/wp-json\/wp\/v2\/types\/page"}],"author":[{"embeddable":true,"href":"https:\/\/www.kameks.net\/en\/wp-json\/wp\/v2\/users\/1"}],"replies":[{"embeddable":true,"href":"https:\/\/www.kameks.net\/en\/wp-json\/wp\/v2\/comments?post=9483"}],"version-history":[{"count":8,"href":"https:\/\/www.kameks.net\/en\/wp-json\/wp\/v2\/pages\/9483\/revisions"}],"predecessor-version":[{"id":10556,"href":"https:\/\/www.kameks.net\/en\/wp-json\/wp\/v2\/pages\/9483\/revisions\/10556"}],"up":[{"embeddable":true,"href":"https:\/\/www.kameks.net\/en\/wp-json\/wp\/v2\/pages\/9414"}],"wp:attachment":[{"href":"https:\/\/www.kameks.net\/en\/wp-json\/wp\/v2\/media?parent=9483"}],"wp:term":[{"taxonomy":"yst_prominent_words","embeddable":true,"href":"https:\/\/www.kameks.net\/en\/wp-json\/wp\/v2\/yst_prominent_words?post=9483"}],"curies":[{"name":"wp","href":"https:\/\/api.w.org\/{rel}","templated":true}]}}