{"id":9529,"date":"2023-01-09T18:11:14","date_gmt":"2023-01-09T15:11:14","guid":{"rendered":"https:\/\/www.kameks.net\/?page_id=9529"},"modified":"2025-09-09T12:55:05","modified_gmt":"2025-09-09T09:55:05","slug":"renault-agir-vasita","status":"publish","type":"page","link":"https:\/\/www.kameks.net\/en\/urunler\/standart-eksantrik-milleri\/renault-agir-vasita\/","title":{"rendered":"Renault (Heavy Vehicle)"},"content":{"rendered":"<div data-elementor-type=\"wp-page\" data-elementor-id=\"9529\" class=\"elementor elementor-9529\">\n\t\t\t\t\t\t<section class=\"elementor-section elementor-top-section elementor-element elementor-element-22defc95 elementor-section-boxed elementor-section-height-default elementor-section-height-default mkdf-parallax-row-no mkdf-content-aligment-left mkdf-elementor-row-grid-no mkdf-disabled-bg-image-bellow-no mkdf-row-btt-light\" data-id=\"22defc95\" data-element_type=\"section\">\n\t\t\t\t\t\t<div class=\"elementor-container elementor-column-gap-default\">\n\t\t\t\t\t<div class=\"elementor-column elementor-col-100 elementor-top-column elementor-element elementor-element-ecf2da4\" data-id=\"ecf2da4\" data-element_type=\"column\">\n\t\t\t<div class=\"elementor-widget-wrap elementor-element-populated\">\n\t\t\t\t\t\t<div class=\"elementor-element elementor-element-534f7e61 elementor-widget elementor-widget-text-editor\" data-id=\"534f7e61\" data-element_type=\"widget\" data-widget_type=\"text-editor.default\">\n\t\t\t\t<div class=\"elementor-widget-container\">\n\t\t\t\t\t\t\t\t\t<div class=\"wpb_text_column wpb_content_element\"><div class=\"wpb_wrapper\"><div id=\"tablepress-renault_k_tr-scroll-wrapper\" class=\"tablepress-scroll-wrapper\"><table id=\"tablepress-renault_k_tr\" class=\"tablepress tablepress-id-renault_k_tr\"><thead><tr class=\"row-1 odd\"><th class=\"column-2 sorting_disabled\" colspan=\"1\" rowspan=\"1\">\u00dcR\u00dcNLER<\/th><th class=\"column-3 sorting_disabled\" colspan=\"1\" rowspan=\"1\">KAMEKS CODE<\/th><th class=\"column-4 sorting_disabled\" colspan=\"1\" rowspan=\"1\">Brand<\/th><th class=\"column-5 sorting_disabled\" colspan=\"1\" rowspan=\"1\">OEM NO<\/th><th class=\"column-6 sorting_disabled\" colspan=\"1\" rowspan=\"1\">EXPLANATION<\/th><th class=\"column-6 sorting_disabled\" colspan=\"1\" rowspan=\"1\">MATERIEL<\/th><\/tr><\/thead><tbody class=\"row-hover\"><tr class=\"row-2 even\"><td class=\"column-1\"><img decoding=\"async\" src=\"http:\/\/web.archive.org\/web\/20200811193304im_\/https:\/\/www.kameks.net\/wp-content\/plugins\/wp-fastest-cache-premium\/pro\/images\/blank.gif\" alt=\"KMS 12701\" data-wpfc-original-src=\"\/wp-content\/uploads\/2018\/11\/KMS-12701-150x100.jpg\" \/><a href=\"http:\/\/www.kameks.net\/wp-content\/uploads\/2025\/09\/KMS-12703-1.jpg\"><img decoding=\"async\" class=\"alignnone wp-image-10932 size-thumbnail\" src=\"http:\/\/www.kameks.net\/wp-content\/uploads\/2025\/09\/KMS-12703-1-133x100.jpg\" alt=\"\" width=\"133\" height=\"100\" srcset=\"https:\/\/www.kameks.net\/wp-content\/uploads\/2025\/09\/KMS-12703-1-133x100.jpg 133w, https:\/\/www.kameks.net\/wp-content\/uploads\/2025\/09\/KMS-12703-1-300x225.jpg 300w, https:\/\/www.kameks.net\/wp-content\/uploads\/2025\/09\/KMS-12703-1-1024x768.jpg 1024w, https:\/\/www.kameks.net\/wp-content\/uploads\/2025\/09\/KMS-12703-1-768x576.jpg 768w, https:\/\/www.kameks.net\/wp-content\/uploads\/2025\/09\/KMS-12703-1-1536x1152.jpg 1536w, https:\/\/www.kameks.net\/wp-content\/uploads\/2025\/09\/KMS-12703-1-16x12.jpg 16w, https:\/\/www.kameks.net\/wp-content\/uploads\/2025\/09\/KMS-12703-1.jpg 1600w\" sizes=\"(max-width: 133px) 100vw, 133px\" \/><\/a><\/td><td class=\"column-2\">KMS 12703<\/td><td class=\"column-3\">RENAULT<\/td><td class=\"column-4\">7485 137 006<\/td><td class=\"column-5\">MIDLUM 180<\/td><td class=\"column-6\">Steel<\/td><\/tr><tr class=\"row-2 even\"><td class=\"column-1\"><a href=\"http:\/\/web.archive.org\/web\/20200811193304\/https:\/\/www.kameks.net\/wp-content\/uploads\/2018\/11\/KMS-12701.jpg\" rel=\"prettyPhoto[6421]\"><img decoding=\"async\" src=\"http:\/\/web.archive.org\/web\/20200811193304im_\/https:\/\/www.kameks.net\/wp-content\/plugins\/wp-fastest-cache-premium\/pro\/images\/blank.gif\" alt=\"KMS 12701\" data-wpfc-original-src=\"\/wp-content\/uploads\/2018\/11\/KMS-12701-150x100.jpg\" \/><img decoding=\"async\" class=\"alignnone size-thumbnail wp-image-10093\" src=\"http:\/\/www.kameks.net\/wp-content\/uploads\/2023\/02\/KMS12701-150x100.jpg\" alt=\"\" width=\"150\" height=\"100\" srcset=\"https:\/\/www.kameks.net\/wp-content\/uploads\/2023\/02\/KMS12701-150x100.jpg 150w, https:\/\/www.kameks.net\/wp-content\/uploads\/2023\/02\/KMS12701-300x200.jpg 300w, https:\/\/www.kameks.net\/wp-content\/uploads\/2023\/02\/KMS12701-1024x683.jpg 1024w, https:\/\/www.kameks.net\/wp-content\/uploads\/2023\/02\/KMS12701-768x512.jpg 768w, https:\/\/www.kameks.net\/wp-content\/uploads\/2023\/02\/KMS12701-1536x1024.jpg 1536w, https:\/\/www.kameks.net\/wp-content\/uploads\/2023\/02\/KMS12701-18x12.jpg 18w, https:\/\/www.kameks.net\/wp-content\/uploads\/2023\/02\/KMS12701.jpg 1800w\" sizes=\"(max-width: 150px) 100vw, 150px\" \/><\/a><\/td><td class=\"column-2\">KMS 12701<\/td><td class=\"column-3\">RENAULT<\/td><td class=\"column-4\">5010 550 876<\/td><td class=\"column-5\">D11 PREMIUM 420 Euro3<\/td><td class=\"column-6\">Steel<\/td><\/tr><tr class=\"row-3 odd\"><td class=\"column-1\"><a href=\"http:\/\/web.archive.org\/web\/20200811193304\/https:\/\/www.kameks.net\/wp-content\/uploads\/2018\/11\/KMS-12702-1.jpg\" rel=\"prettyPhoto[6421]\"><img decoding=\"async\" src=\"http:\/\/web.archive.org\/web\/20200811193304im_\/https:\/\/www.kameks.net\/wp-content\/plugins\/wp-fastest-cache-premium\/pro\/images\/blank.gif\" alt=\"KMS 12702\" data-wpfc-original-src=\"\/wp-content\/uploads\/2018\/11\/KMS-12702-1-150x100.jpg\" \/><img decoding=\"async\" class=\"alignnone size-thumbnail wp-image-10094\" src=\"http:\/\/www.kameks.net\/wp-content\/uploads\/2023\/02\/KMS12702-150x100.jpg\" alt=\"\" width=\"150\" height=\"100\" srcset=\"https:\/\/www.kameks.net\/wp-content\/uploads\/2023\/02\/KMS12702-150x100.jpg 150w, https:\/\/www.kameks.net\/wp-content\/uploads\/2023\/02\/KMS12702-300x200.jpg 300w, https:\/\/www.kameks.net\/wp-content\/uploads\/2023\/02\/KMS12702-1024x683.jpg 1024w, https:\/\/www.kameks.net\/wp-content\/uploads\/2023\/02\/KMS12702-768x512.jpg 768w, https:\/\/www.kameks.net\/wp-content\/uploads\/2023\/02\/KMS12702-1536x1024.jpg 1536w, https:\/\/www.kameks.net\/wp-content\/uploads\/2023\/02\/KMS12702-18x12.jpg 18w, https:\/\/www.kameks.net\/wp-content\/uploads\/2023\/02\/KMS12702.jpg 1800w\" sizes=\"(max-width: 150px) 100vw, 150px\" \/><\/a><\/td><td class=\"column-2\">KMS 12702<\/td><td class=\"column-3\">RENAULT<\/td><td class=\"column-4\">5010 553 796<\/td><td class=\"column-5\">210<\/td><td class=\"column-6\">Steel<\/td><\/tr><tr class=\"row-4 even\"><td class=\"column-1\"><a href=\"http:\/\/web.archive.org\/web\/20200811193304\/https:\/\/www.kameks.net\/wp-content\/uploads\/2018\/11\/KMS-11502-1.jpg\" rel=\"prettyPhoto[6421]\"><img decoding=\"async\" src=\"http:\/\/web.archive.org\/web\/20200811193304im_\/https:\/\/www.kameks.net\/wp-content\/plugins\/wp-fastest-cache-premium\/pro\/images\/blank.gif\" alt=\"KMS 11502\" data-wpfc-original-src=\"\/wp-content\/uploads\/2018\/11\/KMS-11502-1-150x100.jpg\" \/><img loading=\"lazy\" decoding=\"async\" class=\"alignnone size-thumbnail wp-image-10086\" src=\"http:\/\/www.kameks.net\/wp-content\/uploads\/2023\/02\/KMS11502-150x100.jpg\" alt=\"\" width=\"150\" height=\"100\" srcset=\"https:\/\/www.kameks.net\/wp-content\/uploads\/2023\/02\/KMS11502-150x100.jpg 150w, https:\/\/www.kameks.net\/wp-content\/uploads\/2023\/02\/KMS11502-300x200.jpg 300w, https:\/\/www.kameks.net\/wp-content\/uploads\/2023\/02\/KMS11502-1024x683.jpg 1024w, https:\/\/www.kameks.net\/wp-content\/uploads\/2023\/02\/KMS11502-768x512.jpg 768w, https:\/\/www.kameks.net\/wp-content\/uploads\/2023\/02\/KMS11502-1536x1024.jpg 1536w, https:\/\/www.kameks.net\/wp-content\/uploads\/2023\/02\/KMS11502-18x12.jpg 18w, https:\/\/www.kameks.net\/wp-content\/uploads\/2023\/02\/KMS11502.jpg 1800w\" sizes=\"(max-width: 150px) 100vw, 150px\" \/><\/a><\/td><td class=\"column-2\">KMS 11502<\/td><td class=\"column-3\">RENAULT<\/td><td class=\"column-4\">7403 165 423<\/td><td class=\"column-5\">6 Cylindrical Camshaft<\/td><td class=\"column-6\">Steel<\/td><\/tr><tr class=\"row-5 odd\"><td class=\"column-1\"><a href=\"http:\/\/web.archive.org\/web\/20200811193304\/https:\/\/www.kameks.net\/wp-content\/uploads\/2018\/11\/KMS-11504-1.jpg\" rel=\"prettyPhoto[6421]\"><img decoding=\"async\" src=\"http:\/\/web.archive.org\/web\/20200811193304im_\/https:\/\/www.kameks.net\/wp-content\/plugins\/wp-fastest-cache-premium\/pro\/images\/blank.gif\" alt=\"KMS 11504\" data-wpfc-original-src=\"\/wp-content\/uploads\/2018\/11\/KMS-11504-1-150x100.jpg\" \/><\/a><\/td><td class=\"column-2\">KMS 11504<\/td><td class=\"column-3\">RENAULT<\/td><td class=\"column-4\">7420 742 610<\/td><td class=\"column-5\">6 Cylindrical Camshaft<\/td><td class=\"column-6\">Steel<\/td><\/tr><tr class=\"row-6 even\"><td class=\"column-1\"><a href=\"http:\/\/web.archive.org\/web\/20200811193304\/https:\/\/www.kameks.net\/wp-content\/uploads\/2018\/11\/KMS-11505-1.jpg\" rel=\"prettyPhoto[6421]\"><img decoding=\"async\" src=\"http:\/\/web.archive.org\/web\/20200811193304im_\/https:\/\/www.kameks.net\/wp-content\/plugins\/wp-fastest-cache-premium\/pro\/images\/blank.gif\" alt=\"KMS 11505\" data-wpfc-original-src=\"\/wp-content\/uploads\/2018\/11\/KMS-11505-1-150x100.jpg\" \/><\/a><\/td><td class=\"column-2\">KMS 11505<\/td><td class=\"column-3\">RENAULT<\/td><td class=\"column-4\">7420 758 404<\/td><td class=\"column-5\">6 Cylindrical Camshaft<\/td><td class=\"column-6\">Steel<\/td><\/tr><tr class=\"row-7 odd\"><td class=\"column-1\"><a href=\"http:\/\/web.archive.org\/web\/20200811193304\/https:\/\/www.kameks.net\/wp-content\/uploads\/2018\/11\/KMS-11511-1.jpg\" rel=\"prettyPhoto[6421]\"><img decoding=\"async\" src=\"http:\/\/web.archive.org\/web\/20200811193304im_\/https:\/\/www.kameks.net\/wp-content\/plugins\/wp-fastest-cache-premium\/pro\/images\/blank.gif\" alt=\"KMS 11511\" data-wpfc-original-src=\"\/wp-content\/uploads\/2018\/11\/KMS-11511-1-150x100.jpg\" \/><img loading=\"lazy\" decoding=\"async\" class=\"alignnone size-thumbnail wp-image-10087\" src=\"http:\/\/www.kameks.net\/wp-content\/uploads\/2023\/02\/KMS11511-21110845-150x100.jpg\" alt=\"\" width=\"150\" height=\"100\" srcset=\"https:\/\/www.kameks.net\/wp-content\/uploads\/2023\/02\/KMS11511-21110845-150x100.jpg 150w, https:\/\/www.kameks.net\/wp-content\/uploads\/2023\/02\/KMS11511-21110845-300x200.jpg 300w, https:\/\/www.kameks.net\/wp-content\/uploads\/2023\/02\/KMS11511-21110845-1024x683.jpg 1024w, https:\/\/www.kameks.net\/wp-content\/uploads\/2023\/02\/KMS11511-21110845-768x512.jpg 768w, https:\/\/www.kameks.net\/wp-content\/uploads\/2023\/02\/KMS11511-21110845-1536x1024.jpg 1536w, https:\/\/www.kameks.net\/wp-content\/uploads\/2023\/02\/KMS11511-21110845-18x12.jpg 18w, https:\/\/www.kameks.net\/wp-content\/uploads\/2023\/02\/KMS11511-21110845.jpg 1800w\" sizes=\"(max-width: 150px) 100vw, 150px\" \/><\/a><\/td><td class=\"column-2\">KMS 11511<\/td><td class=\"column-3\">RENAULT<\/td><td class=\"column-4\">7420 757 636<\/td><td class=\"column-5\">6 Cylindrical Camshaft<\/td><td class=\"column-6\">Steel<\/td><\/tr><tr class=\"row-8 even\"><td class=\"column-1\"><a href=\"http:\/\/web.archive.org\/web\/20200811193304\/https:\/\/www.kameks.net\/wp-content\/uploads\/2018\/11\/KMS-11514-1.jpg\" rel=\"prettyPhoto[6421]\"><img decoding=\"async\" src=\"http:\/\/web.archive.org\/web\/20200811193304im_\/https:\/\/www.kameks.net\/wp-content\/plugins\/wp-fastest-cache-premium\/pro\/images\/blank.gif\" alt=\"KMS 11514\" data-wpfc-original-src=\"\/wp-content\/uploads\/2018\/11\/KMS-11514-1-150x100.jpg\" \/><img loading=\"lazy\" decoding=\"async\" class=\"alignnone size-thumbnail wp-image-10089\" src=\"http:\/\/www.kameks.net\/wp-content\/uploads\/2023\/02\/KMS11514-21110437-150x100.jpg\" alt=\"\" width=\"150\" height=\"100\" srcset=\"https:\/\/www.kameks.net\/wp-content\/uploads\/2023\/02\/KMS11514-21110437-150x100.jpg 150w, https:\/\/www.kameks.net\/wp-content\/uploads\/2023\/02\/KMS11514-21110437-300x200.jpg 300w, https:\/\/www.kameks.net\/wp-content\/uploads\/2023\/02\/KMS11514-21110437-1024x683.jpg 1024w, https:\/\/www.kameks.net\/wp-content\/uploads\/2023\/02\/KMS11514-21110437-768x512.jpg 768w, https:\/\/www.kameks.net\/wp-content\/uploads\/2023\/02\/KMS11514-21110437-1536x1024.jpg 1536w, https:\/\/www.kameks.net\/wp-content\/uploads\/2023\/02\/KMS11514-21110437-18x12.jpg 18w, https:\/\/www.kameks.net\/wp-content\/uploads\/2023\/02\/KMS11514-21110437.jpg 1800w\" sizes=\"(max-width: 150px) 100vw, 150px\" \/><\/a><\/td><td class=\"column-2\">KMS 11514<\/td><td class=\"column-3\">RENAULT<\/td><td class=\"column-4\">7421 110 437<\/td><td class=\"column-5\">6 Cylindrical Camshaft<\/td><td class=\"column-6\">Steel<\/td><\/tr><tr class=\"row-9 odd\"><td class=\"column-1\"><a href=\"http:\/\/web.archive.org\/web\/20200811193304\/https:\/\/www.kameks.net\/wp-content\/uploads\/2018\/11\/KMS-11515-1.jpg\" rel=\"prettyPhoto[6421]\"><img decoding=\"async\" src=\"http:\/\/web.archive.org\/web\/20200811193304im_\/https:\/\/www.kameks.net\/wp-content\/plugins\/wp-fastest-cache-premium\/pro\/images\/blank.gif\" alt=\"KMS 11515\" data-wpfc-original-src=\"\/wp-content\/uploads\/2018\/11\/KMS-11515-1-150x100.jpg\" \/><img loading=\"lazy\" decoding=\"async\" class=\"alignnone size-thumbnail wp-image-10090\" src=\"http:\/\/www.kameks.net\/wp-content\/uploads\/2023\/02\/KMS11515-150x100.jpg\" alt=\"\" width=\"150\" height=\"100\" srcset=\"https:\/\/www.kameks.net\/wp-content\/uploads\/2023\/02\/KMS11515-150x100.jpg 150w, https:\/\/www.kameks.net\/wp-content\/uploads\/2023\/02\/KMS11515-300x200.jpg 300w, https:\/\/www.kameks.net\/wp-content\/uploads\/2023\/02\/KMS11515-1024x683.jpg 1024w, https:\/\/www.kameks.net\/wp-content\/uploads\/2023\/02\/KMS11515-768x512.jpg 768w, https:\/\/www.kameks.net\/wp-content\/uploads\/2023\/02\/KMS11515-1536x1024.jpg 1536w, https:\/\/www.kameks.net\/wp-content\/uploads\/2023\/02\/KMS11515-18x12.jpg 18w, https:\/\/www.kameks.net\/wp-content\/uploads\/2023\/02\/KMS11515.jpg 1800w\" sizes=\"(max-width: 150px) 100vw, 150px\" \/><\/a><\/td><td class=\"column-2\">KMS 11515<\/td><td class=\"column-3\">RENAULT<\/td><td class=\"column-4\">7420 746 807<\/td><td class=\"column-5\">6 Cylindrical Camshaft<\/td><td class=\"column-6\">Steel<\/td><\/tr><tr class=\"row-10 even\"><td class=\"column-1\"><a href=\"http:\/\/web.archive.org\/web\/20200811193304\/https:\/\/www.kameks.net\/wp-content\/uploads\/2018\/11\/KMS-11516-1.jpg\" rel=\"prettyPhoto[6421]\"><img decoding=\"async\" src=\"http:\/\/web.archive.org\/web\/20200811193304im_\/https:\/\/www.kameks.net\/wp-content\/plugins\/wp-fastest-cache-premium\/pro\/images\/blank.gif\" alt=\"KMS 11516\" data-wpfc-original-src=\"\/wp-content\/uploads\/2018\/11\/KMS-11516-1-150x100.jpg\" \/><img loading=\"lazy\" decoding=\"async\" class=\"alignnone size-thumbnail wp-image-10091\" src=\"http:\/\/www.kameks.net\/wp-content\/uploads\/2023\/02\/KMS11516-150x100.jpg\" alt=\"\" width=\"150\" height=\"100\" srcset=\"https:\/\/www.kameks.net\/wp-content\/uploads\/2023\/02\/KMS11516-150x100.jpg 150w, https:\/\/www.kameks.net\/wp-content\/uploads\/2023\/02\/KMS11516-300x200.jpg 300w, https:\/\/www.kameks.net\/wp-content\/uploads\/2023\/02\/KMS11516-1024x683.jpg 1024w, https:\/\/www.kameks.net\/wp-content\/uploads\/2023\/02\/KMS11516-768x512.jpg 768w, https:\/\/www.kameks.net\/wp-content\/uploads\/2023\/02\/KMS11516-1536x1024.jpg 1536w, https:\/\/www.kameks.net\/wp-content\/uploads\/2023\/02\/KMS11516-18x12.jpg 18w, https:\/\/www.kameks.net\/wp-content\/uploads\/2023\/02\/KMS11516.jpg 1800w\" sizes=\"(max-width: 150px) 100vw, 150px\" \/><\/a><\/td><td class=\"column-2\">KMS 11516<\/td><td class=\"column-3\">RENAULT<\/td><td class=\"column-4\">7420 746 808<\/td><td class=\"column-5\">6 Cylindrical Camshaft<\/td><td class=\"column-6\">Steel<\/td><\/tr><tr class=\"row-11 odd\"><td class=\"column-1\"><a href=\"http:\/\/web.archive.org\/web\/20200811193304\/https:\/\/www.kameks.net\/wp-content\/uploads\/2019\/01\/KMS-11518D.jpg\" rel=\"prettyPhoto[6421]\"><img decoding=\"async\" src=\"http:\/\/web.archive.org\/web\/20200811193304im_\/https:\/\/www.kameks.net\/wp-content\/plugins\/wp-fastest-cache-premium\/pro\/images\/blank.gif\" alt=\"KMS 11518D\" data-wpfc-original-src=\"\/wp-content\/uploads\/2019\/01\/KMS-11518D-150x100.jpg\" \/><img loading=\"lazy\" decoding=\"async\" class=\"alignnone size-thumbnail wp-image-10092\" src=\"http:\/\/www.kameks.net\/wp-content\/uploads\/2023\/02\/KMS11518D-7421426367-150x100.jpg\" alt=\"\" width=\"150\" height=\"100\" srcset=\"https:\/\/www.kameks.net\/wp-content\/uploads\/2023\/02\/KMS11518D-7421426367-150x100.jpg 150w, https:\/\/www.kameks.net\/wp-content\/uploads\/2023\/02\/KMS11518D-7421426367-300x200.jpg 300w, https:\/\/www.kameks.net\/wp-content\/uploads\/2023\/02\/KMS11518D-7421426367-1024x683.jpg 1024w, https:\/\/www.kameks.net\/wp-content\/uploads\/2023\/02\/KMS11518D-7421426367-768x512.jpg 768w, https:\/\/www.kameks.net\/wp-content\/uploads\/2023\/02\/KMS11518D-7421426367-1536x1024.jpg 1536w, https:\/\/www.kameks.net\/wp-content\/uploads\/2023\/02\/KMS11518D-7421426367-18x12.jpg 18w, https:\/\/www.kameks.net\/wp-content\/uploads\/2023\/02\/KMS11518D-7421426367.jpg 1800w\" sizes=\"(max-width: 150px) 100vw, 150px\" \/><\/a><\/td><td class=\"column-2\">KMS 11518D<\/td><td class=\"column-3\">RENAULT<\/td><td class=\"column-4\">7421 426 367<\/td><td class=\"column-5\">MIDLUM 280 (Geared)<\/td><td class=\"column-6\">Steel<\/td><\/tr><\/tbody><\/table><\/div><\/div><\/div><div class=\"wpb_text_column wpb_content_element\"><div class=\"wpb_wrapper\"><blockquote><p>All brand and OEM numbers are for identification purposes only, do not imply genuine products.<\/p><\/blockquote><\/div><\/div>\t\t\t\t\t\t\t\t<\/div>\n\t\t\t\t<\/div>\n\t\t\t\t\t<\/div>\n\t\t<\/div>\n\t\t\t\t\t<\/div>\n\t\t<\/section>\n\t\t\t\t<\/div>","protected":false},"excerpt":{"rendered":"<p>\u00dcR\u00dcNLER KAMEKS KODU MARKA OEM NO A\u00c7IKLAMA MATERYAL KMS 12703 RENAULT 7485 137 006 MIDLUM 180 \u00c7elik KMS 12701 RENAULT 5010 550 876 D11 PREMIUM 420 Euro3 \u00c7elik KMS 12702 RENAULT 5010 553 796 210 \u00c7elik KMS 11502 RENAULT 7403 [&hellip;]<\/p>","protected":false},"author":1,"featured_media":0,"parent":9414,"menu_order":0,"comment_status":"closed","ping_status":"closed","template":"","meta":{"footnotes":""},"yst_prominent_words":[],"class_list":["post-9529","page","type-page","status-publish","hentry"],"_links":{"self":[{"href":"https:\/\/www.kameks.net\/en\/wp-json\/wp\/v2\/pages\/9529","targetHints":{"allow":["GET"]}}],"collection":[{"href":"https:\/\/www.kameks.net\/en\/wp-json\/wp\/v2\/pages"}],"about":[{"href":"https:\/\/www.kameks.net\/en\/wp-json\/wp\/v2\/types\/page"}],"author":[{"embeddable":true,"href":"https:\/\/www.kameks.net\/en\/wp-json\/wp\/v2\/users\/1"}],"replies":[{"embeddable":true,"href":"https:\/\/www.kameks.net\/en\/wp-json\/wp\/v2\/comments?post=9529"}],"version-history":[{"count":11,"href":"https:\/\/www.kameks.net\/en\/wp-json\/wp\/v2\/pages\/9529\/revisions"}],"predecessor-version":[{"id":10939,"href":"https:\/\/www.kameks.net\/en\/wp-json\/wp\/v2\/pages\/9529\/revisions\/10939"}],"up":[{"embeddable":true,"href":"https:\/\/www.kameks.net\/en\/wp-json\/wp\/v2\/pages\/9414"}],"wp:attachment":[{"href":"https:\/\/www.kameks.net\/en\/wp-json\/wp\/v2\/media?parent=9529"}],"wp:term":[{"taxonomy":"yst_prominent_words","embeddable":true,"href":"https:\/\/www.kameks.net\/en\/wp-json\/wp\/v2\/yst_prominent_words?post=9529"}],"curies":[{"name":"wp","href":"https:\/\/api.w.org\/{rel}","templated":true}]}}