{"id":9531,"date":"2023-01-09T18:12:59","date_gmt":"2023-01-09T15:12:59","guid":{"rendered":"https:\/\/www.kameks.net\/?page_id=9531"},"modified":"2025-05-30T09:30:54","modified_gmt":"2025-05-30T06:30:54","slug":"renault-binek","status":"publish","type":"page","link":"https:\/\/www.kameks.net\/en\/urunler\/standart-eksantrik-milleri\/renault-binek\/","title":{"rendered":"Renault (Passenger)"},"content":{"rendered":"<div data-elementor-type=\"wp-page\" data-elementor-id=\"9531\" class=\"elementor elementor-9531\">\n\t\t\t\t\t\t<section class=\"elementor-section elementor-top-section elementor-element elementor-element-7447f4a0 elementor-section-boxed elementor-section-height-default elementor-section-height-default mkdf-parallax-row-no mkdf-content-aligment-left mkdf-elementor-row-grid-no mkdf-disabled-bg-image-bellow-no mkdf-row-btt-light\" data-id=\"7447f4a0\" data-element_type=\"section\">\n\t\t\t\t\t\t<div class=\"elementor-container elementor-column-gap-default\">\n\t\t\t\t\t<div class=\"elementor-column elementor-col-100 elementor-top-column elementor-element elementor-element-2bc67732\" data-id=\"2bc67732\" data-element_type=\"column\">\n\t\t\t<div class=\"elementor-widget-wrap elementor-element-populated\">\n\t\t\t\t\t\t<div class=\"elementor-element elementor-element-1f51d4fd elementor-widget elementor-widget-text-editor\" data-id=\"1f51d4fd\" data-element_type=\"widget\" data-widget_type=\"text-editor.default\">\n\t\t\t\t<div class=\"elementor-widget-container\">\n\t\t\t\t\t\t\t\t\t<div class=\"wpb_text_column wpb_content_element\"><div class=\"wpb_wrapper\"><div id=\"tablepress-renault_tr-scroll-wrapper\" class=\"tablepress-scroll-wrapper\"><div id=\"tablepress-renault_tr_wrapper\" class=\"dataTables_wrapper no-footer\"><table id=\"tablepress-renault_tr\" class=\"tablepress tablepress-id-renault_tr dataTable no-footer\" role=\"grid\"><thead><tr class=\"row-1 odd\" role=\"row\"><th class=\"column-2 sorting_disabled\" colspan=\"1\" rowspan=\"1\">\u00dcR\u00dcNLER<\/th><th class=\"column-3 sorting_disabled\" colspan=\"1\" rowspan=\"1\">KAMEKS CODE<\/th><th class=\"column-4 sorting_disabled\" colspan=\"1\" rowspan=\"1\">Brand<\/th><th class=\"column-5 sorting_disabled\" colspan=\"1\" rowspan=\"1\">OEM NO<\/th><th class=\"column-6 sorting_disabled\" colspan=\"1\" rowspan=\"1\">EXPLANATION<\/th><th class=\"column-6 sorting_disabled\" colspan=\"1\" rowspan=\"1\">MATERIEL<\/th><\/tr><\/thead><tbody class=\"row-hover\"><tr class=\"row-2 even\" role=\"row\"><td class=\"column-1\"><a href=\"http:\/\/www.kameks.net\/wp-content\/uploads\/2023\/02\/KMS10501.jpg\"><img decoding=\"async\" class=\"alignnone size-thumbnail wp-image-10081\" src=\"http:\/\/www.kameks.net\/wp-content\/uploads\/2023\/02\/KMS10501-150x100.jpg\" alt=\"\" width=\"150\" height=\"100\" srcset=\"https:\/\/www.kameks.net\/wp-content\/uploads\/2023\/02\/KMS10501-150x100.jpg 150w, https:\/\/www.kameks.net\/wp-content\/uploads\/2023\/02\/KMS10501-300x200.jpg 300w, https:\/\/www.kameks.net\/wp-content\/uploads\/2023\/02\/KMS10501-1024x683.jpg 1024w, https:\/\/www.kameks.net\/wp-content\/uploads\/2023\/02\/KMS10501-768x512.jpg 768w, https:\/\/www.kameks.net\/wp-content\/uploads\/2023\/02\/KMS10501-1536x1024.jpg 1536w, https:\/\/www.kameks.net\/wp-content\/uploads\/2023\/02\/KMS10501-18x12.jpg 18w, https:\/\/www.kameks.net\/wp-content\/uploads\/2023\/02\/KMS10501.jpg 1800w\" sizes=\"(max-width: 150px) 100vw, 150px\" \/><\/a><\/td><td class=\"column-2\">KMS 10501<\/td><td class=\"column-3\">RENAULT<\/td><td class=\"column-4\">8200 084 742<\/td><td class=\"column-5\">1.9 DCI\/DTI Engine<\/td><td class=\"column-6\">Casting<\/td><\/tr><tr class=\"row-3 odd\" role=\"row\"><td class=\"column-1\"><a href=\"http:\/\/www.kameks.net\/wp-content\/uploads\/2023\/02\/KMS10502.jpg\"><img decoding=\"async\" class=\"alignnone size-thumbnail wp-image-10082\" src=\"http:\/\/www.kameks.net\/wp-content\/uploads\/2023\/02\/KMS10502-150x100.jpg\" alt=\"\" width=\"150\" height=\"100\" srcset=\"https:\/\/www.kameks.net\/wp-content\/uploads\/2023\/02\/KMS10502-150x100.jpg 150w, https:\/\/www.kameks.net\/wp-content\/uploads\/2023\/02\/KMS10502-300x200.jpg 300w, https:\/\/www.kameks.net\/wp-content\/uploads\/2023\/02\/KMS10502-1024x683.jpg 1024w, https:\/\/www.kameks.net\/wp-content\/uploads\/2023\/02\/KMS10502-768x512.jpg 768w, https:\/\/www.kameks.net\/wp-content\/uploads\/2023\/02\/KMS10502-1536x1024.jpg 1536w, https:\/\/www.kameks.net\/wp-content\/uploads\/2023\/02\/KMS10502-18x12.jpg 18w, https:\/\/www.kameks.net\/wp-content\/uploads\/2023\/02\/KMS10502.jpg 1800w\" sizes=\"(max-width: 150px) 100vw, 150px\" \/><\/a><\/td><td class=\"column-2\">KMS 10502<\/td><td class=\"column-3\">RENAULT<\/td><td class=\"column-4\">8200 089 894<\/td><td class=\"column-5\">1.5 DCI Engine<\/td><td class=\"column-6\">Steel<\/td><\/tr><tr class=\"row-4 even\" role=\"row\"><td class=\"column-1\"><a href=\"http:\/\/www.kameks.net\/wp-content\/uploads\/2023\/02\/KMS10502c-8200089894.jpg\"><img decoding=\"async\" class=\"alignnone size-thumbnail wp-image-10083\" src=\"http:\/\/www.kameks.net\/wp-content\/uploads\/2023\/02\/KMS10502c-8200089894-150x100.jpg\" alt=\"\" width=\"150\" height=\"100\" srcset=\"https:\/\/www.kameks.net\/wp-content\/uploads\/2023\/02\/KMS10502c-8200089894-150x100.jpg 150w, https:\/\/www.kameks.net\/wp-content\/uploads\/2023\/02\/KMS10502c-8200089894-300x200.jpg 300w, https:\/\/www.kameks.net\/wp-content\/uploads\/2023\/02\/KMS10502c-8200089894-1024x683.jpg 1024w, https:\/\/www.kameks.net\/wp-content\/uploads\/2023\/02\/KMS10502c-8200089894-768x512.jpg 768w, https:\/\/www.kameks.net\/wp-content\/uploads\/2023\/02\/KMS10502c-8200089894-1536x1024.jpg 1536w, https:\/\/www.kameks.net\/wp-content\/uploads\/2023\/02\/KMS10502c-8200089894-18x12.jpg 18w, https:\/\/www.kameks.net\/wp-content\/uploads\/2023\/02\/KMS10502c-8200089894.jpg 1800w\" sizes=\"(max-width: 150px) 100vw, 150px\" \/><\/a><\/td><td class=\"column-2\">KMS 10502C<\/td><td class=\"column-3\">RENAULT<\/td><td class=\"column-4\">8200 089 894<\/td><td class=\"column-5\">1.5 DCI Engine<\/td><td class=\"column-6\">Casting<\/td><\/tr><tr class=\"row-5 odd\" role=\"row\"><td class=\"column-1\">\u00a0<\/td><td class=\"column-2\">KMS 10503<\/td><td class=\"column-3\">RENAULT<\/td><td class=\"column-4\">8200 100 527<\/td><td class=\"column-5\">1.6 16V Suction<\/td><td class=\"column-6\">Steel<\/td><\/tr><tr class=\"row-6 even\" role=\"row\"><td class=\"column-1\">\u00a0<\/td><td class=\"column-2\">KMS 10504<\/td><td class=\"column-3\">RENAULT<\/td><td class=\"column-4\">8200 100 528<\/td><td class=\"column-5\">1.6 16V Exhaust<\/td><td class=\"column-6\">Steel<\/td><\/tr><tr class=\"row-4 even\" role=\"row\"><td class=\"column-1\"><a href=\"http:\/\/www.kameks.net\/wp-content\/uploads\/2024\/02\/KMS10506.jpg\"><img loading=\"lazy\" decoding=\"async\" class=\"aligncenter size-thumbnail wp-image-10637\" src=\"http:\/\/www.kameks.net\/wp-content\/uploads\/2024\/02\/KMS10506-150x100.jpg\" alt=\"\" width=\"150\" height=\"100\" srcset=\"https:\/\/www.kameks.net\/wp-content\/uploads\/2024\/02\/KMS10506-150x100.jpg 150w, https:\/\/www.kameks.net\/wp-content\/uploads\/2024\/02\/KMS10506-300x200.jpg 300w, https:\/\/www.kameks.net\/wp-content\/uploads\/2024\/02\/KMS10506-1024x683.jpg 1024w, https:\/\/www.kameks.net\/wp-content\/uploads\/2024\/02\/KMS10506-768x512.jpg 768w, https:\/\/www.kameks.net\/wp-content\/uploads\/2024\/02\/KMS10506-1536x1025.jpg 1536w, https:\/\/www.kameks.net\/wp-content\/uploads\/2024\/02\/KMS10506-18x12.jpg 18w, https:\/\/www.kameks.net\/wp-content\/uploads\/2024\/02\/KMS10506.jpg 1799w\" sizes=\"(max-width: 150px) 100vw, 150px\" \/><\/a><\/td><td class=\"column-2\">KMS 10506<\/td><td class=\"column-3\">RENAULT<\/td><td class=\"column-4\">1302 028 30R<\/td><td class=\"column-5\">1.2 16V Eksoz<\/td><td class=\"column-6\">Steel<\/td><\/tr><tr class=\"row-4 even\" role=\"row\"><td class=\"column-1\"><a href=\"http:\/\/www.kameks.net\/wp-content\/uploads\/2025\/05\/KMS-10509-kopya-scaled.jpg\"><img loading=\"lazy\" decoding=\"async\" class=\"alignnone wp-image-10798\" src=\"http:\/\/www.kameks.net\/wp-content\/uploads\/2025\/05\/KMS-10509-kopya-300x225.jpg\" alt=\"\" width=\"150\" height=\"113\" srcset=\"https:\/\/www.kameks.net\/wp-content\/uploads\/2025\/05\/KMS-10509-kopya-300x225.jpg 300w, https:\/\/www.kameks.net\/wp-content\/uploads\/2025\/05\/KMS-10509-kopya-1024x768.jpg 1024w, https:\/\/www.kameks.net\/wp-content\/uploads\/2025\/05\/KMS-10509-kopya-133x100.jpg 133w, https:\/\/www.kameks.net\/wp-content\/uploads\/2025\/05\/KMS-10509-kopya-768x576.jpg 768w, https:\/\/www.kameks.net\/wp-content\/uploads\/2025\/05\/KMS-10509-kopya-1536x1152.jpg 1536w, https:\/\/www.kameks.net\/wp-content\/uploads\/2025\/05\/KMS-10509-kopya-16x12.jpg 16w\" sizes=\"(max-width: 150px) 100vw, 150px\" \/><\/a><\/td><td class=\"column-2\">KMS 10509<\/td><td class=\"column-3\">RENAULT<\/td><td class=\"column-4\">8200978873 <br \/>8201004849<br \/>8201033581<br \/>8200679572<\/td><td class=\"column-5\"><p>1.5 DCI K9K Captur,Clio,Fluence,Kadjar,<\/p><p>Kangoo,Laguna Latitude,Megane,<\/p><p>Talisman<\/p><\/td><td class=\"column-6\">Casting<\/td><\/tr><\/tbody><\/table><\/div><\/div><\/div><\/div><div class=\"wpb_text_column wpb_content_element\"><div class=\"wpb_wrapper\"><blockquote><p>All brand and OEM numbers are for identification purposes only, do not imply genuine products.<\/p><\/blockquote><\/div><\/div>\t\t\t\t\t\t\t\t<\/div>\n\t\t\t\t<\/div>\n\t\t\t\t\t<\/div>\n\t\t<\/div>\n\t\t\t\t\t<\/div>\n\t\t<\/section>\n\t\t\t\t<\/div>","protected":false},"excerpt":{"rendered":"<p>\u00dcR\u00dcNLER KAMEKS KODU MARKA OEM NO A\u00c7IKLAMA MATERYAL KMS 10501 RENAULT 8200 084 742 1.9 DCI\/DTI Motor D\u00f6k\u00fcm KMS 10502 RENAULT 8200 089 894 1.5 DCI Motor \u00c7elik KMS 10502C RENAULT 8200 089 894 1.5 DCI Motor D\u00f6k\u00fcm \u00a0 KMS [&hellip;]<\/p>","protected":false},"author":1,"featured_media":0,"parent":9414,"menu_order":0,"comment_status":"closed","ping_status":"closed","template":"","meta":{"footnotes":""},"yst_prominent_words":[],"class_list":["post-9531","page","type-page","status-publish","hentry"],"_links":{"self":[{"href":"https:\/\/www.kameks.net\/en\/wp-json\/wp\/v2\/pages\/9531","targetHints":{"allow":["GET"]}}],"collection":[{"href":"https:\/\/www.kameks.net\/en\/wp-json\/wp\/v2\/pages"}],"about":[{"href":"https:\/\/www.kameks.net\/en\/wp-json\/wp\/v2\/types\/page"}],"author":[{"embeddable":true,"href":"https:\/\/www.kameks.net\/en\/wp-json\/wp\/v2\/users\/1"}],"replies":[{"embeddable":true,"href":"https:\/\/www.kameks.net\/en\/wp-json\/wp\/v2\/comments?post=9531"}],"version-history":[{"count":20,"href":"https:\/\/www.kameks.net\/en\/wp-json\/wp\/v2\/pages\/9531\/revisions"}],"predecessor-version":[{"id":10801,"href":"https:\/\/www.kameks.net\/en\/wp-json\/wp\/v2\/pages\/9531\/revisions\/10801"}],"up":[{"embeddable":true,"href":"https:\/\/www.kameks.net\/en\/wp-json\/wp\/v2\/pages\/9414"}],"wp:attachment":[{"href":"https:\/\/www.kameks.net\/en\/wp-json\/wp\/v2\/media?parent=9531"}],"wp:term":[{"taxonomy":"yst_prominent_words","embeddable":true,"href":"https:\/\/www.kameks.net\/en\/wp-json\/wp\/v2\/yst_prominent_words?post=9531"}],"curies":[{"name":"wp","href":"https:\/\/api.w.org\/{rel}","templated":true}]}}