{"id":9589,"date":"2023-01-09T20:17:43","date_gmt":"2023-01-09T17:17:43","guid":{"rendered":"https:\/\/www.kameks.net\/?page_id=9589"},"modified":"2023-03-16T13:07:48","modified_gmt":"2023-03-16T10:07:48","slug":"ozel-eksantrik-milleri","status":"publish","type":"page","link":"https:\/\/www.kameks.net\/en\/urunler\/ozel-eksantrik-milleri\/","title":{"rendered":"Custom Camshafts"},"content":{"rendered":"<div data-elementor-type=\"wp-page\" data-elementor-id=\"9589\" class=\"elementor elementor-9589\">\n\t\t\t\t\t\t<section class=\"elementor-section elementor-top-section elementor-element elementor-element-0593582 elementor-section-boxed elementor-section-height-default elementor-section-height-default mkdf-parallax-row-no mkdf-content-aligment-left mkdf-elementor-row-grid-no mkdf-disabled-bg-image-bellow-no mkdf-row-btt-light\" data-id=\"0593582\" data-element_type=\"section\">\n\t\t\t\t\t\t<div class=\"elementor-container elementor-column-gap-default\">\n\t\t\t\t\t<div class=\"elementor-column elementor-col-33 elementor-top-column elementor-element elementor-element-04c97bc\" data-id=\"04c97bc\" data-element_type=\"column\">\n\t\t\t<div class=\"elementor-widget-wrap elementor-element-populated\">\n\t\t\t\t\t\t<div class=\"elementor-element elementor-element-e532051 elementor-widget elementor-widget-mkdf_icon_with_text\" data-id=\"e532051\" data-element_type=\"widget\" data-widget_type=\"mkdf_icon_with_text.default\">\n\t\t\t\t<div class=\"elementor-widget-container\">\n\t\t\t\t\t<div class=\"mkdf-iwt clearfix  mkdf-iwt-icon-left-from-title  mkdf-iwt-icon-medium\" data-title-color=\"#000000\">\n\t<div class=\"mkdf-iwt-content\" >\n\t\t\t\t\t<h4 class=\"mkdf-iwt-title\" style=\"color: #000000;margin-top: -4px\">\n\t\t\t\t\t\t\t\t\t<a itemprop=\"url\" href=\"https:\/\/www.kameks.net\/en\/urunler\/standart-eksantrik-milleri\/\" target=\"_self\">\n\t\t\t\t\t\t\t\t\t<span class=\"mkdf-iwt-icon\">\n\t\t\t\t\t\t\t\t\t\t\t\t\t<img decoding=\"async\" width=\"83\" height=\"92\" src=\"https:\/\/www.kameks.net\/wp-content\/uploads\/2023\/01\/Mil-icon-1.png\" class=\"attachment-full size-full\" alt=\"\" \/>                        \t\t\t\t\t<\/span>\n\t\t\t\t\t<span class=\"mkdf-iwt-title-text\">Standard Camshafts<\/span>\n\t\t\t\t\t\t\t\t\t<\/a>\n\t\t\t\t\t\t\t<\/h4>\n\t\t\t\t\t\t\t<p class=\"mkdf-iwt-text\" style=\"margin-top: 14px\">Our products are made with original production technical standards and are used for diesel, petrol and LPG engine vehicles.\n<\/p>\n\t\t\t<\/div>\n<\/div>\t\t\t\t<\/div>\n\t\t\t\t<\/div>\n\t\t\t\t\t<\/div>\n\t\t<\/div>\n\t\t\t\t<div class=\"elementor-column elementor-col-33 elementor-top-column elementor-element elementor-element-7ccb830\" data-id=\"7ccb830\" data-element_type=\"column\">\n\t\t\t<div class=\"elementor-widget-wrap elementor-element-populated\">\n\t\t\t\t\t\t<div class=\"elementor-element elementor-element-610557b elementor-widget elementor-widget-mkdf_icon_with_text\" data-id=\"610557b\" data-element_type=\"widget\" data-widget_type=\"mkdf_icon_with_text.default\">\n\t\t\t\t<div class=\"elementor-widget-container\">\n\t\t\t\t\t<div class=\"mkdf-iwt clearfix  mkdf-iwt-icon-left-from-title  mkdf-iwt-icon-medium\" data-title-color=\"#000000\">\n\t<div class=\"mkdf-iwt-content\" >\n\t\t\t\t\t<h4 class=\"mkdf-iwt-title\" style=\"color: #000000;margin-top: -4px\">\n\t\t\t\t\t\t\t\t\t<a itemprop=\"url\" href=\"https:\/\/www.kameks.net\/en\/urunler\/performans-eksantrik-milleri\/\" target=\"_self\">\n\t\t\t\t\t\t\t\t\t<span class=\"mkdf-iwt-icon\">\n\t\t\t\t\t\t\t\t\t\t\t\t\t<img decoding=\"async\" width=\"83\" height=\"92\" src=\"https:\/\/www.kameks.net\/wp-content\/uploads\/2023\/01\/Mil-icon-1.png\" class=\"attachment-full size-full\" alt=\"\" \/>                        \t\t\t\t\t<\/span>\n\t\t\t\t\t<span class=\"mkdf-iwt-title-text\">Racing &amp; Performance Camshafts<\/span>\n\t\t\t\t\t\t\t\t\t<\/a>\n\t\t\t\t\t\t\t<\/h4>\n\t\t\t\t\t\t\t<p class=\"mkdf-iwt-text\" style=\"margin-top: 14px\">The CNC machines in our production department allow us to make precise production of different cam profiles and degrees.\n<\/p>\n\t\t\t<\/div>\n<\/div>\t\t\t\t<\/div>\n\t\t\t\t<\/div>\n\t\t\t\t\t<\/div>\n\t\t<\/div>\n\t\t\t\t<div class=\"elementor-column elementor-col-33 elementor-top-column elementor-element elementor-element-bf8533f\" data-id=\"bf8533f\" data-element_type=\"column\">\n\t\t\t<div class=\"elementor-widget-wrap elementor-element-populated\">\n\t\t\t\t\t\t<div class=\"elementor-element elementor-element-99cd2ab elementor-widget elementor-widget-mkdf_icon_with_text\" data-id=\"99cd2ab\" data-element_type=\"widget\" data-widget_type=\"mkdf_icon_with_text.default\">\n\t\t\t\t<div class=\"elementor-widget-container\">\n\t\t\t\t\t<div class=\"mkdf-iwt clearfix  mkdf-iwt-icon-left-from-title  mkdf-iwt-icon-medium\" data-title-color=\"#000000\">\n\t<div class=\"mkdf-iwt-content\" >\n\t\t\t\t\t<h4 class=\"mkdf-iwt-title\" style=\"color: #000000;margin-top: -4px\">\n\t\t\t\t\t\t\t\t\t<a itemprop=\"url\" href=\"https:\/\/www.kameks.net\/en\/urunler\/ozel-eksantrik-milleri\/\" target=\"_self\">\n\t\t\t\t\t\t\t\t\t<span class=\"mkdf-iwt-icon\">\n\t\t\t\t\t\t\t\t\t\t\t\t\t<img decoding=\"async\" width=\"83\" height=\"92\" src=\"https:\/\/www.kameks.net\/wp-content\/uploads\/2023\/01\/Mil-icon-1.png\" class=\"attachment-full size-full\" alt=\"\" \/>                        \t\t\t\t\t<\/span>\n\t\t\t\t\t<span class=\"mkdf-iwt-title-text\">Custom Camshafts<\/span>\n\t\t\t\t\t\t\t\t\t<\/a>\n\t\t\t\t\t\t\t<\/h4>\n\t\t\t\t\t\t\t<p class=\"mkdf-iwt-text\" style=\"margin-top: 14px\">In different mechanisms\nused camshaft production\nrequests are also made by our company.\nis met.\n\n<\/p>\n\t\t\t<\/div>\n<\/div>\t\t\t\t<\/div>\n\t\t\t\t<\/div>\n\t\t\t\t\t<\/div>\n\t\t<\/div>\n\t\t\t\t\t<\/div>\n\t\t<\/section>\n\t\t\t\t<section class=\"elementor-section elementor-top-section elementor-element elementor-element-0a1b1ce elementor-section-boxed elementor-section-height-default elementor-section-height-default mkdf-parallax-row-no mkdf-content-aligment-left mkdf-elementor-row-grid-no mkdf-disabled-bg-image-bellow-no mkdf-row-btt-light\" data-id=\"0a1b1ce\" data-element_type=\"section\">\n\t\t\t\t\t\t<div class=\"elementor-container elementor-column-gap-default\">\n\t\t\t\t\t<div class=\"elementor-column elementor-col-100 elementor-top-column elementor-element elementor-element-80bd8a3\" data-id=\"80bd8a3\" data-element_type=\"column\">\n\t\t\t<div class=\"elementor-widget-wrap elementor-element-populated\">\n\t\t\t\t\t\t<div class=\"elementor-element elementor-element-2bc7d36 elementor-widget elementor-widget-spacer\" data-id=\"2bc7d36\" data-element_type=\"widget\" data-widget_type=\"spacer.default\">\n\t\t\t\t<div class=\"elementor-widget-container\">\n\t\t\t\t\t\t\t<div class=\"elementor-spacer\">\n\t\t\t<div class=\"elementor-spacer-inner\"><\/div>\n\t\t<\/div>\n\t\t\t\t\t\t<\/div>\n\t\t\t\t<\/div>\n\t\t\t\t\t<\/div>\n\t\t<\/div>\n\t\t\t\t\t<\/div>\n\t\t<\/section>\n\t\t\t\t<section class=\"elementor-section elementor-top-section elementor-element elementor-element-ed7f2f5 elementor-section-boxed elementor-section-height-default elementor-section-height-default mkdf-parallax-row-no mkdf-content-aligment-left mkdf-elementor-row-grid-no mkdf-disabled-bg-image-bellow-no mkdf-row-btt-light\" data-id=\"ed7f2f5\" data-element_type=\"section\">\n\t\t\t\t\t\t<div class=\"elementor-container elementor-column-gap-default\">\n\t\t\t\t\t<div class=\"elementor-column elementor-col-50 elementor-top-column elementor-element elementor-element-e1d2cc7\" data-id=\"e1d2cc7\" data-element_type=\"column\">\n\t\t\t<div class=\"elementor-widget-wrap elementor-element-populated\">\n\t\t\t\t\t\t<div class=\"elementor-element elementor-element-02becc0 elementor-widget elementor-widget-image\" data-id=\"02becc0\" data-element_type=\"widget\" data-widget_type=\"image.default\">\n\t\t\t\t<div class=\"elementor-widget-container\">\n\t\t\t\t\t\t\t\t\t\t\t\t\t\t\t<img fetchpriority=\"high\" decoding=\"async\" width=\"1024\" height=\"683\" src=\"https:\/\/www.kameks.net\/wp-content\/uploads\/2023\/01\/DSC_2533-1024x683.jpg\" class=\"attachment-large size-large wp-image-9646\" alt=\"\" srcset=\"https:\/\/www.kameks.net\/wp-content\/uploads\/2023\/01\/DSC_2533-1024x683.jpg 1024w, https:\/\/www.kameks.net\/wp-content\/uploads\/2023\/01\/DSC_2533-300x200.jpg 300w, https:\/\/www.kameks.net\/wp-content\/uploads\/2023\/01\/DSC_2533-150x100.jpg 150w, https:\/\/www.kameks.net\/wp-content\/uploads\/2023\/01\/DSC_2533-768x512.jpg 768w, https:\/\/www.kameks.net\/wp-content\/uploads\/2023\/01\/DSC_2533-1536x1024.jpg 1536w\" sizes=\"(max-width: 1024px) 100vw, 1024px\" \/>\t\t\t\t\t\t\t\t\t\t\t\t\t\t\t<\/div>\n\t\t\t\t<\/div>\n\t\t\t\t\t<\/div>\n\t\t<\/div>\n\t\t\t\t<div class=\"elementor-column elementor-col-50 elementor-top-column elementor-element elementor-element-4f7db8a\" data-id=\"4f7db8a\" data-element_type=\"column\">\n\t\t\t<div class=\"elementor-widget-wrap elementor-element-populated\">\n\t\t\t\t\t\t<div class=\"elementor-element elementor-element-e3e5387 elementor-widget elementor-widget-text-editor\" data-id=\"e3e5387\" data-element_type=\"widget\" data-widget_type=\"text-editor.default\">\n\t\t\t\t<div class=\"elementor-widget-container\">\n\t\t\t\t\t\t\t\t\t<p><span style=\"color: #999999;\">Camshaft production demands used in different mechanisms are also met by our company.<\/span><\/p>\t\t\t\t\t\t\t\t<\/div>\n\t\t\t\t<\/div>\n\t\t\t\t\t<\/div>\n\t\t<\/div>\n\t\t\t\t\t<\/div>\n\t\t<\/section>\n\t\t\t\t<section class=\"elementor-section elementor-top-section elementor-element elementor-element-86f6383 elementor-section-boxed elementor-section-height-default elementor-section-height-default mkdf-parallax-row-no mkdf-content-aligment-left mkdf-elementor-row-grid-no mkdf-disabled-bg-image-bellow-no mkdf-row-btt-light\" data-id=\"86f6383\" data-element_type=\"section\">\n\t\t\t\t\t\t<div class=\"elementor-container elementor-column-gap-default\">\n\t\t\t\t\t<div class=\"elementor-column elementor-col-100 elementor-top-column elementor-element elementor-element-3de265a\" data-id=\"3de265a\" data-element_type=\"column\">\n\t\t\t<div class=\"elementor-widget-wrap\">\n\t\t\t\t\t\t\t<\/div>\n\t\t<\/div>\n\t\t\t\t\t<\/div>\n\t\t<\/section>\n\t\t\t\t<\/div>","protected":false},"excerpt":{"rendered":"<p>STANDART EKSANTR\u0130K M\u0130LLER\u0130 Orijinal \u00fcr\u00fcn teknik standartlar\u0131n\u0131 ta\u015f\u0131yan \u00fcr\u00fcnlerimiz dizel, benzinli ve LPG motorlu ta\u015f\u0131tlarda g\u00fcvenle kullan\u0131l\u0131yor. PERFORMANS EKSANTR\u0130K M\u0130LLER\u0130 \u00dcretim b\u00f6l\u00fcm\u00fcm\u00fczde bulunan CNC tipi \u00fcretim tezgahlar\u0131 farkl\u0131 kam profil ve derecelerinde hassas \u00fcretim yapma avantaj\u0131 sa\u011fl\u0131yor. \u00d6ZEL EKSANTR\u0130K M\u0130LLER\u0130 [&hellip;]<\/p>","protected":false},"author":1,"featured_media":0,"parent":9404,"menu_order":0,"comment_status":"closed","ping_status":"closed","template":"","meta":{"footnotes":""},"yst_prominent_words":[],"class_list":["post-9589","page","type-page","status-publish","hentry"],"_links":{"self":[{"href":"https:\/\/www.kameks.net\/en\/wp-json\/wp\/v2\/pages\/9589","targetHints":{"allow":["GET"]}}],"collection":[{"href":"https:\/\/www.kameks.net\/en\/wp-json\/wp\/v2\/pages"}],"about":[{"href":"https:\/\/www.kameks.net\/en\/wp-json\/wp\/v2\/types\/page"}],"author":[{"embeddable":true,"href":"https:\/\/www.kameks.net\/en\/wp-json\/wp\/v2\/users\/1"}],"replies":[{"embeddable":true,"href":"https:\/\/www.kameks.net\/en\/wp-json\/wp\/v2\/comments?post=9589"}],"version-history":[{"count":28,"href":"https:\/\/www.kameks.net\/en\/wp-json\/wp\/v2\/pages\/9589\/revisions"}],"predecessor-version":[{"id":10216,"href":"https:\/\/www.kameks.net\/en\/wp-json\/wp\/v2\/pages\/9589\/revisions\/10216"}],"up":[{"embeddable":true,"href":"https:\/\/www.kameks.net\/en\/wp-json\/wp\/v2\/pages\/9404"}],"wp:attachment":[{"href":"https:\/\/www.kameks.net\/en\/wp-json\/wp\/v2\/media?parent=9589"}],"wp:term":[{"taxonomy":"yst_prominent_words","embeddable":true,"href":"https:\/\/www.kameks.net\/en\/wp-json\/wp\/v2\/yst_prominent_words?post=9589"}],"curies":[{"name":"wp","href":"https:\/\/api.w.org\/{rel}","templated":true}]}}