{"id":9756,"date":"2023-01-25T00:27:00","date_gmt":"2023-01-24T21:27:00","guid":{"rendered":"https:\/\/www.kameks.net\/?page_id=9756"},"modified":"2023-01-25T00:30:09","modified_gmt":"2023-01-24T21:30:09","slug":"aydinlatma-metni","status":"publish","type":"page","link":"https:\/\/www.kameks.net\/en\/aydinlatma-metni\/","title":{"rendered":"Ayd\u0131nlatma Metni"},"content":{"rendered":"<div data-elementor-type=\"wp-page\" data-elementor-id=\"9756\" class=\"elementor elementor-9756\">\n\t\t\t\t\t\t<section class=\"elementor-section elementor-top-section elementor-element elementor-element-884003e elementor-section-boxed elementor-section-height-default elementor-section-height-default mkdf-parallax-row-no mkdf-content-aligment-left mkdf-elementor-row-grid-no mkdf-disabled-bg-image-bellow-no mkdf-row-btt-light\" data-id=\"884003e\" data-element_type=\"section\">\n\t\t\t\t\t\t<div class=\"elementor-container elementor-column-gap-default\">\n\t\t\t\t\t<div class=\"elementor-column elementor-col-100 elementor-top-column elementor-element elementor-element-0e47411\" data-id=\"0e47411\" data-element_type=\"column\">\n\t\t\t<div class=\"elementor-widget-wrap elementor-element-populated\">\n\t\t\t\t\t\t<div class=\"elementor-element elementor-element-4340f22 elementor-widget elementor-widget-text-editor\" data-id=\"4340f22\" data-element_type=\"widget\" data-widget_type=\"text-editor.default\">\n\t\t\t\t<div class=\"elementor-widget-container\">\n\t\t\t\t\t\t\t\t\t<p>Bu ayd\u0131nlatma metni, 6698 say\u0131l\u0131 Ki\u015fisel Verilerin Korunmas\u0131 Kanunu\u2019nun 10. maddesi ile Ayd\u0131nlatma Y\u00fck\u00fcml\u00fcl\u00fc\u011f\u00fcn\u00fcn Yerine Getirilmesinde Uyulacak Usul ve Esaslar Hakk\u0131nda Tebli\u011f kapsam\u0131nda haz\u0131rlanm\u0131\u015ft\u0131r.<\/p><p>\u00a0<\/p><p><b>A. Veri Sorumlusunun Kimli\u011fi:<\/b><\/p><p>\u015eirketimizin faaliyetleri gere\u011fi i\u015flenen ki\u015fisel verileriniz bak\u0131m\u0131ndan veri sorumlusu\u00a0<b>KAMEKS Eksantrik Milleri ve Mak. Par\u00e7. San. ve Tic. Ltd. \u015eti.<\/b>\u2019dir.<\/p><p><b>B. \u0130\u015flenen Ki\u015fisel Veriler Ve \u0130\u015flenme Ama\u00e7lar\u0131:<\/b><\/p><p>\u015eirketimiz taraf\u0131ndan, internet sayfam\u0131z \u00fczerinden ileti\u015fime ge\u00e7en ziyaret\u00e7ilerimizin;<\/p><p>1- Kimlik Verileri:\u00a0Ad, Soyad,\u00a0<\/p><p>2- \u0130leti\u015fim Verileri:\u00a0E-posta Adresi,<\/p><p>-\u0130leti\u015fim Faaliyetlerinin Y\u00fcr\u00fct\u00fclmesi, Talep\/\u015eikayet Takibi ama\u00e7lar\u0131yla i\u015flenmektedir.<\/p><p><b>C. Ki\u015fisel Verilerin \u0130\u015flenmesinin Hukuki Sebebi:<\/b><\/p><p>6698 say\u0131l\u0131 Ki\u015fisel Verilerin Korumas\u0131 Kanunu\u2019nun 5. maddesinde yer alan; veri sorumlusunun me\u015fru menfaati hukuki sebebine dayal\u0131 olarak i\u015flenmektedir.<\/p><p><b>D. Ki\u015fisel Verilerin Toplanma Y\u00f6ntemi:<\/b><\/p><p>Ki\u015fisel veriler, internet sayfas\u0131 \u00fczerinden doldurulan form yoluyla elde edilen bilgi ve belgelerin dijital ortamda kaydedilmesi \u015feklinde otomatik y\u00f6ntemle i\u015flenmektedir.<\/p><p><b>E. Ki\u015fisel Verilerin Aktar\u0131m\u0131:<\/b><\/p><p>6698 say\u0131l\u0131 Ki\u015fisel Verilerin Korumas\u0131 Kanunu\u2019nun 5. maddesinde yer alan hukuki sebeplere dayal\u0131 olarak i\u015flenen ki\u015fisel veriler \u00fc\u00e7\u00fcnc\u00fc ki\u015filere aktar\u0131lmamaktad\u0131r.<\/p><p><b>F. \u0130lgili Ki\u015filerin Haklar\u0131:<\/b><\/p><p>6698 say\u0131l\u0131 Ki\u015fisel Verilerin Korunmas\u0131 Kanunu\u2019nun 11. maddesine yer alan h\u00fck\u00fcmler \u00e7er\u00e7evesinde; ki\u015fisel verilerinizin i\u015flenip i\u015flenmedi\u011fini \u00f6\u011frenme, ki\u015fisel verileriniz i\u015flenmi\u015fse buna ili\u015fkin bilgi talep etme, ki\u015fisel verilerinizin i\u015flenme amac\u0131n\u0131 ve bunlar\u0131n amac\u0131na uygun kullan\u0131l\u0131p kullan\u0131lmad\u0131\u011f\u0131n\u0131 \u00f6\u011frenme, yurt i\u00e7inde veya yurt d\u0131\u015f\u0131nda ki\u015fisel verilerinizin aktar\u0131ld\u0131\u011f\u0131 \u00fc\u00e7\u00fcnc\u00fc ki\u015fileri bilme, ki\u015fisel verilerinizin eksik veya yanl\u0131\u015f i\u015flenmi\u015f olmas\u0131 h\u00e2linde bunlar\u0131n d\u00fczeltilmesini isteme, 6698 say\u0131l\u0131 Ki\u015fisel Verilerin Korunmas\u0131 Kanunu\u2019nda \u00f6ng\u00f6r\u00fclen ko\u015fullara uygun olarak ki\u015fisel verilerinizin silinmesini veya yok edilmesini isteme, eksik veya yanl\u0131\u015f olarak i\u015flenmi\u015f ki\u015fisel verilerinizin d\u00fczeltildi\u011finin veya ki\u015fisel verilerinizin silindi\u011finin ya da yok edildi\u011finin ki\u015fisel verilerinizin aktar\u0131ld\u0131\u011f\u0131 3. ki\u015filere bildirilmesini isteme, i\u015flenen verilerinizin m\u00fcnhas\u0131ran otomatik sistemler vas\u0131tas\u0131yla analiz edilmesi suretiyle aleyhinize bir sonu\u00e7 ortaya \u00e7\u0131kt\u0131\u011f\u0131na inand\u0131\u011f\u0131n\u0131z hallerde, otomatik yollarla i\u015fleme neticesinde \u00e7\u0131kan sonu\u00e7lara itiraz etme, ki\u015fisel verilerinizin Kanuna ayk\u0131r\u0131 olarak i\u015flenmesi sebebiyle zarara u\u011framan\u0131z h\u00e2linde zarar\u0131n giderilmesini talep etme haklar\u0131n\u0131z bulunmaktad\u0131r.<\/p><p><b>G. Veri Sorumlusuna Ba\u015fvuru:<\/b><\/p><p>Yukar\u0131da belirtilen haklar\u0131n kullan\u0131lmas\u0131na ili\u015fkin taleplerinizi Veri Sorumlusuna Ba\u015fvuru Usul ve Esaslar Hakk\u0131nda Tebli\u011fe g\u00f6re\u00a0<b>KAMEKS Eksantrik Milleri ve Mak. Par\u00e7. San. ve Tic. Ltd. \u015eti.<\/b>\u2019nin\u00a0<b>Ak\u00e7aburgaz Mahallesi 1584. Sokak No : 25\/1 34522 Esenyurt-\u0130stanbul<\/b>\u00a0adresine yaz\u0131l\u0131 olarak ya da\u00a0<strong><a href=\"mailto:info@kameks.net\">info@kameks.net\u00a0<\/a><\/strong> adresine e-posta yoluyla iletebilirsiniz.\u00a0<\/p><p>\u00a0<\/p><p style=\"text-align: right;\"><strong>Son G\u00fcncelleme: 15.01.2013<\/strong><\/p>\t\t\t\t\t\t\t\t<\/div>\n\t\t\t\t<\/div>\n\t\t\t\t\t<\/div>\n\t\t<\/div>\n\t\t\t\t\t<\/div>\n\t\t<\/section>\n\t\t\t\t<\/div>","protected":false},"excerpt":{"rendered":"<p>Bu ayd\u0131nlatma metni, 6698 say\u0131l\u0131 Ki\u015fisel Verilerin Korunmas\u0131 Kanunu\u2019nun 10. maddesi ile Ayd\u0131nlatma Y\u00fck\u00fcml\u00fcl\u00fc\u011f\u00fcn\u00fcn Yerine Getirilmesinde Uyulacak Usul ve Esaslar Hakk\u0131nda Tebli\u011f kapsam\u0131nda haz\u0131rlanm\u0131\u015ft\u0131r. \u00a0 A. Veri Sorumlusunun Kimli\u011fi: \u015eirketimizin faaliyetleri gere\u011fi i\u015flenen ki\u015fisel verileriniz bak\u0131m\u0131ndan veri sorumlusu\u00a0KAMEKS Eksantrik Milleri [&hellip;]<\/p>","protected":false},"author":1,"featured_media":0,"parent":0,"menu_order":0,"comment_status":"closed","ping_status":"closed","template":"","meta":{"footnotes":""},"yst_prominent_words":[],"class_list":["post-9756","page","type-page","status-publish","hentry"],"_links":{"self":[{"href":"https:\/\/www.kameks.net\/en\/wp-json\/wp\/v2\/pages\/9756","targetHints":{"allow":["GET"]}}],"collection":[{"href":"https:\/\/www.kameks.net\/en\/wp-json\/wp\/v2\/pages"}],"about":[{"href":"https:\/\/www.kameks.net\/en\/wp-json\/wp\/v2\/types\/page"}],"author":[{"embeddable":true,"href":"https:\/\/www.kameks.net\/en\/wp-json\/wp\/v2\/users\/1"}],"replies":[{"embeddable":true,"href":"https:\/\/www.kameks.net\/en\/wp-json\/wp\/v2\/comments?post=9756"}],"version-history":[{"count":4,"href":"https:\/\/www.kameks.net\/en\/wp-json\/wp\/v2\/pages\/9756\/revisions"}],"predecessor-version":[{"id":9760,"href":"https:\/\/www.kameks.net\/en\/wp-json\/wp\/v2\/pages\/9756\/revisions\/9760"}],"wp:attachment":[{"href":"https:\/\/www.kameks.net\/en\/wp-json\/wp\/v2\/media?parent=9756"}],"wp:term":[{"taxonomy":"yst_prominent_words","embeddable":true,"href":"https:\/\/www.kameks.net\/en\/wp-json\/wp\/v2\/yst_prominent_words?post=9756"}],"curies":[{"name":"wp","href":"https:\/\/api.w.org\/{rel}","templated":true}]}}