{"id":9818,"date":"2023-01-28T16:03:16","date_gmt":"2023-01-28T13:03:16","guid":{"rendered":"https:\/\/www.kameks.net\/?page_id=9818"},"modified":"2023-03-16T11:26:35","modified_gmt":"2023-03-16T08:26:35","slug":"kalite","status":"publish","type":"page","link":"https:\/\/www.kameks.net\/en\/kalite\/","title":{"rendered":"Quality"},"content":{"rendered":"<div data-elementor-type=\"wp-page\" data-elementor-id=\"9818\" class=\"elementor elementor-9818\">\n\t\t\t\t\t\t<section class=\"elementor-section elementor-top-section elementor-element elementor-element-9cc42ad elementor-section-boxed elementor-section-height-default elementor-section-height-default mkdf-parallax-row-no mkdf-content-aligment-left mkdf-elementor-row-grid-no mkdf-disabled-bg-image-bellow-no mkdf-row-btt-light\" data-id=\"9cc42ad\" data-element_type=\"section\">\n\t\t\t\t\t\t<div class=\"elementor-container elementor-column-gap-default\">\n\t\t\t\t\t<div class=\"elementor-column elementor-col-50 elementor-top-column elementor-element elementor-element-4ff5413\" data-id=\"4ff5413\" data-element_type=\"column\">\n\t\t\t<div class=\"elementor-widget-wrap elementor-element-populated\">\n\t\t\t\t\t\t<div class=\"elementor-element elementor-element-017f39b elementor-widget elementor-widget-image\" data-id=\"017f39b\" data-element_type=\"widget\" data-widget_type=\"image.default\">\n\t\t\t\t<div class=\"elementor-widget-container\">\n\t\t\t\t\t\t\t\t\t\t\t\t\t\t\t<img fetchpriority=\"high\" decoding=\"async\" width=\"724\" height=\"1024\" src=\"https:\/\/www.kameks.net\/wp-content\/uploads\/2023\/03\/serti-724x1024.png\" class=\"attachment-large size-large wp-image-10357\" alt=\"\" srcset=\"https:\/\/www.kameks.net\/wp-content\/uploads\/2023\/03\/serti-724x1024.png 724w, https:\/\/www.kameks.net\/wp-content\/uploads\/2023\/03\/serti-212x300.png 212w, https:\/\/www.kameks.net\/wp-content\/uploads\/2023\/03\/serti-71x100.png 71w, https:\/\/www.kameks.net\/wp-content\/uploads\/2023\/03\/serti-768x1086.png 768w, https:\/\/www.kameks.net\/wp-content\/uploads\/2023\/03\/serti-1087x1536.png 1087w, https:\/\/www.kameks.net\/wp-content\/uploads\/2023\/03\/serti-1449x2048.png 1449w, https:\/\/www.kameks.net\/wp-content\/uploads\/2023\/03\/serti-8x12.png 8w\" sizes=\"(max-width: 724px) 100vw, 724px\" \/>\t\t\t\t\t\t\t\t\t\t\t\t\t\t\t<\/div>\n\t\t\t\t<\/div>\n\t\t\t\t\t<\/div>\n\t\t<\/div>\n\t\t\t\t<div class=\"elementor-column elementor-col-50 elementor-top-column elementor-element elementor-element-99ce8fe\" data-id=\"99ce8fe\" data-element_type=\"column\">\n\t\t\t<div class=\"elementor-widget-wrap elementor-element-populated\">\n\t\t\t\t\t\t<div class=\"elementor-element elementor-element-20aba96 elementor-widget elementor-widget-heading\" data-id=\"20aba96\" data-element_type=\"widget\" data-widget_type=\"heading.default\">\n\t\t\t\t<div class=\"elementor-widget-container\">\n\t\t\t\t\t<h2 class=\"elementor-heading-title elementor-size-default\">Quality Certificate<\/h2>\t\t\t\t<\/div>\n\t\t\t\t<\/div>\n\t\t\t\t<div class=\"elementor-element elementor-element-d82795d elementor-widget elementor-widget-text-editor\" data-id=\"d82795d\" data-element_type=\"widget\" data-widget_type=\"text-editor.default\">\n\t\t\t\t<div class=\"elementor-widget-container\">\n\t\t\t\t\t\t\t\t\t<p><span style=\"color: #999999;\"><span style=\"text-align: center; background-color: #ffffff;\">ISO 9001:2015 in our company\u00a0<\/span>The quality management system is effectively implemented in all processes.<\/span><\/p><p><span style=\"color: #999999;\">Product quality is ensured by actively applied procedures in our product development, purchasing, production and shipment processes.<\/span><\/p>\t\t\t\t\t\t\t\t<\/div>\n\t\t\t\t<\/div>\n\t\t\t\t<div class=\"elementor-element elementor-element-564af02 elementor-widget elementor-widget-image-gallery\" data-id=\"564af02\" data-element_type=\"widget\" data-widget_type=\"image-gallery.default\">\n\t\t\t\t<div class=\"elementor-widget-container\">\n\t\t\t\t\t\t\t<div class=\"elementor-image-gallery\">\n\t\t\t\n\t\t<style type=\"text\/css\">\n\t\t\t#gallery-1 {\n\t\t\t\tmargin: auto;\n\t\t\t}\n\t\t\t#gallery-1 .gallery-item {\n\t\t\t\tfloat: left;\n\t\t\t\tmargin-top: 10px;\n\t\t\t\ttext-align: center;\n\t\t\t\twidth: 50%;\n\t\t\t}\n\t\t\t#gallery-1 img {\n\t\t\t\tborder: 2px solid #cfcfcf;\n\t\t\t}\n\t\t\t#gallery-1 .gallery-caption {\n\t\t\t\tmargin-left: 0;\n\t\t\t}\n\t\t\t\/* see gallery_shortcode() in wp-includes\/media.php *\/\n\t\t<\/style>\n\t\t<div id='gallery-1' class='gallery galleryid-9818 gallery-columns-2 gallery-size-medium'><dl class='gallery-item'>\n\t\t\t<dt class='gallery-icon portrait'>\n\t\t\t\t<a data-elementor-open-lightbox=\"yes\" data-elementor-lightbox-slideshow=\"564af02\" data-elementor-lightbox-title=\"certi\" data-e-action-hash=\"#elementor-action%3Aaction%3Dlightbox%26settings%3DeyJpZCI6MTAzNTgsInVybCI6Imh0dHBzOlwvXC93d3cua2FtZWtzLm5ldFwvd3AtY29udGVudFwvdXBsb2Fkc1wvMjAyM1wvMDNcL2NlcnRpLnBuZyIsInNsaWRlc2hvdyI6IjU2NGFmMDIifQ%3D%3D\" href='https:\/\/www.kameks.net\/wp-content\/uploads\/2023\/03\/certi.png'><img decoding=\"async\" width=\"212\" height=\"300\" src=\"https:\/\/www.kameks.net\/wp-content\/uploads\/2023\/03\/certi-212x300.png\" class=\"attachment-medium size-medium\" alt=\"\" srcset=\"https:\/\/www.kameks.net\/wp-content\/uploads\/2023\/03\/certi-212x300.png 212w, https:\/\/www.kameks.net\/wp-content\/uploads\/2023\/03\/certi-724x1024.png 724w, https:\/\/www.kameks.net\/wp-content\/uploads\/2023\/03\/certi-71x100.png 71w, https:\/\/www.kameks.net\/wp-content\/uploads\/2023\/03\/certi-768x1086.png 768w, https:\/\/www.kameks.net\/wp-content\/uploads\/2023\/03\/certi-1087x1536.png 1087w, https:\/\/www.kameks.net\/wp-content\/uploads\/2023\/03\/certi-1449x2048.png 1449w, https:\/\/www.kameks.net\/wp-content\/uploads\/2023\/03\/certi-8x12.png 8w\" sizes=\"(max-width: 212px) 100vw, 212px\" \/><\/a>\n\t\t\t<\/dt><\/dl><dl class='gallery-item'>\n\t\t\t<dt class='gallery-icon portrait'>\n\t\t\t\t<a data-elementor-open-lightbox=\"yes\" data-elementor-lightbox-slideshow=\"564af02\" data-elementor-lightbox-title=\"zerti\" data-e-action-hash=\"#elementor-action%3Aaction%3Dlightbox%26settings%3DeyJpZCI6MTAzNTksInVybCI6Imh0dHBzOlwvXC93d3cua2FtZWtzLm5ldFwvd3AtY29udGVudFwvdXBsb2Fkc1wvMjAyM1wvMDNcL3plcnRpLnBuZyIsInNsaWRlc2hvdyI6IjU2NGFmMDIifQ%3D%3D\" href='https:\/\/www.kameks.net\/wp-content\/uploads\/2023\/03\/zerti.png'><img decoding=\"async\" width=\"212\" height=\"300\" src=\"https:\/\/www.kameks.net\/wp-content\/uploads\/2023\/03\/zerti-212x300.png\" class=\"attachment-medium size-medium\" alt=\"\" srcset=\"https:\/\/www.kameks.net\/wp-content\/uploads\/2023\/03\/zerti-212x300.png 212w, https:\/\/www.kameks.net\/wp-content\/uploads\/2023\/03\/zerti-724x1024.png 724w, https:\/\/www.kameks.net\/wp-content\/uploads\/2023\/03\/zerti-71x100.png 71w, https:\/\/www.kameks.net\/wp-content\/uploads\/2023\/03\/zerti-768x1086.png 768w, https:\/\/www.kameks.net\/wp-content\/uploads\/2023\/03\/zerti-1087x1536.png 1087w, https:\/\/www.kameks.net\/wp-content\/uploads\/2023\/03\/zerti-1449x2048.png 1449w, https:\/\/www.kameks.net\/wp-content\/uploads\/2023\/03\/zerti-8x12.png 8w\" sizes=\"(max-width: 212px) 100vw, 212px\" \/><\/a>\n\t\t\t<\/dt><\/dl><br style=\"clear: both\" \/>\n\t\t<\/div>\n\t\t<\/div>\n\t\t\t\t\t\t<\/div>\n\t\t\t\t<\/div>\n\t\t\t\t\t<\/div>\n\t\t<\/div>\n\t\t\t\t\t<\/div>\n\t\t<\/section>\n\t\t\t\t<\/div>","protected":false},"excerpt":{"rendered":"<p>Kalite Belgesi Firmam\u0131zda ISO 9001:2015\u00a0kalite y\u00f6netim sistemi t\u00fcm s\u00fcre\u00e7lerde etkin olarak uygulan\u0131yor. \u00dcr\u00fcn geli\u015ftirme, sat\u0131n alma, \u00fcretim, sevkiyat s\u00fcre\u00e7lerimizde aktif uygulanan prosed\u00fcrler ile \u00fcr\u00fcn kalitesi g\u00fcvence alt\u0131na al\u0131n\u0131yor. &nbsp;<\/p>","protected":false},"author":1,"featured_media":0,"parent":0,"menu_order":0,"comment_status":"closed","ping_status":"closed","template":"","meta":{"footnotes":""},"yst_prominent_words":[],"class_list":["post-9818","page","type-page","status-publish","hentry"],"_links":{"self":[{"href":"https:\/\/www.kameks.net\/en\/wp-json\/wp\/v2\/pages\/9818","targetHints":{"allow":["GET"]}}],"collection":[{"href":"https:\/\/www.kameks.net\/en\/wp-json\/wp\/v2\/pages"}],"about":[{"href":"https:\/\/www.kameks.net\/en\/wp-json\/wp\/v2\/types\/page"}],"author":[{"embeddable":true,"href":"https:\/\/www.kameks.net\/en\/wp-json\/wp\/v2\/users\/1"}],"replies":[{"embeddable":true,"href":"https:\/\/www.kameks.net\/en\/wp-json\/wp\/v2\/comments?post=9818"}],"version-history":[{"count":22,"href":"https:\/\/www.kameks.net\/en\/wp-json\/wp\/v2\/pages\/9818\/revisions"}],"predecessor-version":[{"id":10370,"href":"https:\/\/www.kameks.net\/en\/wp-json\/wp\/v2\/pages\/9818\/revisions\/10370"}],"wp:attachment":[{"href":"https:\/\/www.kameks.net\/en\/wp-json\/wp\/v2\/media?parent=9818"}],"wp:term":[{"taxonomy":"yst_prominent_words","embeddable":true,"href":"https:\/\/www.kameks.net\/en\/wp-json\/wp\/v2\/yst_prominent_words?post=9818"}],"curies":[{"name":"wp","href":"https:\/\/api.w.org\/{rel}","templated":true}]}}